{"id":9,"date":"2017-06-08T00:22:23","date_gmt":"2017-06-08T00:22:23","guid":{"rendered":"http:\/\/singep.org.br\/9\/?page_id=9"},"modified":"2021-07-02T11:13:50","modified_gmt":"2021-07-02T14:13:50","slug":"home","status":"publish","type":"page","link":"https:\/\/singep.org.br\/9\/home\/","title":{"rendered":"IX Singep e 9\u00aa CIK"},"content":{"rendered":"\n<p class=\"has-text-align-left\">O\u00a0<strong>IX Simp\u00f3sio Internacional de Gest\u00e3o, Projetos, Inova\u00e7\u00e3o e Sustentabilidade (IX SINGEP)<\/strong>\u00a0tem como principal objetivo ampliar o espa\u00e7o para a discuss\u00e3o dos temas: Gest\u00e3o de Projetos, Inova\u00e7\u00e3o e Empreendedorismo, Sustentabilidade, Estrat\u00e9gia, Marketing e Ind\u00fastria 4.0.<\/p>\n\n\n\n<p>O evento est\u00e1 voltado para o p\u00fablico acad\u00eamico e profissional e busca estabelecer contato entre a pr\u00e1tica e a teoria dessas quatro \u00e1reas. Tal iniciativa visa proporcionar um espa\u00e7o de relev\u00e2ncia para as discuss\u00f5es, de car\u00e1ter cient\u00edfico e tecnol\u00f3gico, no intuito de ampliar a forma\u00e7\u00e3o dos profissionais dessas \u00e1reas.<\/p>\n\n\n\n<p>\u00c9 com uma grande satisfa\u00e7\u00e3o que comunicamos a continuidade da parceria do <strong>IX SINGEP<\/strong> com a <strong>9<sup>a<\/sup>&nbsp;Confer\u00eancia Internacional do CIK<\/strong> (CYRUS Institute of Knowledge). O CIK \u00e9 um evento organizado pelos pesquisadores da Bentley University, Southern New Hampshire University e Suffolk University. Essa parceria nos proporcionar\u00e1 trazer uma programa\u00e7\u00e3o com novidades! Nesta pr\u00f3xima edi\u00e7\u00e3o do IX SINGEP teremos:&nbsp;<em>Networking<\/em>&nbsp;Pr\u00e9-evento; Cons\u00f3rcio Doutoral Internacional, Programa\u00e7\u00e3o Cultural e novos Palestrantes.<\/p>\n\n\n\n<p><strong>Fiquem atentos \u00e0s novas datas!<\/strong><\/p>\n\n\n\n<p><\/p>\n\n\n\n<h3 class=\"wp-block-heading\">Realiza\u00e7\u00e3o<\/h3>\n\n\n\n<figure class=\"wp-block-image size-large\"><img loading=\"lazy\" decoding=\"async\" width=\"443\" height=\"364\" src=\"http:\/\/singep.org.br\/9\/wp-content\/uploads\/sites\/5\/2021\/05\/logo_ppga_ppgp_2021.jpg\" alt=\"\" class=\"wp-image-6545\" srcset=\"https:\/\/singep.org.br\/9\/wp-content\/uploads\/sites\/5\/2021\/05\/logo_ppga_ppgp_2021.jpg 443w, https:\/\/singep.org.br\/9\/wp-content\/uploads\/sites\/5\/2021\/05\/logo_ppga_ppgp_2021-300x247.jpg 300w, https:\/\/singep.org.br\/9\/wp-content\/uploads\/sites\/5\/2021\/05\/logo_ppga_ppgp_2021-150x123.jpg 150w\" sizes=\"auto, (max-width: 443px) 100vw, 443px\" \/><\/figure>\n","protected":false},"excerpt":{"rendered":"<p>O\u00a0IX Simp\u00f3sio Internacional de Gest\u00e3o, Projetos, Inova\u00e7\u00e3o e Sustentabilidade (IX SINGEP)\u00a0tem como principal objetivo ampliar o espa\u00e7o para a discuss\u00e3o dos temas: Gest\u00e3o de Projetos, Inova\u00e7\u00e3o e Empreendedorismo, Sustentabilidade, Estrat\u00e9gia, Marketing e Ind\u00fastria 4.0. O evento est\u00e1 voltado para o p\u00fablico acad\u00eamico e profissional e busca estabelecer contato entre a pr\u00e1tica e a teoria dessas [&hellip;]<\/p>\n","protected":false},"author":1,"featured_media":0,"parent":0,"menu_order":0,"comment_status":"closed","ping_status":"closed","template":"","meta":{"footnotes":""},"class_list":["post-9","page","type-page","status-publish","hentry"],"_links":{"self":[{"href":"https:\/\/singep.org.br\/9\/wp-json\/wp\/v2\/pages\/9","targetHints":{"allow":["GET"]}}],"collection":[{"href":"https:\/\/singep.org.br\/9\/wp-json\/wp\/v2\/pages"}],"about":[{"href":"https:\/\/singep.org.br\/9\/wp-json\/wp\/v2\/types\/page"}],"author":[{"embeddable":true,"href":"https:\/\/singep.org.br\/9\/wp-json\/wp\/v2\/users\/1"}],"replies":[{"embeddable":true,"href":"https:\/\/singep.org.br\/9\/wp-json\/wp\/v2\/comments?post=9"}],"version-history":[{"count":0,"href":"https:\/\/singep.org.br\/9\/wp-json\/wp\/v2\/pages\/9\/revisions"}],"wp:attachment":[{"href":"https:\/\/singep.org.br\/9\/wp-json\/wp\/v2\/media?parent=9"}],"curies":[{"name":"wp","href":"https:\/\/api.w.org\/{rel}","templated":true}]}}