{"id":80,"date":"2014-05-23T12:08:52","date_gmt":"2014-05-23T15:08:52","guid":{"rendered":"http:\/\/impermad.com.br\/singep\/?page_id=80"},"modified":"2021-10-18T08:19:41","modified_gmt":"2021-10-18T11:19:41","slug":"regra-das-apresentacao","status":"publish","type":"page","link":"https:\/\/singep.org.br\/9\/regras-para-submissao\/regra-das-apresentacao\/","title":{"rendered":"Regras de Apresenta\u00e7\u00e3o"},"content":{"rendered":"\n<p><strong>Os trabalhos ser\u00e3o apresentados em sess\u00f5es orais ou exposi\u00e7\u00e3o de\np\u00f4sters.<\/strong><\/p>\n\n\n\n<p>Os&nbsp;<strong>artigos\ncient\u00edficos e relatos t\u00e9cnicos<\/strong>&nbsp;ser\u00e3o apresentados em sess\u00f5es orais:<\/p>\n\n\n\n<ul class=\"wp-block-list\"><li>Cada sess\u00e3o ter\u00e1 um coordenador que tem a fun\u00e7\u00e3o de apresentar os autores, controlar o tempo de apresenta\u00e7\u00e3o e organizar a discuss\u00e3o dos trabalhos;<\/li><li>Cada trabalho ser\u00e1 apresentado em no m\u00e1ximo 15 minutos, sendo o debate promovido pelo coordenador da sess\u00e3o ao final da \u00faltima apresenta\u00e7\u00e3o.<\/li><li>A apresenta\u00e7\u00e3o dever\u00e1 ser em Power Point e a formata\u00e7\u00e3o da apresenta\u00e7\u00e3o \u00e9 livre (<a rel=\"noreferrer noopener\" href=\"https:\/\/singep.org.br\/9\/wp-content\/uploads\/sites\/5\/2021\/07\/Template_IXSINGEP_Apresentacao-de-Trabalhos_2021_novo.pptx\" data-type=\"URL\" data-id=\"https:\/\/singep.org.br\/9\/wp-content\/uploads\/sites\/5\/2021\/07\/Template_IXSINGEP_Apresentacao-de-Trabalhos_2021_novo.pptx\" target=\"_blank\">clique para baixar o template sugestivo<\/a>). Solicita-se que os apresentadores compare\u00e7am na sala com pelo menos dez (10) minutos de anteced\u00eancia.<\/li><li>Na apresenta\u00e7\u00e3o, o(s) autor(es) deve(m) apresentar seu arquivo compartilhando a tela do seu computador.<\/li><\/ul>\n\n\n\n<p><\/p>\n\n\n\n<p><strong><a rel=\"noreferrer noopener\" href=\"https:\/\/singep.org.br\/9\/wp-content\/uploads\/sites\/5\/2021\/07\/Template_IXSINGEP_Apresentacao-de-Trabalhos_2021_novo.pptx\" data-type=\"URL\" data-id=\"https:\/\/singep.org.br\/9\/wp-content\/uploads\/sites\/5\/2021\/07\/Template_IXSINGEP_Apresentacao-de-Trabalhos_2021_novo.pptx\" target=\"_blank\">Template Apresenta\u00e7\u00e3o<\/a><\/strong><\/p>\n\n\n\n<p><\/p>\n\n\n\n<p><strong><strong><u><strong>REGRAS PARA CONFEC\u00c7\u00c3O DO P\u00d4STE<\/strong><\/u><\/strong><u>R<\/u>, em caso de resumos aceitos:<\/strong><\/p>\n\n\n\n<p><strong>A elabora\u00e7\u00e3o e apresenta\u00e7\u00e3o do p\u00f4ster aceito devem seguir as orienta\u00e7\u00f5es abaixo:<\/strong><\/p>\n\n\n\n<ol class=\"wp-block-list\"><li>As sess\u00f5es de apresenta\u00e7\u00f5es de p\u00f4steres ser\u00e3o semelhantes \u00e0s de artigos cient\u00edficos.<\/li><\/ol>\n\n\n\n<ol class=\"wp-block-list\" start=\"2\"><li> As sess\u00f5es paralelas de apresenta\u00e7\u00f5es de p\u00f4steres far\u00e3o parte da programa\u00e7\u00e3o geral.<\/li><\/ol>\n\n\n\n<ol class=\"wp-block-list\" start=\"3\"><li>O p\u00f4ster deve ser confeccionado pelos autores conforme as orienta\u00e7\u00f5es do <em>template<\/em>. O <em>template<\/em> est\u00e1 dispon\u00edvel no site do evento. Os blocos do <em>template<\/em> podem ser editados para melhor adequa\u00e7\u00e3o do conte\u00fado do p\u00f4ster, todavia as caracter\u00edsticas gerais do p\u00f4ster (incluindo o cabe\u00e7alho com logo do evento) devem ser mantidas.<\/li><\/ol>\n\n\n\n<p><\/p>\n\n\n\n<p><strong><u><strong>TEMPLATE PARA CONFEC\u00c7\u00c3O DO P\u00d4STER<\/strong><\/u>:<\/strong> A utiliza\u00e7\u00e3o do <em>template<\/em> para a confec\u00e7\u00e3o do p\u00f4ster \u00e9 obrigat\u00f3ria. Arquivos que forem encaminhados sem o <em>template<\/em> ser\u00e3o automaticamente desclassificados. (<a rel=\"noreferrer noopener\" href=\"https:\/\/singep.org.br\/9\/wp-content\/uploads\/sites\/5\/2021\/09\/Template-de-Poster-IX-SINGEP.pptx\" data-type=\"URL\" data-id=\"https:\/\/singep.org.br\/9\/wp-content\/uploads\/sites\/5\/2021\/09\/Template-de-Poster-IX-SINGEP.pptx\" target=\"_blank\">clique aqui para fazer o Download<\/a>).<\/p>\n\n\n\n<ol class=\"wp-block-list\" start=\"4\"><li>O apresentador do p\u00f4ster dever\u00e1 estar presente durante toda a sess\u00e3o de apresenta\u00e7\u00e3o do seu p\u00f4ster para responder aos questionamentos.<\/li><\/ol>\n\n\n\n<ol class=\"wp-block-list\" start=\"5\"><li>Cada trabalho ser\u00e1 programado para apresenta\u00e7\u00e3o em apenas um dos dias do evento.<\/li><\/ol>\n\n\n\n<ol class=\"wp-block-list\" start=\"6\"><li>\u00c9 obrigat\u00f3rio que o t\u00edtulo do trabalho no p\u00f4ster seja id\u00eantico ao t\u00edtulo do trabalho submetido ao evento.<\/li><\/ol>\n\n\n\n<ol class=\"wp-block-list\" start=\"7\"><li>O(s) autor(es) deve(m) <strong>enviar em at\u00e9 24 horas antes do in\u00edcio do evento seu p\u00f4ster em formato PDF para o coordenador da sua sess\u00e3o<\/strong> (a ser divulgado na programa\u00e7\u00e3o completa do evento). Assim, ele poder\u00e1 projetar o p\u00f4ster durante a apresenta\u00e7\u00e3o.<\/li><\/ol>\n\n\n\n<ol class=\"wp-block-list\" start=\"8\"><li>Na apresenta\u00e7\u00e3o, o(s) autor(es) deve(m) ter um backup do p\u00f4ster dispon\u00edvel para eventuais imprevistos. Caso seja necess\u00e1rio, o(s) autor(es) pode(m) apresentar o p\u00f4ster compartilhando a tela do seu computador.<\/li><\/ol>\n\n\n\n<ol class=\"wp-block-list\" start=\"9\"><li>\u00c9 proibida a apresenta\u00e7\u00e3o:<br>\u2013 De trabalhos apresentados sem caracter\u00edsticas de um p\u00f4ster;<br>\u2013 De p\u00f4steres que n\u00e3o obede\u00e7am \u00e0s normas gerais de tamanho e legibilidade.<\/li><\/ol>\n\n\n\n<p><\/p>\n\n\n\n<p><strong><a rel=\"noreferrer noopener\" href=\"https:\/\/singep.org.br\/9\/wp-content\/uploads\/sites\/5\/2021\/09\/Template-de-Poster-IX-SINGEP.pptx\" data-type=\"URL\" data-id=\"https:\/\/singep.org.br\/9\/wp-content\/uploads\/sites\/5\/2021\/09\/Template-de-Poster-IX-SINGEP.pptx\" target=\"_blank\">Template P\u00f4ster<\/a><\/strong><\/p>\n\n\n\n<hr class=\"wp-block-separator\"\/>\n\n\n\n<p>Fundo virtual para utiliza\u00e7\u00e3o no ZOOM &#8211; modelo 1<\/p>\n\n\n\n<p><a rel=\"noreferrer noopener\" href=\"https:\/\/singep.org.br\/9\/wp-content\/uploads\/sites\/5\/2021\/10\/Fundo-SINGEP-ZOOM.png\" target=\"_blank\">Baixar fundo virtual<\/a><\/p>\n\n\n\n<figure class=\"wp-block-image size-full\"><a href=\"https:\/\/singep.org.br\/9\/wp-content\/uploads\/sites\/5\/2021\/10\/Fundo-SINGEP-ZOOM.png\"><img loading=\"lazy\" decoding=\"async\" width=\"1280\" height=\"720\" src=\"https:\/\/singep.org.br\/9\/wp-content\/uploads\/sites\/5\/2021\/10\/Fundo-SINGEP-ZOOM.png\" alt=\"\" class=\"wp-image-6890\" style=\"height: auto; max-width: 100%;\" srcset=\"https:\/\/singep.org.br\/9\/wp-content\/uploads\/sites\/5\/2021\/10\/Fundo-SINGEP-ZOOM.png 1280w, https:\/\/singep.org.br\/9\/wp-content\/uploads\/sites\/5\/2021\/10\/Fundo-SINGEP-ZOOM-300x169.png 300w, https:\/\/singep.org.br\/9\/wp-content\/uploads\/sites\/5\/2021\/10\/Fundo-SINGEP-ZOOM-1024x576.png 1024w, https:\/\/singep.org.br\/9\/wp-content\/uploads\/sites\/5\/2021\/10\/Fundo-SINGEP-ZOOM-768x432.png 768w, https:\/\/singep.org.br\/9\/wp-content\/uploads\/sites\/5\/2021\/10\/Fundo-SINGEP-ZOOM-150x84.png 150w\" sizes=\"auto, (max-width: 1280px) 100vw, 1280px\" \/><\/a><\/figure>\n\n\n\n<p>Fundo virtual para utiliza\u00e7\u00e3o no ZOOM &#8211; modelo 2<\/p>\n\n\n\n<p><a href=\"https:\/\/singep.org.br\/9\/wp-content\/uploads\/sites\/5\/2021\/10\/fundo-singep.png\" target=\"_blank\" rel=\"noreferrer noopener\">Baixar fundo virtual<\/a><\/p>\n\n\n\n<figure class=\"wp-block-image size-full\"><a href=\"https:\/\/singep.org.br\/9\/wp-content\/uploads\/sites\/5\/2021\/10\/fundo-singep.png\"><img decoding=\"async\" src=\"https:\/\/singep.org.br\/9\/wp-content\/uploads\/sites\/5\/2021\/10\/fundo-singep.png\" alt=\"\" class=\"wp-image-6890\" style=\"height: auto; max-width: 100%;\"><\/a><\/figure>\n","protected":false},"excerpt":{"rendered":"<p>Os trabalhos ser\u00e3o apresentados em sess\u00f5es orais ou exposi\u00e7\u00e3o de p\u00f4sters. Os&nbsp;artigos cient\u00edficos e relatos t\u00e9cnicos&nbsp;ser\u00e3o apresentados em sess\u00f5es orais: Cada sess\u00e3o ter\u00e1 um coordenador que tem a fun\u00e7\u00e3o de apresentar os autores, controlar o tempo de apresenta\u00e7\u00e3o e organizar a discuss\u00e3o dos trabalhos; Cada trabalho ser\u00e1 apresentado em no m\u00e1ximo 15 minutos, sendo o [&hellip;]<\/p>\n","protected":false},"author":1,"featured_media":0,"parent":32,"menu_order":0,"comment_status":"closed","ping_status":"closed","template":"","meta":{"footnotes":""},"class_list":["post-80","page","type-page","status-publish","hentry"],"_links":{"self":[{"href":"https:\/\/singep.org.br\/9\/wp-json\/wp\/v2\/pages\/80","targetHints":{"allow":["GET"]}}],"collection":[{"href":"https:\/\/singep.org.br\/9\/wp-json\/wp\/v2\/pages"}],"about":[{"href":"https:\/\/singep.org.br\/9\/wp-json\/wp\/v2\/types\/page"}],"author":[{"embeddable":true,"href":"https:\/\/singep.org.br\/9\/wp-json\/wp\/v2\/users\/1"}],"replies":[{"embeddable":true,"href":"https:\/\/singep.org.br\/9\/wp-json\/wp\/v2\/comments?post=80"}],"version-history":[{"count":11,"href":"https:\/\/singep.org.br\/9\/wp-json\/wp\/v2\/pages\/80\/revisions"}],"predecessor-version":[{"id":6925,"href":"https:\/\/singep.org.br\/9\/wp-json\/wp\/v2\/pages\/80\/revisions\/6925"}],"up":[{"embeddable":true,"href":"https:\/\/singep.org.br\/9\/wp-json\/wp\/v2\/pages\/32"}],"wp:attachment":[{"href":"https:\/\/singep.org.br\/9\/wp-json\/wp\/v2\/media?parent=80"}],"curies":[{"name":"wp","href":"https:\/\/api.w.org\/{rel}","templated":true}]}}