{"id":6491,"date":"2021-05-03T16:11:36","date_gmt":"2021-05-03T19:11:36","guid":{"rendered":"https:\/\/singep.org.br\/9\/?page_id=6491"},"modified":"2021-06-10T13:59:56","modified_gmt":"2021-06-10T16:59:56","slug":"marketing","status":"publish","type":"page","link":"https:\/\/singep.org.br\/9\/areas\/marketing\/","title":{"rendered":"Marketing"},"content":{"rendered":"\n<p><strong>L\u00edder: <\/strong><br>Evandro Luiz Lopes \u2013 Programa de P\u00f3s-Gradua\u00e7\u00e3o em Administra\u00e7\u00e3o da Universidade Nove de Julho (UNINOVE) e Escola Paulista de Pol\u00edtica, Economia e Neg\u00f3cios da Universidade Federal de S\u00e3o Paulo<\/p>\n\n\n\n<p><strong>L\u00edderes adjuntos:<\/strong><br>&#8211; Fernando de Oliveira Santini &#8211; Programa de P\u00f3s-gradua\u00e7\u00e3o em Administra\u00e7\u00e3o da Unisinos<br>&#8211; Ta\u00eds Pasquotto Andreolli &#8211; Departamento de Administra\u00e7\u00e3o da Unifesp<\/p>\n\n\n\n<h3 class=\"wp-block-heading\">Temas<\/h3>\n\n\n\n<ol class=\"wp-block-list\" type=\"1\"><li>Comportamento do consumidor<\/li><li>Marketing digital&nbsp;<\/li><li>Administra\u00e7\u00e3o de Trade, Vendas e Canais de distribui\u00e7\u00e3o<\/li><li>Administra\u00e7\u00e3o de marcas<\/li><li>Administra\u00e7\u00e3o do composto de marketing<\/li><li>Estrat\u00e9gias de Marketing<\/li><li>Marketing de Servi\u00e7os e Fideliza\u00e7\u00e3o<\/li><\/ol>\n","protected":false},"excerpt":{"rendered":"<p>L\u00edder: Evandro Luiz Lopes \u2013 Programa de P\u00f3s-Gradua\u00e7\u00e3o em Administra\u00e7\u00e3o da Universidade Nove de Julho (UNINOVE) e Escola Paulista de Pol\u00edtica, Economia e Neg\u00f3cios da Universidade Federal de S\u00e3o Paulo L\u00edderes adjuntos:&#8211; Fernando de Oliveira Santini &#8211; Programa de P\u00f3s-gradua\u00e7\u00e3o em Administra\u00e7\u00e3o da Unisinos&#8211; Ta\u00eds Pasquotto Andreolli &#8211; Departamento de Administra\u00e7\u00e3o da Unifesp Temas Comportamento [&hellip;]<\/p>\n","protected":false},"author":1,"featured_media":0,"parent":30,"menu_order":0,"comment_status":"closed","ping_status":"closed","template":"","meta":{"footnotes":""},"class_list":["post-6491","page","type-page","status-publish","hentry"],"_links":{"self":[{"href":"https:\/\/singep.org.br\/9\/wp-json\/wp\/v2\/pages\/6491","targetHints":{"allow":["GET"]}}],"collection":[{"href":"https:\/\/singep.org.br\/9\/wp-json\/wp\/v2\/pages"}],"about":[{"href":"https:\/\/singep.org.br\/9\/wp-json\/wp\/v2\/types\/page"}],"author":[{"embeddable":true,"href":"https:\/\/singep.org.br\/9\/wp-json\/wp\/v2\/users\/1"}],"replies":[{"embeddable":true,"href":"https:\/\/singep.org.br\/9\/wp-json\/wp\/v2\/comments?post=6491"}],"version-history":[{"count":0,"href":"https:\/\/singep.org.br\/9\/wp-json\/wp\/v2\/pages\/6491\/revisions"}],"up":[{"embeddable":true,"href":"https:\/\/singep.org.br\/9\/wp-json\/wp\/v2\/pages\/30"}],"wp:attachment":[{"href":"https:\/\/singep.org.br\/9\/wp-json\/wp\/v2\/media?parent=6491"}],"curies":[{"name":"wp","href":"https:\/\/api.w.org\/{rel}","templated":true}]}}