{"id":6211,"date":"2020-02-28T13:19:58","date_gmt":"2020-02-28T16:19:58","guid":{"rendered":"http:\/\/singep.org.br\/9\/?page_id=6211"},"modified":"2021-05-03T14:53:09","modified_gmt":"2021-05-03T17:53:09","slug":"coordenadores-de-areas","status":"publish","type":"page","link":"https:\/\/singep.org.br\/9\/coordenadores-de-areas\/","title":{"rendered":"Coordenadores de \u00c1reas"},"content":{"rendered":"\n<p><strong>COORDENADOR GERAL<\/strong><\/p>\n\n\n\n<p> JULIO ARAUJO CARNEIRO DA CUNHA \u2013 UNINOVE, S\u00e3o Paulo, Brasil <\/p>\n\n\n\n<p><strong>COORDENADORES DE \u00c1REAS<\/strong><\/p>\n\n\n\n<p><strong>ESTRAT\u00c9GIA \u2013 <\/strong>Benny Kramer Costa, Universidade Nove de Julho \u2013 UNINOVE, S\u00e3o Paulo, Brasil<br><strong>GEST\u00c3O DE PROJETOS<\/strong>\u00a0\u2013\u00a0 CRISTIANE DREBES PEDRON \u2013 UNINOVE, S\u00e3o Paulo, Brasil\u00a0\u00a0<br><strong>IND\u00daSTRIA 4.0<\/strong>\u00a0\u2013 GERALDO CARDOSO DE OLIVEIRA NETO,\u00a0Universidade Nove de Julho \u2013 UNINOVE, S\u00e3o Paulo, Brasil<strong> <\/strong><br><strong>INOVA\u00c7\u00c3O E EMPREENDEDORISMO\u00a0<\/strong>\u2013\u00a0 CLAUDIA BRITO SILVA CIRANI, Universidade Nove de Julho \u2013 UNINOVE, S\u00e3o Paulo, Brasil\u00a0\u00a0\u00a0<br><strong>MARKETING \u2013 EVANDRO LUIZ LOPES<\/strong>, Universidade Nove de Julho \u2013 UNINOVE, S\u00e3o Paulo, Brasil\u00a0\u00a0\u00a0<br><strong>SUSTENTABILIDADE\u00a0<\/strong>\u2013\u00a0 HEIDY RODRIGUEZ RAMOS \u2013 UNINOVE, S\u00e3o Paulo, Brasil\u00a0\u00a0<br><br><\/p>\n\n\n\n<p><\/p>\n","protected":false},"excerpt":{"rendered":"<p>COORDENADOR GERAL JULIO ARAUJO CARNEIRO DA CUNHA \u2013 UNINOVE, S\u00e3o Paulo, Brasil COORDENADORES DE \u00c1REAS ESTRAT\u00c9GIA \u2013 Benny Kramer Costa, Universidade Nove de Julho \u2013 UNINOVE, S\u00e3o Paulo, BrasilGEST\u00c3O DE PROJETOS\u00a0\u2013\u00a0 CRISTIANE DREBES PEDRON \u2013 UNINOVE, S\u00e3o Paulo, Brasil\u00a0\u00a0IND\u00daSTRIA 4.0\u00a0\u2013 GERALDO CARDOSO DE OLIVEIRA NETO,\u00a0Universidade Nove de Julho \u2013 UNINOVE, S\u00e3o Paulo, Brasil INOVA\u00c7\u00c3O E [&hellip;]<\/p>\n","protected":false},"author":1,"featured_media":0,"parent":0,"menu_order":0,"comment_status":"closed","ping_status":"closed","template":"","meta":{"footnotes":""},"class_list":["post-6211","page","type-page","status-publish","hentry"],"_links":{"self":[{"href":"https:\/\/singep.org.br\/9\/wp-json\/wp\/v2\/pages\/6211","targetHints":{"allow":["GET"]}}],"collection":[{"href":"https:\/\/singep.org.br\/9\/wp-json\/wp\/v2\/pages"}],"about":[{"href":"https:\/\/singep.org.br\/9\/wp-json\/wp\/v2\/types\/page"}],"author":[{"embeddable":true,"href":"https:\/\/singep.org.br\/9\/wp-json\/wp\/v2\/users\/1"}],"replies":[{"embeddable":true,"href":"https:\/\/singep.org.br\/9\/wp-json\/wp\/v2\/comments?post=6211"}],"version-history":[{"count":0,"href":"https:\/\/singep.org.br\/9\/wp-json\/wp\/v2\/pages\/6211\/revisions"}],"wp:attachment":[{"href":"https:\/\/singep.org.br\/9\/wp-json\/wp\/v2\/media?parent=6211"}],"curies":[{"name":"wp","href":"https:\/\/api.w.org\/{rel}","templated":true}]}}