{"id":5999,"date":"2019-08-28T21:25:27","date_gmt":"2019-08-29T00:25:27","guid":{"rendered":"http:\/\/singep.org.br\/9\/?page_id=5999"},"modified":"2021-06-24T14:46:55","modified_gmt":"2021-06-24T17:46:55","slug":"industria-4-0","status":"publish","type":"page","link":"https:\/\/singep.org.br\/9\/areas\/industria-4-0\/","title":{"rendered":"Ind\u00fastria 4.0"},"content":{"rendered":"\n<p><strong>L\u00edder: <\/strong><br>Geraldo Cardoso de Oliveira Neto \u2013 Programa de P\u00f3s-Gradua\u00e7\u00e3o em Engenharia de Produ\u00e7\u00e3o da Universidade Nove de Julho (UNINOVE)<\/p>\n\n\n\n<h3 class=\"wp-block-heading\">Temas<\/h3>\n\n\n\n<ol class=\"wp-block-list\"><li>As tecnologias habilitadoras da ind\u00fastria 4.0 e seus impactos na Engenharia de Produ\u00e7\u00e3o e na Estrat\u00e9gia e Gest\u00e3o de Opera\u00e7\u00f5es.<\/li><li>Computa\u00e7\u00e3o na nuvem (Cloud Computing) e Seguran\u00e7a Cibern\u00e9tica ou de Dados (Cyber security).<\/li><li>Gest\u00e3o de projetos e a Ind\u00fastria 4.0 e Sucesso.<\/li><li>Ind\u00fastria 4.0 e Economia Circular.<\/li><li>Internet das Coisas \u2013 IoT (Internet of Things) e Big Data Analytics.<\/li><li>Rob\u00f4s Auton\u00f4mos e Colaborativos (Autonomous Robots) e Manufatura Aditiva e Hibrida (Aditive Manufacturing, 3D printing).<\/li><li>Simula\u00e7\u00e3o e Modelagem (Digital Twin) e Integra\u00e7\u00e3o de Sistemas (Equipment Integration)<\/li><li>Supply Chain Management e industria 4.0.<\/li><\/ol>\n","protected":false},"excerpt":{"rendered":"<p>L\u00edder: Geraldo Cardoso de Oliveira Neto \u2013 Programa de P\u00f3s-Gradua\u00e7\u00e3o em Engenharia de Produ\u00e7\u00e3o da Universidade Nove de Julho (UNINOVE) Temas As tecnologias habilitadoras da ind\u00fastria 4.0 e seus impactos na Engenharia de Produ\u00e7\u00e3o e na Estrat\u00e9gia e Gest\u00e3o de Opera\u00e7\u00f5es. Computa\u00e7\u00e3o na nuvem (Cloud Computing) e Seguran\u00e7a Cibern\u00e9tica ou de Dados (Cyber security). Gest\u00e3o [&hellip;]<\/p>\n","protected":false},"author":1,"featured_media":0,"parent":30,"menu_order":0,"comment_status":"closed","ping_status":"closed","template":"","meta":{"footnotes":""},"class_list":["post-5999","page","type-page","status-publish","hentry"],"_links":{"self":[{"href":"https:\/\/singep.org.br\/9\/wp-json\/wp\/v2\/pages\/5999","targetHints":{"allow":["GET"]}}],"collection":[{"href":"https:\/\/singep.org.br\/9\/wp-json\/wp\/v2\/pages"}],"about":[{"href":"https:\/\/singep.org.br\/9\/wp-json\/wp\/v2\/types\/page"}],"author":[{"embeddable":true,"href":"https:\/\/singep.org.br\/9\/wp-json\/wp\/v2\/users\/1"}],"replies":[{"embeddable":true,"href":"https:\/\/singep.org.br\/9\/wp-json\/wp\/v2\/comments?post=5999"}],"version-history":[{"count":0,"href":"https:\/\/singep.org.br\/9\/wp-json\/wp\/v2\/pages\/5999\/revisions"}],"up":[{"embeddable":true,"href":"https:\/\/singep.org.br\/9\/wp-json\/wp\/v2\/pages\/30"}],"wp:attachment":[{"href":"https:\/\/singep.org.br\/9\/wp-json\/wp\/v2\/media?parent=5999"}],"curies":[{"name":"wp","href":"https:\/\/api.w.org\/{rel}","templated":true}]}}