{"id":4557,"date":"2015-11-10T12:50:27","date_gmt":"2015-11-10T14:50:27","guid":{"rendered":"https:\/\/singep.org.br\/?page_id=4557"},"modified":"2021-10-05T12:41:56","modified_gmt":"2021-10-05T15:41:56","slug":"premiacao","status":"publish","type":"page","link":"https:\/\/singep.org.br\/9\/premiacao\/","title":{"rendered":"Premia\u00e7\u00e3o"},"content":{"rendered":"\n<p><strong>Para concorrer \u00e0 premia\u00e7\u00e3o, o(s) autor(es) do trabalho aprovado dever(m) optar, no ato da submiss\u00e3o, pela publica\u00e7\u00e3o completa nos anais do IX SINGEP.<\/strong><\/p>\n\n\n\n<p><strong>Crit\u00e9rios adotados para a sele\u00e7\u00e3o dos melhores trabalhos do evento<\/strong>:<\/p>\n\n\n\n<ul class=\"wp-block-list\"><li>qualidade, clareza e reda\u00e7\u00e3o do texto;<\/li><li>atualidade do tema do trabalho;<\/li><li>clareza nos objetivos;<\/li><li>adequa\u00e7\u00e3o metodol\u00f3gica;<\/li><li>forma de apresenta\u00e7\u00e3o dos dados quantitativos ou qualitativos;<\/li><li>embasamento, amplitude e corre\u00e7\u00e3o face aos resultados obtidos e;<\/li><li>consist\u00eancia e abrang\u00eancia das refer\u00eancias.&nbsp;<\/li><\/ul>\n\n\n\n<p><\/p>\n\n\n\n<p><strong>*Crit\u00e9rios adotados para a sele\u00e7\u00e3o das melhores Teses e Disserta\u00e7\u00f5es<\/strong>:<\/p>\n\n\n\n<ul class=\"wp-block-list\"><li>originalidade do trabalho;<\/li><li>relev\u00e2ncia para o desenvolvimento cient\u00edfico, tecnol\u00f3gico, cultural, social e de inova\u00e7\u00e3o.<\/li><\/ul>\n\n\n\n<p>(*Modalidade restrita aos alunos dos Programas de P\u00f3s-Gradua\u00e7\u00e3o (PPGs) organizadores do evento. Ser\u00e3o consideradas as Teses e Disserta\u00e7\u00f5es defendidas no ano anterior \u00e0 realiza\u00e7\u00e3o do evento. A avalia\u00e7\u00e3o desses trabalhos ficar\u00e1 a cargo de uma comiss\u00e3o interna de cada programa).&nbsp;<\/p>\n\n\n\n<p><strong>Categorias de premia\u00e7\u00e3o:<\/strong><\/p>\n\n\n\n<p>(1) Categoria \u201cMelhor Artigo Cient\u00edfico\u201d, envolvendo a sele\u00e7\u00e3o dos seis melhores trabalhos por tema (Gest\u00e3o de Projetos, Inova\u00e7\u00e3o e Empreendedorismo, Sustentabilidade, Estrat\u00e9gia, Marketing e Ind\u00fastria 4.0);<\/p>\n\n\n\n<p>(2) Categoria \u201cMelhor Relato T\u00e9cnico\u201d, contemplando a sele\u00e7\u00e3o dos seis melhores trabalhos por tema (Gest\u00e3o de Projetos, Inova\u00e7\u00e3o e Empreendedorismo, Sustentabilidade, Estrat\u00e9gia, Marketing e Ind\u00fastria 4.0);<\/p>\n\n\n\n<p>(3) Categoria \u201cMelhor P\u00f4ster\u201d, envolvendo a sele\u00e7\u00e3o dos seis melhores trabalhos por tema (Gest\u00e3o de Projetos, Inova\u00e7\u00e3o e Empreendedorismo, Sustentabilidade, Estrat\u00e9gia, Marketing e Ind\u00fastria 4.0);<\/p>\n\n\n\n<p>(4) Categoria \u201cMelhor Trabalho do IX SINGEP\u201d, mediante sele\u00e7\u00e3o do melhor trabalho do evento; e, por fim,<\/p>\n\n\n\n<p>(5) Categoria \u201cDistin\u00e7\u00e3o de M\u00e9rito\u201d para os tr\u00eas melhores avaliadores do evento.<\/p>\n\n\n\n<p>(6) Categoria \u201cMelhor Disserta\u00e7\u00e3o\u201d, envolvendo a sele\u00e7\u00e3o das tr\u00eas melhores disserta\u00e7\u00f5es por programa (PPGA, PPGP, PPEP e MPA-GSS);<\/p>\n\n\n\n<p>(7) Categoria \u201cMelhor Tese\u201d, contemplando a sele\u00e7\u00e3o das tr\u00eas melhores teses por programa (PPGA, PPGP e PPEP).<\/p>\n","protected":false},"excerpt":{"rendered":"<p>Para concorrer \u00e0 premia\u00e7\u00e3o, o(s) autor(es) do trabalho aprovado dever(m) optar, no ato da submiss\u00e3o, pela publica\u00e7\u00e3o completa nos anais do IX SINGEP. Crit\u00e9rios adotados para a sele\u00e7\u00e3o dos melhores trabalhos do evento: qualidade, clareza e reda\u00e7\u00e3o do texto; atualidade do tema do trabalho; clareza nos objetivos; adequa\u00e7\u00e3o metodol\u00f3gica; forma de apresenta\u00e7\u00e3o dos dados quantitativos [&hellip;]<\/p>\n","protected":false},"author":1,"featured_media":0,"parent":0,"menu_order":0,"comment_status":"closed","ping_status":"open","template":"","meta":{"footnotes":""},"class_list":["post-4557","page","type-page","status-publish","hentry"],"_links":{"self":[{"href":"https:\/\/singep.org.br\/9\/wp-json\/wp\/v2\/pages\/4557","targetHints":{"allow":["GET"]}}],"collection":[{"href":"https:\/\/singep.org.br\/9\/wp-json\/wp\/v2\/pages"}],"about":[{"href":"https:\/\/singep.org.br\/9\/wp-json\/wp\/v2\/types\/page"}],"author":[{"embeddable":true,"href":"https:\/\/singep.org.br\/9\/wp-json\/wp\/v2\/users\/1"}],"replies":[{"embeddable":true,"href":"https:\/\/singep.org.br\/9\/wp-json\/wp\/v2\/comments?post=4557"}],"version-history":[{"count":0,"href":"https:\/\/singep.org.br\/9\/wp-json\/wp\/v2\/pages\/4557\/revisions"}],"wp:attachment":[{"href":"https:\/\/singep.org.br\/9\/wp-json\/wp\/v2\/media?parent=4557"}],"curies":[{"name":"wp","href":"https:\/\/api.w.org\/{rel}","templated":true}]}}