{"id":40,"date":"2014-05-23T14:14:29","date_gmt":"2014-05-23T17:14:29","guid":{"rendered":"http:\/\/impermad.com.br\/singep\/?page_id=40"},"modified":"2021-07-15T15:14:29","modified_gmt":"2021-07-15T18:14:29","slug":"formatacao-para-relato-tecnico","status":"publish","type":"page","link":"https:\/\/singep.org.br\/9\/regras-para-submissao\/formatacao-para-relato-tecnico\/","title":{"rendered":"Formata\u00e7\u00e3o para Relato T\u00e9cnico"},"content":{"rendered":"\n<p><strong>Cada autor poder\u00e1 submeter, no m\u00e1ximo, 4 trabalhos para o evento SINGEP, sendo que ser\u00e3o somente 3 trabalhos em cada modalidade.<\/strong><\/p>\n\n\n\n<p>Ex.: Um autor poder\u00e1 submeter 3 trabalhos para a modalidade artigo cient\u00edfico e 1 trabalho para a modalidade p\u00f4ster.<\/p>\n\n\n\n<p><strong>Template:<\/strong>\u00a0A utiliza\u00e7\u00e3o do template \u00e9 obrigat\u00f3ria. Arquivos que forem encaminhados sem o template ser\u00e3o automaticamente desclassificados. (<a href=\"https:\/\/singep.org.br\/9\/wp-content\/uploads\/sites\/5\/2021\/07\/template_IXSINGEP_Relato-Tecnico_2021_novo.docx\" data-type=\"URL\" data-id=\"https:\/\/singep.org.br\/9\/wp-content\/uploads\/sites\/5\/2021\/07\/template_IXSINGEP_Relato-Tecnico_2021_novo.docx\" target=\"_blank\" rel=\"noreferrer noopener\">clique aqui para fazer o Download<\/a>).<\/p>\n\n\n\n<p><strong>Editor de texto:&nbsp;<\/strong>PDF<\/p>\n\n\n\n<p><strong>Idioma:<\/strong>&nbsp;Portugu\u00eas, Ingl\u00eas ou Espanhol<\/p>\n\n\n\n<p><strong>Fonte do texto:&nbsp;<\/strong>Times New Roman, corpo 12<\/p>\n\n\n\n<p><strong>Espa\u00e7amento entre linhas:<\/strong>&nbsp;simples<\/p>\n\n\n\n<p><strong>Espa\u00e7amento entre caracteres:&nbsp;<\/strong>normal<\/p>\n\n\n\n<p><strong>Limite de p\u00e1ginas:<\/strong>&nbsp;7 a 16 p\u00e1ginas<\/p>\n\n\n\n<p><strong>Tamanho do Papel:<\/strong>&nbsp;A4<\/p>\n\n\n\n<p><strong>Margens:<\/strong>&nbsp;Superior 3cm \/ Inferior: 2 cm \/ Esquerda: 3 cm \/ Direita 2 cm<\/p>\n\n\n\n<p><strong>Par\u00e1grafo:<\/strong>&nbsp;Texto Justificado<\/p>\n\n\n\n<p><strong>Pagina\u00e7\u00e3o:<\/strong>&nbsp;Inserir n\u00famero de p\u00e1ginas no rodap\u00e9 com alinhamento ao lado\ndireito.<\/p>\n\n\n\n<p><strong>Notas:&nbsp;<\/strong>N\u00e3o devem ser colocadas no rodap\u00e9, mas inseridas como\nnotas de final de texto.<\/p>\n\n\n\n<p><strong>Figuras e Tabelas:&nbsp;<\/strong>Todas as figuras e tabelas devem ter legendas e seguir\nas normas da APA. Sendo assim, no caso de figuras (quadros, gr\u00e1ficos, desenhos,\netc.) as respectivas legendas devem ser posicionadas abaixo delas, justificadas\n\u00e0 esquerda, com fonte&nbsp;<em>Times New Roman<\/em>, tamanho 10 (dez). Nas\ntabelas, as legendas devem ser posicionadas acima delas, devem estar\ncentralizadas e tamb\u00e9m terem fonte Times New Roman, tamanho 10 (dez). Um breve\nresumo e exemplos podem ser visualizados no site da ANPAD,&nbsp;<a href=\"http:\/\/www.anpad.org.br\/diversos\/apa\/apa_tabelas_figuras.pdf\" target=\"_blank\" rel=\"noreferrer noopener\">clicando aqui<\/a>.<\/p>\n\n\n\n<p>Cita\u00e7\u00f5es\ne refer\u00eancias bibliogr\u00e1ficas: As cita\u00e7\u00f5es dever\u00e3o ser inseridas no corpo do\ntexto, de acordo com o sistema (autor-data), adicionando-se o n\u00famero da p\u00e1gina\nquando for o caso. As refer\u00eancias bibliogr\u00e1ficas dever\u00e3o ser apresentadas em\nordem alfab\u00e9tica no final do trabalho, de acordo com a norma American\nPsychological Association (APA). Um breve resumo e exemplos podem ser\nvisualizados no site da ANPAD,&nbsp;<a href=\"http:\/\/www.anpad.org.br\/diversos\/apa\/apa_citacoes_referencias.pdf\" target=\"_blank\" rel=\"noreferrer noopener\">clicando aqui<\/a>.<\/p>\n\n\n\n<p><strong>Observa\u00e7\u00f5es<\/strong><\/p>\n\n\n\n<p>Os trabalhos que n\u00e3o estejam de acordo com as caracter\u00edsticas e com os crit\u00e9rios t\u00e9cnicos exigidos pelo&nbsp;<strong>IX SINGEP<\/strong>&nbsp;n\u00e3o ter\u00e3o sua submiss\u00e3o aceita.<\/p>\n\n\n\n<p><strong>Dever\u00e1 ser enviado 1 \u00fanico arquivo, sem identifica\u00e7\u00e3o de autores, sem institui\u00e7\u00e3o e sem e-mail. Trabalhos cuja autoria seja identificada ser\u00e3o automaticamente exclu\u00eddos do evento.<\/strong><\/p>\n\n\n\n<p><strong>MODALIDADE RELATO T\u00c9CNICO<\/strong><\/p>\n\n\n\n<p>O relato t\u00e9cnico \u00e9 o produto final de um estudo (pesquisa aplicada ou produ\u00e7\u00e3o t\u00e9cnica) que descreva, de forma precisa e objetiva, a situa\u00e7\u00e3o-problema no contexto organizacional e o resultado ou a solu\u00e7\u00e3o prescritiva associada. Um relato t\u00e9cnico apresenta os resultados de uma interven\u00e7\u00e3o administrativa, t\u00e9cnica ou gerencial numa organiza\u00e7\u00e3o realizada com crit\u00e9rios metodol\u00f3gicos. S\u00e3o trabalhos acad\u00eamicos que priorizam a descri\u00e7\u00e3o do aprendizado, na forma da apresenta\u00e7\u00e3o de resultados pr\u00e1ticos, aprendizado este oriundo de experi\u00eancias vivenciadas pelas organiza\u00e7\u00f5es\/profissionais envolvidos em processos pass\u00edveis de serem gerenciados\/aperfei\u00e7oados por meio de t\u00e9cnicas de gest\u00e3o espec\u00edficas. Deve ser escrito com base no rigor cient\u00edfico e metodol\u00f3gico.<\/p>\n\n\n\n<p>Orienta\u00e7\u00e3o para o registro e desenvolvimento do relato t\u00e9cnico:<\/p>\n\n\n\n<p>\u2013 Deve privilegiar o conhecimento prescritivo, ou seja, propor (ou prescrever) solu\u00e7\u00f5es para problemas enfrentados pelas organiza\u00e7\u00f5es;<\/p>\n\n\n\n<p>\u2013 Deve ser voltado para a solu\u00e7\u00e3o de problemas de forma pr\u00e1tica, ainda que fundamentadas em disciplinas aplicadas;<\/p>\n\n\n\n<p>\u2013 Deve ter por miss\u00e3o desenvolver conhecimento sobre o que \u00e9 relevante para solucionar problemas em seu campo de pesquisa.<\/p>\n\n\n\n<p><strong>Estrutura sugerida para o relato t\u00e9cnico:<\/strong><\/p>\n\n\n\n<p>O relato t\u00e9cnico segue o formato de um artigo cient\u00edfico curto (m\u00ednimo 7 e m\u00e1ximo 16 p\u00e1ginas), incluindo ilustra\u00e7\u00f5es e refer\u00eancias.<\/p>\n\n\n\n<p><strong>Conte\u00fado do trabalho:<\/strong><\/p>\n\n\n\n<p><strong>RESUMO ESTRUTURADO&nbsp;<\/strong><em>(p\u00e1gina de submiss\u00e3o):<\/em><\/p>\n\n\n\n<p><strong>Ao submeter o relato,&nbsp;na pr\u00f3pria p\u00e1gina de envio de trabalho (etapa 1), dever\u00e1 ser preenchido o Resumo Estruturado, em que consta:&nbsp;&nbsp;<\/strong><\/p>\n\n\n\n<ul class=\"wp-block-list\"><li>T\u00edtulo do trabalho (em portugu\u00eas): letras mai\u00fasculas.<\/li><li>T\u00edtulo do trabalho (em ingl\u00eas): letras mai\u00fasculas.<\/li><li>Resumo: resumo estruturado do relato t\u00e9cnico contempla os seguintes itens e na sua composi\u00e7\u00e3o deve ter&nbsp;at\u00e9 250 palavras:<ul><li>Objetivo do estudo<\/li><li>Relev\u00e2ncia\/originalidade<\/li><li>Metodologia\/abordagem<\/li><li>Principais resultados<\/li><li>Contribui\u00e7\u00f5es te\u00f3ricas\/metodol\u00f3gicas<\/li><li>Contribui\u00e7\u00f5es sociais\/para a gest\u00e3o<\/li><\/ul><\/li><li>Palavras-chave: no m\u00ednimo tr\u00eas (3), no m\u00e1ximo cinco (5).<\/li><li>Abstract: deve ser registrado nos mesmos par\u00e2metros do resumo em portugu\u00eas.<\/li><li>Keywords: devem ser registradas nos mesmos par\u00e2metros das palavras-chave em portugu\u00eas.<\/li><\/ul>\n\n\n\n<p><strong>Estrutura sugerida do trabalho (parte textual): Arquivo em PDF \u2013 recomenda-se a seguinte estrutura (Biancolino, Kniess, Maccari, &amp; Rabechini Jr., 2012):<\/strong><\/p>\n\n\n\n<p><strong>* N\u00e3o incluir o resumo estruturado no PDF, pois ser\u00e1 gerado a partir do sistema.<\/strong><\/p>\n\n\n\n<ul class=\"wp-block-list\"><li><strong>Introdu\u00e7\u00e3o<\/strong>: A introdu\u00e7\u00e3o deve apresentar o contexto e\/ou a situa\u00e7\u00e3o-problema do estudo. Deve ser breve e clara, explicitando do que se trata o relato apresentado, qual interven\u00e7\u00e3o foi feita na organiza\u00e7\u00e3o e o que ser\u00e1 analisado, explicitando o problema a ser resolvido \/ relatado. Deve-se deixar claro ao leitor o objetivo do relato e como foi feita a pesquisa ou como os autores interpretaram as informa\u00e7\u00f5es para se chegar ao relato. Conv\u00e9m mostrar a sequ\u00eancia de se\u00e7\u00f5es do relato.<\/li><li><strong>Referencial Te\u00f3rico<\/strong>: Deve ser apresentado um referencial te\u00f3rico, relacionado com a interven\u00e7\u00e3o feita na organiza\u00e7\u00e3o em quest\u00e3o. Este referencial serve para enquadrar o relato do ponto de vista te\u00f3rico e propiciar compara\u00e7\u00f5es com a teoria existente.<\/li><li><strong>Metodologia<\/strong>: deve-se explicar detalhadamente como foi feito o relato t\u00e9cnico, ou seja, se foi executado apenas com base na experi\u00eancia profissional e pr\u00e1tica do aluno\/pesquisador, ou se outras intera\u00e7\u00f5es\/participa\u00e7\u00f5es (de outros profissionais) foram necess\u00e1rias para se atingir o objetivo do relato t\u00e9cnico. Cabe destacar, quais foram as habilidades profissionais utilizadas para a observa\u00e7\u00e3o, an\u00e1lise e solu\u00e7\u00e3o do problema, qual o tipo de abordagem foi utilizada (observa\u00e7\u00e3o direta, participa\u00e7\u00e3o direta, etc). Faz-se necess\u00e1rio deixar claro o problema a ser relatado. O m\u00e9todo deve levar em conta informa\u00e7\u00f5es prim\u00e1rias e secund\u00e1rias que precisam ser qualificadas.<\/li><li><strong>Resultados Obtidos e An\u00e1lise<\/strong>: Deve conter: Caracteriza\u00e7\u00e3o da organiza\u00e7\u00e3o e do problema analisado; Tipo de interven\u00e7\u00e3o e mecanismos adotados; Descri\u00e7\u00e3o dos resultados obtidos, An\u00e1lise dos resultados pelos autores, Confronto com a teoria revisada no referencial te\u00f3rico. Quais as contribui\u00e7\u00f5es mais relevantes para os t\u00f3picos abordados no relato. Deve ser inclu\u00edda sua relev\u00e2ncia para outros casos similares e que tipo de ensinamento profissional esta experi\u00eancia relatada deve ser socializada na comunidade de profissionais.<\/li><li><strong>Conclus\u00f5es\/Considera\u00e7\u00f5es finais<\/strong>: dever\u00e1 mostrar ao leitor argumentos de que foi poss\u00edvel atingir os objetivos propostos inicialmente. Cabe aqui apresentar propostas para empresas \/projetos que encontrem situa\u00e7\u00f5es semelhantes \u00e0 descrita. Os aspectos que limitaram o trabalho devem ser mencionados. Por fim, novas ideias de relatos ou de trabalhos de natureza t\u00e9cnica\/profissional devem ser explicitadas.<\/li><li><strong>Refer\u00eancias<\/strong><\/li><\/ul>\n","protected":false},"excerpt":{"rendered":"<p>Cada autor poder\u00e1 submeter, no m\u00e1ximo, 4 trabalhos para o evento SINGEP, sendo que ser\u00e3o somente 3 trabalhos em cada modalidade. Ex.: Um autor poder\u00e1 submeter 3 trabalhos para a modalidade artigo cient\u00edfico e 1 trabalho para a modalidade p\u00f4ster. Template:\u00a0A utiliza\u00e7\u00e3o do template \u00e9 obrigat\u00f3ria. Arquivos que forem encaminhados sem o template ser\u00e3o automaticamente [&hellip;]<\/p>\n","protected":false},"author":1,"featured_media":0,"parent":32,"menu_order":0,"comment_status":"closed","ping_status":"closed","template":"","meta":{"footnotes":""},"class_list":["post-40","page","type-page","status-publish","hentry"],"_links":{"self":[{"href":"https:\/\/singep.org.br\/9\/wp-json\/wp\/v2\/pages\/40","targetHints":{"allow":["GET"]}}],"collection":[{"href":"https:\/\/singep.org.br\/9\/wp-json\/wp\/v2\/pages"}],"about":[{"href":"https:\/\/singep.org.br\/9\/wp-json\/wp\/v2\/types\/page"}],"author":[{"embeddable":true,"href":"https:\/\/singep.org.br\/9\/wp-json\/wp\/v2\/users\/1"}],"replies":[{"embeddable":true,"href":"https:\/\/singep.org.br\/9\/wp-json\/wp\/v2\/comments?post=40"}],"version-history":[{"count":0,"href":"https:\/\/singep.org.br\/9\/wp-json\/wp\/v2\/pages\/40\/revisions"}],"up":[{"embeddable":true,"href":"https:\/\/singep.org.br\/9\/wp-json\/wp\/v2\/pages\/32"}],"wp:attachment":[{"href":"https:\/\/singep.org.br\/9\/wp-json\/wp\/v2\/media?parent=40"}],"curies":[{"name":"wp","href":"https:\/\/api.w.org\/{rel}","templated":true}]}}