{"id":32,"date":"2014-05-23T14:16:29","date_gmt":"2014-05-23T17:16:29","guid":{"rendered":"http:\/\/impermad.com.br\/singep\/?page_id=32"},"modified":"2021-05-03T16:10:30","modified_gmt":"2021-05-03T19:10:30","slug":"regras-para-submissao","status":"publish","type":"page","link":"https:\/\/singep.org.br\/9\/regras-para-submissao\/","title":{"rendered":"Regras para submiss\u00e3o"},"content":{"rendered":"\n<p><\/p>\n\n\n\n<p><\/p>\n\n\n\n<p><\/p>\n\n\n\n<p>Os autores podem submeter seus trabalhos no formato de\u00a0<strong>artigo cient\u00edfico<\/strong>,\u00a0<strong>relato t\u00e9cnico<\/strong>\u00a0ou\u00a0<strong>p\u00f4ster<\/strong>\u00a0para uma das seis \u00e1reas de interesse do evento: Gest\u00e3o de Projetos, Inova\u00e7\u00e3o e Empreendedorismo, Sustentabilidade, Estrat\u00e9gia, Marketing e Ind\u00fastria 4.0.<\/p>\n\n\n\n<p>No momento da submiss\u00e3o do artigo (texto completo), o autor poder\u00e1&nbsp;<strong>optar por&nbsp;publica\u00e7\u00e3o de texto completo ou apenas o resumo<\/strong>, em caso de aprova\u00e7\u00e3o e apresenta\u00e7\u00e3o do trabalho.<\/p>\n\n\n\n<p><strong> Cada autor poder\u00e1 submeter, no m\u00e1ximo, 4 trabalhos para o evento SINGEP, sendo que ser\u00e3o somente 3 trabalhos em cada modalidade.<\/strong><\/p>\n\n\n\n<p>Ex.: Um autor poder\u00e1 submeter 3 trabalhos para a modalidade artigo cient\u00edfico e 1 trabalho para a modalidade p\u00f4ster. <\/p>\n\n\n\n<p>Cada trabalho s\u00f3 poder\u00e1 ter at\u00e9 4 autores.<\/p>\n\n\n<div class=\"cosmo-unorderedlist bullet\"><\/p>\n<ul>\n<li><a title=\"Modalidade Artigo Cient\u00edfico\" href=\"http:\/\/singep.org.br\/9\/regras-para-submissao\/formatacao-para-artigos-cientificos\/\">Formata\u00e7\u00e3o&nbsp;Artigo Cient\u00edfico<\/a><\/li>\n<li><a title=\"Modalidade Relato T\u00e9cnico\" href=\"http:\/\/singep.org.br\/9\/regras-para-submissao\/formatacao-para-relato-tecnico\/\">Formata\u00e7\u00e3o&nbsp;Relato T\u00e9cnico<\/a><\/li>\n<li><a title=\"Modalidade P\u00f4ster\" href=\"http:\/\/singep.org.br\/9\/regras-para-submissao\/formatacao-poster\/\">Formata\u00e7\u00e3o&nbsp;P\u00f4ster<\/a><\/li>\n<\/ul>\n<p><\/div>\n\n\n\n<h3 class=\"wp-block-heading\">&nbsp;<\/h3>\n","protected":false},"excerpt":{"rendered":"<p>Os autores podem submeter seus trabalhos no formato de\u00a0artigo cient\u00edfico,\u00a0relato t\u00e9cnico\u00a0ou\u00a0p\u00f4ster\u00a0para uma das seis \u00e1reas de interesse do evento: Gest\u00e3o de Projetos, Inova\u00e7\u00e3o e Empreendedorismo, Sustentabilidade, Estrat\u00e9gia, Marketing e Ind\u00fastria 4.0. No momento da submiss\u00e3o do artigo (texto completo), o autor poder\u00e1&nbsp;optar por&nbsp;publica\u00e7\u00e3o de texto completo ou apenas o resumo, em caso de aprova\u00e7\u00e3o e [&hellip;]<\/p>\n","protected":false},"author":1,"featured_media":0,"parent":0,"menu_order":0,"comment_status":"closed","ping_status":"closed","template":"","meta":{"footnotes":""},"class_list":["post-32","page","type-page","status-publish","hentry"],"_links":{"self":[{"href":"https:\/\/singep.org.br\/9\/wp-json\/wp\/v2\/pages\/32","targetHints":{"allow":["GET"]}}],"collection":[{"href":"https:\/\/singep.org.br\/9\/wp-json\/wp\/v2\/pages"}],"about":[{"href":"https:\/\/singep.org.br\/9\/wp-json\/wp\/v2\/types\/page"}],"author":[{"embeddable":true,"href":"https:\/\/singep.org.br\/9\/wp-json\/wp\/v2\/users\/1"}],"replies":[{"embeddable":true,"href":"https:\/\/singep.org.br\/9\/wp-json\/wp\/v2\/comments?post=32"}],"version-history":[{"count":0,"href":"https:\/\/singep.org.br\/9\/wp-json\/wp\/v2\/pages\/32\/revisions"}],"wp:attachment":[{"href":"https:\/\/singep.org.br\/9\/wp-json\/wp\/v2\/media?parent=32"}],"curies":[{"name":"wp","href":"https:\/\/api.w.org\/{rel}","templated":true}]}}