{"id":28,"date":"2014-05-23T14:03:35","date_gmt":"2014-05-23T17:03:35","guid":{"rendered":"http:\/\/impermad.com.br\/singep\/?page_id=28"},"modified":"2021-08-26T11:00:27","modified_gmt":"2021-08-26T14:00:27","slug":"comite-cientifico","status":"publish","type":"page","link":"https:\/\/singep.org.br\/9\/comite-cientifico\/","title":{"rendered":"Comit\u00ea Cient\u00edfico"},"content":{"rendered":"\n<p><strong>Comit\u00ea Cient\u00edfico do IX SINGEP<\/strong><\/p>\n\n\n\n<p>Andr\u00e9 Felipe Henriques Librantz, Universidade Nove de Julho \u2013 UNINOVE, S\u00e3o Paulo, Brasil<\/p>\n\n\n\n<p>Antonio Cesar Amaru Maximiano, Universidade de S\u00e3o Paulo \u2013 USP, S\u00e3o Paulo, Brasil<\/p>\n\n\n\n<p>Benny Kramer Costa, Universidade Nove de Julho \u2013 UNINOVE, S\u00e3o Paulo, Brasil<\/p>\n\n\n\n<p>Carlos Rufin, Suffolk University, EUA<\/p>\n\n\n\n<p>Cibele Barsaline Martins, Universidade Federal de Santa Catarina \u2013 UFSC, Brasil<\/p>\n\n\n\n<p>Clandia Maffini Gomes, Universidade Federal de Santa Maria \u2013 UFSM, Rio Grande do Sul, Brasil<\/p>\n\n\n\n<p>Claudia Brito Silva Cirani, Universidade Nove de Julho \u2013 UNINOVE, S\u00e3o Paulo, Brasil<\/p>\n\n\n\n<p>Cl\u00e1udia Terezinha Kniess, UNIFESP\/USJT, S\u00e3o Paulo, Brasil<\/p>\n\n\n\n<p>Claudio Antonio Rojo, Universidade Estadual do Oeste do Paran\u00e1 \u2013 UNIOESTE, Paran\u00e1, Brasil<\/p>\n\n\n\n<p>Cristina Dai Pr\u00e1 Martens \u2013 UNINOVE, S\u00e3o Paulo, Brasil<\/p>\n\n\n\n<p>Dario De Oliveira Lima-Filho, Universidade Federal de Santa Maria \u2013 UFSM, Rio Grande do Sul, Brasil<\/p>\n\n\n\n<p>Edson Luiz Riccio, Universidade de S\u00e3o Paulo \u2013 USP, S\u00e3o Paulo, Brasil<\/p>\n\n\n\n<p>Ester Eliane Jeunon \u2013 Funda\u00e7\u00e3o Pedro Leopoldo \u2013 FPL, Minas Gerais, Brasil<\/p>\n\n\n\n<p>Fernando Antonio Ribeiro Serra, Universidade Nove de Julho \u2013 UNINOVE, S\u00e3o Paulo, Brasil<\/p>\n\n\n\n<p>Geraldo Cardoso de Oliveira Neto, Universidade Nove de Julho \u2013 UNINOVE, S\u00e3o Paulo, Brasil<\/p>\n\n\n\n<p>Geysler Rogis Flor Bertolini, Universidade Estadual do Oeste do Paran\u00e1 \u2013 UNIOESTE, Paran\u00e1, Brasil<\/p>\n\n\n\n<p>Gra\u00e7a Maria de Oliveira Miranda Silva, Instituto Superior de Economia e Gest\u00e3o \u2013 ISEG, Lisboa, Portugal<\/p>\n\n\n\n<p>Guilherme Ary Plonski, Universidade de S\u00e3o Paulo \u2013 FEA-USP, S\u00e3o Paulo, Brasil<\/p>\n\n\n\n<p>Heidy Rodriguez Ramos, Universidade Nove de Julho \u2013 UNINOVE, S\u00e3o Paulo, Brasil<\/p>\n\n\n\n<p>Heloisa Hollnagel \u2013 Universidade Federal de S\u00e3o Paulo \u2013 UNIFESP, S\u00e3o Paulo, Brasil<\/p>\n\n\n\n<p>Isabel Cristina Scafuto \u2013 UNINOVE, S\u00e3o Paulo, Brasil<\/p>\n\n\n\n<p>Ivan de Souza Dutra, Universidade Estadual de Londrina \u2013 UEL, Paran\u00e1, Brasil<\/p>\n\n\n\n<p>Jo\u00e3o Paschoalin Filho, Universidade Nove de Julho \u2013 UNINOVE, S\u00e3o Paulo, Brasil<\/p>\n\n\n\n<p>Jorge Ferreira da Silva \u2013 PUC-RIO, Rio de Janeiro, Brasil<\/p>\n\n\n\n<p>Jos\u00e9 Edson Lara \u2013 Funda\u00e7\u00e3o Pedro Leopoldo \u2013 FPL, Minas Gerais, Brasil<\/p>\n\n\n\n<p>Jos\u00e9 Eduardo Storopoli, Universidade Nove de Julho \u2013 UNINOVE, S\u00e3o Paulo, Brasil<\/p>\n\n\n\n<p>Lara Jansiski Motta, Universidade Nove de Julho \u2013 UNINOVE, S\u00e3o Paulo, Brasil<\/p>\n\n\n\n<p>L\u00facia Rejane da Rosa Gama Madruga, Universidade Federal de Santa Maria, Rio Grande do Sul, Brasil<\/p>\n\n\n\n<p>Luciano Ferreira da Silva \u2013 UNINOVE, S\u00e3o Paulo, Brasil<\/p>\n\n\n\n<p>M\u00e1rio Jos\u00e9 Batista Rom\u00e3o, ISCTE Business School \u2013 ISCTE-IUL, Lisboa, Portugal<\/p>\n\n\n\n<p>Marly Monteiro de Carvalho, Universidade de S\u00e3o Paulo \u2013 POLI-USP, S\u00e3o Paulo, Brasil<\/p>\n\n\n\n<p>Maur\u00edcio Fernandes Pereira, Universidade Federal de Santa Catarina \u2013 UFSC, Santa Catarina, Brasil<\/p>\n\n\n\n<p>Nader Asgary, Bentley University, EUA<\/p>\n\n\n\n<p>Priscila Rezende da Costa \u2013 UNINOVE, S\u00e3o Paulo, Brasil<\/p>\n\n\n\n<p>Renato Penha, Universidade Nove de Julho \u2013 UNINOVE, S\u00e3o Paulo, Brasil<\/p>\n\n\n\n<p>Ricardo Luiz Pereira Bueno \u2013 Universidade Federal de S\u00e3o Paulo \u2013 UNIFESP, Brasil<\/p>\n\n\n\n<p>Roberto Lima Ruas, Universidade Nove de Julho \u2013 UNINOVE, S\u00e3o Paulo, Brasil<\/p>\n\n\n\n<p>Roque Rabechini Jr, Universidade Nove de Julho \u2013 UNINOVE, S\u00e3o Paulo, Brasil<\/p>\n","protected":false},"excerpt":{"rendered":"<p>Comit\u00ea Cient\u00edfico do IX SINGEP Andr\u00e9 Felipe Henriques Librantz, Universidade Nove de Julho \u2013 UNINOVE, S\u00e3o Paulo, Brasil Antonio Cesar Amaru Maximiano, Universidade de S\u00e3o Paulo \u2013 USP, S\u00e3o Paulo, Brasil Benny Kramer Costa, Universidade Nove de Julho \u2013 UNINOVE, S\u00e3o Paulo, Brasil Carlos Rufin, Suffolk University, EUA Cibele Barsaline Martins, Universidade Federal de Santa [&hellip;]<\/p>\n","protected":false},"author":1,"featured_media":0,"parent":0,"menu_order":0,"comment_status":"closed","ping_status":"closed","template":"","meta":{"footnotes":""},"class_list":["post-28","page","type-page","status-publish","hentry"],"_links":{"self":[{"href":"https:\/\/singep.org.br\/9\/wp-json\/wp\/v2\/pages\/28","targetHints":{"allow":["GET"]}}],"collection":[{"href":"https:\/\/singep.org.br\/9\/wp-json\/wp\/v2\/pages"}],"about":[{"href":"https:\/\/singep.org.br\/9\/wp-json\/wp\/v2\/types\/page"}],"author":[{"embeddable":true,"href":"https:\/\/singep.org.br\/9\/wp-json\/wp\/v2\/users\/1"}],"replies":[{"embeddable":true,"href":"https:\/\/singep.org.br\/9\/wp-json\/wp\/v2\/comments?post=28"}],"version-history":[{"count":0,"href":"https:\/\/singep.org.br\/9\/wp-json\/wp\/v2\/pages\/28\/revisions"}],"wp:attachment":[{"href":"https:\/\/singep.org.br\/9\/wp-json\/wp\/v2\/media?parent=28"}],"curies":[{"name":"wp","href":"https:\/\/api.w.org\/{rel}","templated":true}]}}