{"id":102,"date":"2014-05-23T15:26:08","date_gmt":"2014-05-23T18:26:08","guid":{"rendered":"http:\/\/impermad.com.br\/singep\/?page_id=102"},"modified":"2019-10-07T21:31:31","modified_gmt":"2019-10-08T00:31:31","slug":"informacoes-uteis","status":"publish","type":"page","link":"https:\/\/singep.org.br\/9\/informacoes-uteis\/","title":{"rendered":"Informa\u00e7\u00f5es \u00dateis"},"content":{"rendered":"\n<h4 class=\"wp-block-heading\"><strong>1) Airport Bus Service<\/strong><\/h4>\n\n\n\n<p><a href=\"https:\/\/www.airportbusservice.com.br\/\">https:\/\/www.airportbusservice.com.br\/<\/a><\/p>\n\n\n\n<h4 class=\"wp-block-heading\"><strong>2) Hot\u00e9is pr\u00f3ximos ao evento<\/strong><\/h4>\n\n\n\n<p><strong>Transam\u00e9rica Executive Perdizes<\/strong><br><a href=\"http:\/\/www.transamericagroup.com.br\/br\/nossos-hoteis\/executive\/perdizes\/localizacao.aspx\" target=\"_blank\" rel=\"noreferrer noopener\">http:\/\/www.transamericagroup.com.br\/br\/nossos-hoteis\/executive\/perdizes\/localizacao.aspx<\/a><br>Rua Monte Alegre, 835 \u2013 Perdizes, S\u00e3o Paulo \u2013 SP<br>Telefone: +55 (11) 3866-1250<br>1 km de dist\u00e2ncia da Uninove \u2013 Campus Memorial<\/p>\n\n\n\n<p><strong>Plaza Inn American Loft<\/strong><br><a href=\"http:\/\/www.plazainn.com.br\/\" target=\"_blank\" rel=\"noreferrer noopener\">www.plazainn.com.br<\/a><br>Rua Turiassu, 1863 \u2013 Perdizes, S\u00e3o Paulo \u2013 SP<br>Telefone: +55 (11) 0800 283 9988<br>1,3 km de dist\u00e2ncia da Uninove \u2013 Campus Memorial<\/p>\n\n\n\n<p><strong>Hotel Panamby S\u00e3o Paulo<\/strong><br><a href=\"http:\/\/www.hotelpanambysaopaulo.com.br\/\" target=\"_blank\" rel=\"noreferrer noopener\">www.hotelpanambysaopaulo.com.br<\/a><br>Av. Ordem e Progresso, 115 \u2013 Barra Funda, S\u00e3o Paulo \u2013 SP<br>1,8 km de dist\u00e2ncia da Uninove \u2013 Campus Memorial<\/p>\n\n\n\n<p><strong>Holliday Inn Parque Anhembi<\/strong><br><a href=\"http:\/\/www.holidayanhembi.com.br\/\" target=\"_blank\" rel=\"noreferrer noopener\">http:\/\/www.holidayanhembi.com.br<\/a><br>Rua Prof. Milton Rodrigues, 100, S\u00e3o Paulo \u2013 SP<br>Telefone: + (55) 11 2107-8844 ou 0800 11 8778<br>5 km de dist\u00e2ncia da Uninove \u2013 Campus Memorial<\/p>\n\n\n\n<p><strong>Hotel Ibis S\u00e3o Paulo Expo<\/strong><br><a href=\"https:\/\/www.accorhotels.com\/pt-br\/hotel-2211-ibis-sao-paulo-barra-funda\/index.shtml\">https:\/\/www.accorhotels.com\/pt-br\/hotel-2211-ibis-sao-paulo-barra-funda\/index.shtml <\/a><br>Rua Eduardo Viana 163, Barra Funda, S\u00e3o Paulo \u2013 SP<br>Telefone: (+55) 11 33937300<br>2,6 km de dist\u00e2ncia da Uninove \u2013 Campus Memorial<\/p>\n\n\n\n<p><strong>Turiassu Hotel<\/strong><br><a href=\"http:\/\/www.hotelturiassu.com.br\/\" target=\"_blank\" rel=\"noreferrer noopener\">http:\/\/www.hotelturiassu.com.br<\/a><br>Rua Turiassu, 328 \u2013 Perdizes, S\u00e3o Paulo \u2013 SP<br>Telefone: +55 (11) 3871-1032 \/ 3865-9438<br>503 metros de dist\u00e2ncia da Uninove \u2013 Campus Memorial<\/p>\n\n\n\n<p><strong>Center Perdizes Hotel<\/strong><br>R. Traipu, 49 \u2013 Perdizes, S\u00e3o Paulo \u2013 SP<br>Telefone: +55 (11) 3826-1132<br>550 metros de dist\u00e2ncia da Uninove \u2013 Campus Memorial<\/p>\n\n\n\n<p><strong>Travel Inn Conde Luciano<\/strong><br><a href=\"http:\/\/www.travelinn.com.br\/2009\/hoteis-apto.asp?cod_hotel=8\" target=\"_blank\" rel=\"noreferrer noopener\">http:\/\/www.travelinn.com.br\/2009\/hoteis-apto.asp?cod_hotel=8<\/a><br>Rua Dr. Gabriel dos Santos, 131 \u2013 Higien\u00f3polis, S\u00e3o Paulo \u2013 SP<br>Telefone: +55 (11) 3822-6287<br>929 metros de dist\u00e2ncia da Uninove \u2013 Campus Memorial<\/p>\n\n\n\n<p><strong>Dublin Hotel<\/strong><br><a href=\"http:\/\/www.dublinhotel.com.br\/\" target=\"_blank\" rel=\"noreferrer noopener\">www.dublinhotel.com.br<\/a><br>Rua Conselheiro Brotero, 854 \u2013 Pacaembu, S\u00e3o Paulo \u2013 SP<br>Telefone: +55 (11) 3826-9833<br>819 metros de dist\u00e2ncia da Uninove \u2013 Campus Memorial<\/p>\n\n\n\n<p><strong>Luz Plaza Hotel<\/strong><br><a rel=\"noreferrer noopener\" href=\"http:\/\/www.luzplaza.com.br\/\" target=\"_blank\">www.luzplaza.com.br<\/a><br>Rua Prates, 145 \u2013 Bom Retiro \u2013 S\u00e3o Paulo \u2013 SP<br>Telefone: +55 (11) 2627-3400<br>2,9 km de dist\u00e2ncia da Uninove \u2013 Campus Memorial<\/p>\n\n\n\n<p><strong>Aparthotel Adagio S\u00e3o Paulo Barra Funda<\/strong><br><a href=\"https:\/\/www.accorhotels.com\/pt-br\/hotel-9352-aparthotel-adagio-sao-paulo-barra-funda\/index.shtml\">https:\/\/www.accorhotels.com\/pt-br\/hotel-9352-aparthotel-adagio-sao-paulo-barra-funda\/index.shtml<\/a><br>Alameda Olga,\u00a0300\u00a0&#8211;\u00a0Barra Funda\u00a0\u2013 CEP:\u00a001155040\u00a0&#8211;\u00a0SAO PAULO\u00a0&#8211; SP<br>Telefone: \u00a0<a rel=\"noreferrer noopener\" href=\"tel:+551142806100\" target=\"_blank\">+551142806100<\/a>\u00a0&#8211; E-mail:\u00a0<a rel=\"noreferrer noopener\" href=\"mailto:h9352-re@accor.com\" target=\"_blank\">h9352-re@accor.com<\/a><br>600 m de dist\u00e2ncia da Uninove \u2013 Campus Memorial<\/p>\n\n\n\n<h4 class=\"wp-block-heading\"><strong>3) Restaurantes pr\u00f3ximos \u00e0 Uninove<\/strong><\/h4>\n\n\n\n<figure class=\"wp-block-image\"><img loading=\"lazy\" decoding=\"async\" width=\"640\" height=\"480\" src=\"http:\/\/singep.org.br\/7\/wp-content\/uploads\/sites\/3\/2018\/05\/restaurantes-uninove-memorial.jpg\" alt=\"\" class=\"wp-image-5535\" srcset=\"https:\/\/singep.org.br\/9\/wp-content\/uploads\/sites\/5\/2018\/05\/restaurantes-uninove-memorial.jpg 640w, https:\/\/singep.org.br\/9\/wp-content\/uploads\/sites\/5\/2018\/05\/restaurantes-uninove-memorial-300x225.jpg 300w, https:\/\/singep.org.br\/9\/wp-content\/uploads\/sites\/5\/2018\/05\/restaurantes-uninove-memorial-150x113.jpg 150w\" sizes=\"auto, (max-width: 640px) 100vw, 640px\" \/><\/figure>\n","protected":false},"excerpt":{"rendered":"<p>1) Airport Bus Service https:\/\/www.airportbusservice.com.br\/ 2) Hot\u00e9is pr\u00f3ximos ao evento Transam\u00e9rica Executive Perdizeshttp:\/\/www.transamericagroup.com.br\/br\/nossos-hoteis\/executive\/perdizes\/localizacao.aspxRua Monte Alegre, 835 \u2013 Perdizes, S\u00e3o Paulo \u2013 SPTelefone: +55 (11) 3866-12501 km de dist\u00e2ncia da Uninove \u2013 Campus Memorial Plaza Inn American Loftwww.plazainn.com.brRua Turiassu, 1863 \u2013 Perdizes, S\u00e3o Paulo \u2013 SPTelefone: +55 (11) 0800 283 99881,3 km de dist\u00e2ncia da Uninove [&hellip;]<\/p>\n","protected":false},"author":1,"featured_media":0,"parent":0,"menu_order":0,"comment_status":"closed","ping_status":"closed","template":"","meta":{"footnotes":""},"class_list":["post-102","page","type-page","status-publish","hentry"],"_links":{"self":[{"href":"https:\/\/singep.org.br\/9\/wp-json\/wp\/v2\/pages\/102","targetHints":{"allow":["GET"]}}],"collection":[{"href":"https:\/\/singep.org.br\/9\/wp-json\/wp\/v2\/pages"}],"about":[{"href":"https:\/\/singep.org.br\/9\/wp-json\/wp\/v2\/types\/page"}],"author":[{"embeddable":true,"href":"https:\/\/singep.org.br\/9\/wp-json\/wp\/v2\/users\/1"}],"replies":[{"embeddable":true,"href":"https:\/\/singep.org.br\/9\/wp-json\/wp\/v2\/comments?post=102"}],"version-history":[{"count":0,"href":"https:\/\/singep.org.br\/9\/wp-json\/wp\/v2\/pages\/102\/revisions"}],"wp:attachment":[{"href":"https:\/\/singep.org.br\/9\/wp-json\/wp\/v2\/media?parent=102"}],"curies":[{"name":"wp","href":"https:\/\/api.w.org\/{rel}","templated":true}]}}