{"id":9,"date":"2017-06-08T00:22:23","date_gmt":"2017-06-08T00:22:23","guid":{"rendered":"http:\/\/singep.org.br\/8\/?page_id=9"},"modified":"2020-12-02T18:44:29","modified_gmt":"2020-12-02T21:44:29","slug":"home","status":"publish","type":"page","link":"https:\/\/singep.org.br\/8\/home\/","title":{"rendered":"VIII Singep e 8a CIK"},"content":{"rendered":"\n<figure class=\"wp-block-video\"><video controls src=\"https:\/\/singep.org.br\/8\/wp-content\/uploads\/2020\/10\/uninove.mp4\"><\/video><\/figure>\n\n\n\n<p>\u00c9 com uma grande satisfa\u00e7\u00e3o que comunicamos a parceria do VIII SINGEP com a 8<sup>a<\/sup> Confer\u00eancia Internacional do CIK (CYRUS Institute of Knowledge). O CIK \u00e9 um evento organizado pelos pesquisadores da Bentley University, Southern New Hampshire University e Suffolk University. Essa parceria nos proporcionou trazer uma programa\u00e7\u00e3o com novidades! Nesta pr\u00f3xima edi\u00e7\u00e3o do VIII SINGEP teremos: <em>Networking<\/em> Pr\u00e9-evento; Cons\u00f3rcio Doutoral Internacional, Programa\u00e7\u00e3o Cultural e novos Palestrantes. <\/p>\n\n\n\n<p><strong>Fiquem atentos \u00e0s novas datas!<\/strong><\/p>\n\n\n\n<p>O&nbsp;<strong>VIII Simp\u00f3sio Internacional\nde Gest\u00e3o de Projetos, Inova\u00e7\u00e3o e Sustentabilidade (VIII SINGEP)<\/strong>&nbsp;tem\ncomo principal objetivo ampliar o espa\u00e7o para a discuss\u00e3o dos temas: Gest\u00e3o de\nProjetos, Inova\u00e7\u00e3o, Sustentabilidade, Estrat\u00e9gia e Ind\u00fastria 4.0.<\/p>\n\n\n\n<p>O evento est\u00e1\nvoltado para o p\u00fablico acad\u00eamico e profissional e busca estabelecer contato\nentre a pr\u00e1tica e a teoria dessas quatro \u00e1reas. Tal iniciativa visa\nproporcionar um espa\u00e7o de relev\u00e2ncia para as discuss\u00f5es, de car\u00e1ter cient\u00edfico\ne tecnol\u00f3gico, no intuito de ampliar a forma\u00e7\u00e3o dos profissionais dessas \u00e1reas.<\/p>\n\n\n\n<h3 class=\"wp-block-heading\">Realiza\u00e7\u00e3o<\/h3>\n\n\n\n<figure class=\"wp-block-image size-large\"><img decoding=\"async\" src=\"https:\/\/singep.org.br\/8\/wp-content\/uploads\/sites\/4\/2019\/08\/logo-dos-programas-2019.jpg\" alt=\"\"\/><\/figure>\n","protected":false},"excerpt":{"rendered":"<p>\u00c9 com uma grande satisfa\u00e7\u00e3o que comunicamos a parceria do VIII SINGEP com a 8a Confer\u00eancia Internacional do CIK (CYRUS Institute of Knowledge). O CIK \u00e9 um evento organizado pelos pesquisadores da Bentley University, Southern New Hampshire University e Suffolk University. Essa parceria nos proporcionou trazer uma programa\u00e7\u00e3o com novidades! Nesta pr\u00f3xima edi\u00e7\u00e3o do VIII [&hellip;]<\/p>\n","protected":false},"author":1,"featured_media":0,"parent":0,"menu_order":0,"comment_status":"closed","ping_status":"closed","template":"","meta":{"footnotes":""},"class_list":["post-9","page","type-page","status-publish","hentry"],"_links":{"self":[{"href":"https:\/\/singep.org.br\/8\/wp-json\/wp\/v2\/pages\/9","targetHints":{"allow":["GET"]}}],"collection":[{"href":"https:\/\/singep.org.br\/8\/wp-json\/wp\/v2\/pages"}],"about":[{"href":"https:\/\/singep.org.br\/8\/wp-json\/wp\/v2\/types\/page"}],"author":[{"embeddable":true,"href":"https:\/\/singep.org.br\/8\/wp-json\/wp\/v2\/users\/1"}],"replies":[{"embeddable":true,"href":"https:\/\/singep.org.br\/8\/wp-json\/wp\/v2\/comments?post=9"}],"version-history":[{"count":0,"href":"https:\/\/singep.org.br\/8\/wp-json\/wp\/v2\/pages\/9\/revisions"}],"wp:attachment":[{"href":"https:\/\/singep.org.br\/8\/wp-json\/wp\/v2\/media?parent=9"}],"curies":[{"name":"wp","href":"https:\/\/api.w.org\/{rel}","templated":true}]}}