{"id":80,"date":"2014-05-23T12:08:52","date_gmt":"2014-05-23T15:08:52","guid":{"rendered":"http:\/\/impermad.com.br\/singep\/?page_id=80"},"modified":"2019-08-29T20:53:40","modified_gmt":"2019-08-29T23:53:40","slug":"regra-das-apresentacao","status":"publish","type":"page","link":"https:\/\/singep.org.br\/8\/regras-para-submissao\/regra-das-apresentacao\/","title":{"rendered":"Regras de Apresenta\u00e7\u00e3o"},"content":{"rendered":"\n<p><strong>Os trabalhos ser\u00e3o apresentados em sess\u00f5es orais ou exposi\u00e7\u00e3o de\np\u00f4sters.<\/strong><\/p>\n\n\n\n<p>Os&nbsp;<strong>artigos\ncient\u00edficos e relatos t\u00e9cnicos<\/strong>&nbsp;ser\u00e3o apresentados em sess\u00f5es orais:<\/p>\n\n\n\n<ul class=\"wp-block-list\"><li>Cada sess\u00e3o ter\u00e1 um coordenador que tem a fun\u00e7\u00e3o de apresentar os autores, controlar o tempo de apresenta\u00e7\u00e3o e organizar a discuss\u00e3o dos trabalhos;<\/li><li>Cada trabalho ser\u00e1 apresentado em no m\u00e1ximo 15 minutos, sendo o debate promovido pelo coordenador da sess\u00e3o ao final da \u00faltima apresenta\u00e7\u00e3o.<\/li><li>A apresenta\u00e7\u00e3o dever\u00e1 ser em Power Point e a formata\u00e7\u00e3o da apresenta\u00e7\u00e3o \u00e9 livre (<a href=\"https:\/\/singep.org.br\/8\/wp-content\/uploads\/sites\/4\/2019\/08\/Template_VIIISINGEP_Apresentac\u0327a\u0303o-de-Trabalhos_2020.pptx\" target=\"_blank\" rel=\"noreferrer noopener\" aria-label=\" (abre numa nova aba)\">clique para baixar o template sugestivo<\/a>\u00a0). Solicita-se que os apresentadores compare\u00e7am na sala com pelo menos dez (10) minutos de anteced\u00eancia.<\/li><li>Solicita-se que os autores tragam as apresenta\u00e7\u00f5es em um dispositivo USB. Sugere-se que, como forma de backup, as apresenta\u00e7\u00f5es sejam enviadas tamb\u00e9m para o e-mail do autor.<\/li><\/ul>\n\n\n\n<p><strong><a href=\"https:\/\/singep.org.br\/8\/wp-content\/uploads\/sites\/4\/2019\/08\/Template_VIIISINGEP_Apresentac\u0327a\u0303o-de-Trabalhos_2020.pptx\">Template Apresenta\u00e7\u00e3o<\/a><\/strong><\/p>\n\n\n\n<p>Os&nbsp;<strong>p\u00f4sters ser\u00e3o apresentados em uma sess\u00e3o espec\u00edfica\nde exposi\u00e7\u00e3o de p\u00f4sters<\/strong>.<\/p>\n\n\n\n<ul class=\"wp-block-list\"><li>O p\u00f4ster deve ser entregue com anteced\u00eancia na sala onde ocorrer\u00e1 a sess\u00e3o de apresenta\u00e7\u00e3o do mesmo;<\/li><li>Pelo menos um dos autores do trabalho dever\u00e1 permanecer junto ao p\u00f4ster, durante todo o tempo da Sess\u00e3o, para responder \u00e0s quest\u00f5es dos avaliadores e interessados.<\/li><li>Ser\u00e1 reservado um painel para fixa\u00e7\u00e3o para cada p\u00f4ster.<\/li><li>\u00c9 obrigat\u00f3rio que o t\u00edtulo do trabalho no p\u00f4ster seja id\u00eantico ao t\u00edtulo do trabalho submetido ao evento (<a rel=\"noreferrer noopener\" aria-label=\" (abre numa nova aba)\" href=\"https:\/\/singep.org.br\/8\/wp-content\/uploads\/sites\/4\/2019\/08\/Template_VIIISingep_Po\u0302sters_2020.pptx\" target=\"_blank\">anexo template obrigat\u00f3rio<\/a>\u00a0).<\/li><\/ul>\n\n\n\n<p><strong><a href=\"https:\/\/singep.org.br\/8\/wp-content\/uploads\/sites\/4\/2019\/08\/Template_VIIISingep_Po\u0302sters_2020.pptx\">Template P\u00f4ster<\/a><\/strong><\/p>\n","protected":false},"excerpt":{"rendered":"<p>Os trabalhos ser\u00e3o apresentados em sess\u00f5es orais ou exposi\u00e7\u00e3o de p\u00f4sters. Os&nbsp;artigos cient\u00edficos e relatos t\u00e9cnicos&nbsp;ser\u00e3o apresentados em sess\u00f5es orais: Cada sess\u00e3o ter\u00e1 um coordenador que tem a fun\u00e7\u00e3o de apresentar os autores, controlar o tempo de apresenta\u00e7\u00e3o e organizar a discuss\u00e3o dos trabalhos; Cada trabalho ser\u00e1 apresentado em no m\u00e1ximo 15 minutos, sendo o [&hellip;]<\/p>\n","protected":false},"author":1,"featured_media":0,"parent":32,"menu_order":0,"comment_status":"closed","ping_status":"closed","template":"","meta":{"footnotes":""},"class_list":["post-80","page","type-page","status-publish","hentry"],"_links":{"self":[{"href":"https:\/\/singep.org.br\/8\/wp-json\/wp\/v2\/pages\/80","targetHints":{"allow":["GET"]}}],"collection":[{"href":"https:\/\/singep.org.br\/8\/wp-json\/wp\/v2\/pages"}],"about":[{"href":"https:\/\/singep.org.br\/8\/wp-json\/wp\/v2\/types\/page"}],"author":[{"embeddable":true,"href":"https:\/\/singep.org.br\/8\/wp-json\/wp\/v2\/users\/1"}],"replies":[{"embeddable":true,"href":"https:\/\/singep.org.br\/8\/wp-json\/wp\/v2\/comments?post=80"}],"version-history":[{"count":0,"href":"https:\/\/singep.org.br\/8\/wp-json\/wp\/v2\/pages\/80\/revisions"}],"up":[{"embeddable":true,"href":"https:\/\/singep.org.br\/8\/wp-json\/wp\/v2\/pages\/32"}],"wp:attachment":[{"href":"https:\/\/singep.org.br\/8\/wp-json\/wp\/v2\/media?parent=80"}],"curies":[{"name":"wp","href":"https:\/\/api.w.org\/{rel}","templated":true}]}}