{"id":78,"date":"2014-05-23T12:08:11","date_gmt":"2014-05-23T15:08:11","guid":{"rendered":"http:\/\/impermad.com.br\/singep\/?page_id=78"},"modified":"2020-03-20T17:03:11","modified_gmt":"2020-03-20T20:03:11","slug":"fast-track","status":"publish","type":"page","link":"https:\/\/singep.org.br\/8\/fast-track\/","title":{"rendered":"Fast Track"},"content":{"rendered":"\n<p><strong>Os melhores trabalhos ser\u00e3o selecionados para <em>fast track<\/em> nas seguintes revistas cient\u00edficas:<\/strong><\/p>\n\n\n\n<ul class=\"wp-block-list\"><li> ALCANCE &#8211; Revista Alcance | <a rel=\"noreferrer noopener\" aria-label=\" (abre numa nova aba)\" href=\"https:\/\/siaiap32.univali.br\/seer\/index.php\/ra\" target=\"_blank\">https:\/\/siaiap32.univali.br\/seer\/index.php\/ra<\/a><\/li><li>CONTEXTUS &#8211; Contextus Revista Contempor\u00e2nea de Economia e Gest\u00e3o | <a rel=\"noreferrer noopener\" aria-label=\" (abre numa nova aba)\" href=\"http:\/\/periodicos.ufc.br\/contextus\" target=\"_blank\">http:\/\/periodicos.ufc.br\/contextus<\/a><\/li><li>FACES &#8211; Revista de Administra\u00e7\u00e3o FACES | <a rel=\"noreferrer noopener\" aria-label=\" (abre numa nova aba)\" href=\"http:\/\/www.fumec.br\/revistas\/facesp\" target=\"_blank\">http:\/\/www.fumec.br\/revistas\/facesp<\/a><\/li><li>G&amp;R &#8211; Gest\u00e3o &amp; Regionalidade | <a rel=\"noreferrer noopener\" aria-label=\" (abre numa nova aba)\" href=\"https:\/\/seer.uscs.edu.br\/index.php\/revista_gestao\" target=\"_blank\">https:\/\/seer.uscs.edu.br\/index.php\/revista_gestao<\/a> <\/li><li>GEPROS &#8211; Gest\u00e3o da Produ\u00e7\u00e3o, Opera\u00e7\u00f5es e Sistemas | <a rel=\"noreferrer noopener\" aria-label=\" (abre numa nova aba)\" href=\"https:\/\/revista.feb.unesp.br\/index.php\/gepros\" target=\"_blank\">https:\/\/revista.feb.unesp.br\/index.php\/gepros<\/a> <\/li><li>Iberoamerican Journal of Project Management \u2013 IJoPM |&nbsp;<a rel=\"noreferrer noopener\" href=\"http:\/\/www.ijopm.org\/index.php\/IJOPM\" target=\"_blank\">http:\/\/www.ijopm.org\/index.php\/IJOPM<\/a><\/li><li>International Journal of Innovation \u2013 IJI |&nbsp;<a rel=\"noreferrer noopener\" aria-label=\" (abre numa nova aba)\" href=\"http:\/\/www.journaliji.org\/index.php\/iji\" target=\"_blank\">http:\/\/www.journaliji.org\/index.php\/iji<\/a><\/li><li>RAD &#8211; Revista Administra\u00e7\u00e3o em Di\u00e1logo | <a rel=\"noreferrer noopener\" aria-label=\" (abre numa nova aba)\" href=\"https:\/\/revistas.pucsp.br\/rad\" target=\"_blank\">https:\/\/revistas.pucsp.br\/rad<\/a><\/li><li>RAUSP &#8211; Management Journal |  <a href=\"http:\/\/rausp.usp.br\/\">http:\/\/rausp.usp.br\/<\/a>  <\/li><li>REGE &#8211; Revista de Gest\u00e3o | <a rel=\"noreferrer noopener\" href=\"https:\/\/www.regepe.org.br\/regepe\" target=\"_blank\">https:\/\/www.regeusp.com.br<\/a><\/li><li>REGEPE &#8211; Revista de Empreendedorismo e Gest\u00e3o de Pequenas Empresas | <a rel=\"noreferrer noopener\" aria-label=\" (abre numa nova aba)\" href=\"https:\/\/www.regepe.org.br\/regepe\" target=\"_blank\">https:\/\/www.regepe.org.br\/regepe<\/a><\/li><li>REMIPE &#8211; Revista de Micro e Pequenas Empresas e Empreendedorismo da Fatec Osasco | <a rel=\"noreferrer noopener\" aria-label=\" (abre numa nova aba)\" href=\"http:\/\/fatecosasco.edu.br\/ojs\/index.php\/REMIPE\/index\" target=\"_blank\">http:\/\/fatecosasco.edu.br\/ojs\/index.php\/REMIPE\/index<\/a><\/li><li>RGBN &#8211; Revista Brasileira de Gest\u00e3o de Neg\u00f3cios   |  <a href=\"https:\/\/rbgn.fecap.br\/RBGN\">https:\/\/rbgn.fecap.br\/RBGN<\/a> <\/li><li> ReMarK &#8211; Revista Brasileira de Marketing  |&nbsp;<a rel=\"noreferrer noopener\" aria-label=\" (abre numa nova aba)\" href=\"https:\/\/periodicos.uninove.br\/index.php?journal=remark\" target=\"_blank\">https:\/\/periodicos.uninove.br\/index.php?journal=remark<\/a><\/li><li>GEP &#8211; Revista de Gest\u00e3o e Projetos |&nbsp;<a rel=\"noreferrer noopener\" aria-label=\" (abre numa nova aba)\" href=\"https:\/\/periodicos.uninove.br\/index.php?journal=gep&amp;page=index\" target=\"_blank\">https:\/\/periodicos.uninove.br\/index.php?journal=gep&amp;page=index<\/a><\/li><li> EXACTA &#8211; Revista Exacta Engenharia de Produ\u00e7\u00e3o |&nbsp;<a rel=\"noreferrer noopener\" aria-label=\" (abre numa nova aba)\" href=\"https:\/\/periodicos.uninove.br\/index.php?journal=exacta\" target=\"_blank\">https:\/\/periodicos.uninove.br\/index.php?journal=exacta<\/a><\/li><li> RIAE  &#8211; Revista Ibero Americana de Estrat\u00e9gia |&nbsp;<a rel=\"noreferrer noopener\" aria-label=\" (abre numa nova aba)\" href=\"http:\/\/www.revistaiberoamericana.org\/ojs\/index.php\/ibero\" target=\"_blank\">http:\/\/www.revistaiberoamericana.org\/ojs\/index.php\/ibero<\/a><\/li><li>Revista Innovation &amp; Management Review &lt;<a rel=\"noreferrer noopener\" aria-label=\" (abre numa nova aba)\" href=\"https:\/\/www.journals.elsevier.com\/revista-de-administracao-e-inovacao\" target=\"_blank\">https:\/\/www.journals.elsevier.com\/revista-de-administracao-e-inovacao<\/a><\/li><li> IPTEC  &#8211; Revista Inova\u00e7\u00e3o, Projetos e Tecnologia |&nbsp;<a rel=\"noreferrer noopener\" aria-label=\" (abre numa nova aba)\" href=\"https:\/\/periodicos.uninove.br\/index.php?journal=iptec\" target=\"_blank\">https:\/\/periodicos.uninove.br\/index.php?journal=iptec<\/a><\/li><li>Revista Podium Sport, Leisure and Tourism Review <a rel=\"noreferrer noopener\" aria-label=\" (abre numa nova aba)\" href=\"https:\/\/periodicos.uninove.br\/index.php?journal=podium\" target=\"_blank\">https:\/\/periodicos.uninove.br\/index.php?journal=podium<\/a><\/li><li>Revista Eletr\u00f4nica de Neg\u00f3cios Internacionais \u2013 Internext |&nbsp;<a rel=\"noreferrer noopener\" href=\"http:\/\/internext.espm.br\/index.php\/internext\" target=\"_blank\">http:\/\/internext.espm.br\/index.php\/internext<\/a><\/li><\/ul>\n\n\n\n<p><\/p>\n\n\n\n<p><strong>Nesta edi\u00e7\u00e3o do Evento, al\u00e9m de indica\u00e7\u00e3o para fast track nas revistas listadas, tamb\u00e9m haver\u00e1 sele\u00e7\u00e3o de trabalhos para os n\u00fameros especiais da:<\/strong><\/p>\n\n\n\n<ul class=\"wp-block-list\"><li>Revista de Gest\u00e3o de Projetos \u2013 GeP<\/li><li>Revista Inova\u00e7\u00e3o, Projetos e Tecnologia \u2013 IPTEC<\/li><li>International Journal of Innovation (IJI Journal)<\/li><\/ul>\n\n\n\n<div class=\"wp-block-columns has-2-columns is-layout-flex wp-container-core-columns-is-layout-9d6595d7 wp-block-columns-is-layout-flex\">\n<div class=\"wp-block-column is-layout-flow wp-block-column-is-layout-flow\">\n<div class=\"wp-block-image\"><figure class=\"alignleft is-resized\"><a href=\"http:\/\/www.revistagep.org\/ojs\/index.php\/gep\" target=\"_blank\" rel=\"noopener noreferrer\"><img loading=\"lazy\" decoding=\"async\" src=\"https:\/\/singep.org.br\/8\/wp-content\/uploads\/sites\/3\/2018\/05\/gep-300x135.jpg\" alt=\"\" class=\"wp-image-5541\" width=\"187\" height=\"84\" srcset=\"https:\/\/singep.org.br\/8\/wp-content\/uploads\/sites\/4\/2018\/05\/gep-300x135.jpg 300w, https:\/\/singep.org.br\/8\/wp-content\/uploads\/sites\/4\/2018\/05\/gep-150x68.jpg 150w, https:\/\/singep.org.br\/8\/wp-content\/uploads\/sites\/4\/2018\/05\/gep.jpg 513w\" sizes=\"auto, (max-width: 187px) 100vw, 187px\" \/><\/a><\/figure><\/div>\n\n\n\n<p><\/p>\n<\/div>\n\n\n\n<div class=\"wp-block-column is-layout-flow wp-block-column-is-layout-flow\">\n<div class=\"wp-block-image\"><figure class=\"alignleft is-resized\"><a href=\"http:\/\/www6.uninove.br\/ojs\/journaliji\/index.php\/iptec\/index\" target=\"_blank\" rel=\"noopener noreferrer\"><img loading=\"lazy\" decoding=\"async\" src=\"https:\/\/singep.org.br\/8\/wp-content\/uploads\/sites\/3\/2018\/05\/iptec-300x188.jpg\" alt=\"\" class=\"wp-image-5543\" width=\"134\" height=\"84\" srcset=\"https:\/\/singep.org.br\/8\/wp-content\/uploads\/sites\/4\/2018\/05\/iptec-300x188.jpg 300w, https:\/\/singep.org.br\/8\/wp-content\/uploads\/sites\/4\/2018\/05\/iptec-150x94.jpg 150w, https:\/\/singep.org.br\/8\/wp-content\/uploads\/sites\/4\/2018\/05\/iptec.jpg 441w\" sizes=\"auto, (max-width: 134px) 100vw, 134px\" \/><\/a><\/figure><\/div>\n\n\n\n<p><\/p>\n<\/div>\n<\/div>\n\n\n\n<div class=\"wp-block-columns has-2-columns is-layout-flex wp-container-core-columns-is-layout-9d6595d7 wp-block-columns-is-layout-flex\">\n<div class=\"wp-block-column is-layout-flow wp-block-column-is-layout-flow\">\n<div class=\"wp-block-image\"><figure class=\"alignleft size-large\"><a href=\"http:\/\/www.journaliji.org\/index.php\/iji\" target=\"_blank\" rel=\"noopener noreferrer\"><img decoding=\"async\" src=\"http:\/\/www.journaliji.org\/public\/journals\/1\/homeHeaderTitleImage_en_US.jpg\" alt=\"\"\/><\/a><\/figure><\/div>\n\n\n\n<p><\/p>\n<\/div>\n\n\n\n<div class=\"wp-block-column is-layout-flow wp-block-column-is-layout-flow\">\n<p><\/p>\n<\/div>\n<\/div>\n","protected":false},"excerpt":{"rendered":"<p>Os melhores trabalhos ser\u00e3o selecionados para fast track nas seguintes revistas cient\u00edficas: ALCANCE &#8211; Revista Alcance | https:\/\/siaiap32.univali.br\/seer\/index.php\/ra CONTEXTUS &#8211; Contextus Revista Contempor\u00e2nea de Economia e Gest\u00e3o | http:\/\/periodicos.ufc.br\/contextus FACES &#8211; Revista de Administra\u00e7\u00e3o FACES | http:\/\/www.fumec.br\/revistas\/facesp G&amp;R &#8211; Gest\u00e3o &amp; Regionalidade | https:\/\/seer.uscs.edu.br\/index.php\/revista_gestao GEPROS &#8211; Gest\u00e3o da Produ\u00e7\u00e3o, Opera\u00e7\u00f5es e Sistemas | https:\/\/revista.feb.unesp.br\/index.php\/gepros Iberoamerican [&hellip;]<\/p>\n","protected":false},"author":1,"featured_media":0,"parent":0,"menu_order":0,"comment_status":"closed","ping_status":"closed","template":"","meta":{"footnotes":""},"class_list":["post-78","page","type-page","status-publish","hentry"],"_links":{"self":[{"href":"https:\/\/singep.org.br\/8\/wp-json\/wp\/v2\/pages\/78","targetHints":{"allow":["GET"]}}],"collection":[{"href":"https:\/\/singep.org.br\/8\/wp-json\/wp\/v2\/pages"}],"about":[{"href":"https:\/\/singep.org.br\/8\/wp-json\/wp\/v2\/types\/page"}],"author":[{"embeddable":true,"href":"https:\/\/singep.org.br\/8\/wp-json\/wp\/v2\/users\/1"}],"replies":[{"embeddable":true,"href":"https:\/\/singep.org.br\/8\/wp-json\/wp\/v2\/comments?post=78"}],"version-history":[{"count":0,"href":"https:\/\/singep.org.br\/8\/wp-json\/wp\/v2\/pages\/78\/revisions"}],"wp:attachment":[{"href":"https:\/\/singep.org.br\/8\/wp-json\/wp\/v2\/media?parent=78"}],"curies":[{"name":"wp","href":"https:\/\/api.w.org\/{rel}","templated":true}]}}