{"id":6318,"date":"2020-09-16T16:39:53","date_gmt":"2020-09-16T19:39:53","guid":{"rendered":"http:\/\/singep.org.br\/8\/?page_id=6318"},"modified":"2020-09-30T21:53:21","modified_gmt":"2020-10-01T00:53:21","slug":"apresentacao","status":"publish","type":"page","link":"https:\/\/singep.org.br\/8\/apresentacao\/","title":{"rendered":"Orienta\u00e7\u00f5es para apresenta\u00e7\u00e3o"},"content":{"rendered":"\n<p><strong><a href=\"https:\/\/singep.org.br\/8\/wp-content\/uploads\/sites\/4\/2020\/09\/Orientacao_apresentacoes_Singep2020.pdf\">INSTRU\u00c7\u00d5ES PARA A APRESENTA\u00c7\u00c3O DE TRABALHOS<\/a><\/strong><\/p>\n\n\n\n<p><strong><a href=\"https:\/\/singep.org.br\/8\/wp-content\/uploads\/sites\/4\/2020\/09\/Orientacao_posteres_Singep2020.pdf\">INSTRU\u00c7\u00d5ES PARA A APRESENTA\u00c7\u00c3O DE P\u00d4STERES<\/a><\/strong><\/p>\n\n\n\n<p><a href=\"https:\/\/singep.org.br\/8\/wp-content\/uploads\/sites\/4\/2020\/09\/Template_VIIISINGEP_Apresentac\u0327a\u0303o-de-Trabalhos_2020.pptx\"><strong>TEMPLATE PARA APRESENTA\u00c7\u00c3O<\/strong><\/a><\/p>\n\n\n\n<p><strong><a href=\"https:\/\/singep.org.br\/8\/wp-content\/uploads\/sites\/4\/2020\/09\/background.jpg\" target=\"_blank\" rel=\"noreferrer noopener\">TELA DE FUNDO PARA USO NO ZOOM<\/a><\/strong><\/p>\n","protected":false},"excerpt":{"rendered":"<p>INSTRU\u00c7\u00d5ES PARA A APRESENTA\u00c7\u00c3O DE TRABALHOS INSTRU\u00c7\u00d5ES PARA A APRESENTA\u00c7\u00c3O DE P\u00d4STERES TEMPLATE PARA APRESENTA\u00c7\u00c3O TELA DE FUNDO PARA USO NO ZOOM<\/p>\n","protected":false},"author":1,"featured_media":0,"parent":0,"menu_order":0,"comment_status":"closed","ping_status":"closed","template":"","meta":{"footnotes":""},"class_list":["post-6318","page","type-page","status-publish","hentry"],"_links":{"self":[{"href":"https:\/\/singep.org.br\/8\/wp-json\/wp\/v2\/pages\/6318","targetHints":{"allow":["GET"]}}],"collection":[{"href":"https:\/\/singep.org.br\/8\/wp-json\/wp\/v2\/pages"}],"about":[{"href":"https:\/\/singep.org.br\/8\/wp-json\/wp\/v2\/types\/page"}],"author":[{"embeddable":true,"href":"https:\/\/singep.org.br\/8\/wp-json\/wp\/v2\/users\/1"}],"replies":[{"embeddable":true,"href":"https:\/\/singep.org.br\/8\/wp-json\/wp\/v2\/comments?post=6318"}],"version-history":[{"count":0,"href":"https:\/\/singep.org.br\/8\/wp-json\/wp\/v2\/pages\/6318\/revisions"}],"wp:attachment":[{"href":"https:\/\/singep.org.br\/8\/wp-json\/wp\/v2\/media?parent=6318"}],"curies":[{"name":"wp","href":"https:\/\/api.w.org\/{rel}","templated":true}]}}