{"id":6211,"date":"2020-02-28T13:19:58","date_gmt":"2020-02-28T16:19:58","guid":{"rendered":"http:\/\/singep.org.br\/8\/?page_id=6211"},"modified":"2020-02-28T13:20:01","modified_gmt":"2020-02-28T16:20:01","slug":"coordenadores-de-areas","status":"publish","type":"page","link":"https:\/\/singep.org.br\/8\/coordenadores-de-areas\/","title":{"rendered":"Coordenadores de \u00c1reas"},"content":{"rendered":"\n<p><strong>COORDENADOR GERAL<\/strong><\/p>\n\n\n\n<p> JULIO ARAUJO CARNEIRO DA CUNHA \u2013 UNINOVE, S\u00e3o Paulo, Brasil <\/p>\n\n\n\n<p><strong>COORDENADORES DE \u00c1REAS<\/strong><\/p>\n\n\n\n<p><strong>INOVA\u00c7\u00c3<\/strong><strong>O&nbsp;<\/strong>&#8211;&nbsp; CLAUDIA BRITO SILVA CIRANI, Universidade Nove de Julho \u2013 UNINOVE, S\u00e3o Paulo, Brasil&nbsp;&nbsp;&nbsp;<br><strong>SUSTENTABILIDADE&nbsp;<\/strong>&#8211;&nbsp; HEIDY RODRIGUEZ RAMOS \u2013 UNINOVE, S\u00e3o Paulo, Brasil&nbsp;&nbsp;<br><strong>GEST\u00c3O DE PROJETOS<\/strong>&nbsp;&#8211;&nbsp; CRISTIANE DREBES PEDRON \u2013 UNINOVE, S\u00e3o Paulo, Brasil&nbsp;&nbsp;<br><strong>ESTRAT\u00c9GIA<\/strong>&nbsp;&#8211;&nbsp; FERNANDO ANTONIO RIBEIRO SERRA, Universidade Nove de Julho \u2013 UNINOVE, S\u00e3o Paulo, Brasil&nbsp;&nbsp;<br><strong>IND\u00daSTRIA 4.0<\/strong>&nbsp;&#8211; GERALDO CARDOSO DE OLIVEIRA NETO,&nbsp;Universidade Nove de Julho \u2013 UNINOVE, S\u00e3o Paulo, Brasil\n\n<\/p>\n\n\n\n<p><\/p>\n","protected":false},"excerpt":{"rendered":"<p>COORDENADOR GERAL JULIO ARAUJO CARNEIRO DA CUNHA \u2013 UNINOVE, S\u00e3o Paulo, Brasil COORDENADORES DE \u00c1REAS INOVA\u00c7\u00c3O&nbsp;&#8211;&nbsp; CLAUDIA BRITO SILVA CIRANI, Universidade Nove de Julho \u2013 UNINOVE, S\u00e3o Paulo, Brasil&nbsp;&nbsp;&nbsp;SUSTENTABILIDADE&nbsp;&#8211;&nbsp; HEIDY RODRIGUEZ RAMOS \u2013 UNINOVE, S\u00e3o Paulo, Brasil&nbsp;&nbsp;GEST\u00c3O DE PROJETOS&nbsp;&#8211;&nbsp; CRISTIANE DREBES PEDRON \u2013 UNINOVE, S\u00e3o Paulo, Brasil&nbsp;&nbsp;ESTRAT\u00c9GIA&nbsp;&#8211;&nbsp; FERNANDO ANTONIO RIBEIRO SERRA, Universidade Nove de Julho [&hellip;]<\/p>\n","protected":false},"author":1,"featured_media":0,"parent":0,"menu_order":0,"comment_status":"closed","ping_status":"closed","template":"","meta":{"footnotes":""},"class_list":["post-6211","page","type-page","status-publish","hentry"],"_links":{"self":[{"href":"https:\/\/singep.org.br\/8\/wp-json\/wp\/v2\/pages\/6211","targetHints":{"allow":["GET"]}}],"collection":[{"href":"https:\/\/singep.org.br\/8\/wp-json\/wp\/v2\/pages"}],"about":[{"href":"https:\/\/singep.org.br\/8\/wp-json\/wp\/v2\/types\/page"}],"author":[{"embeddable":true,"href":"https:\/\/singep.org.br\/8\/wp-json\/wp\/v2\/users\/1"}],"replies":[{"embeddable":true,"href":"https:\/\/singep.org.br\/8\/wp-json\/wp\/v2\/comments?post=6211"}],"version-history":[{"count":0,"href":"https:\/\/singep.org.br\/8\/wp-json\/wp\/v2\/pages\/6211\/revisions"}],"wp:attachment":[{"href":"https:\/\/singep.org.br\/8\/wp-json\/wp\/v2\/media?parent=6211"}],"curies":[{"name":"wp","href":"https:\/\/api.w.org\/{rel}","templated":true}]}}