{"id":5999,"date":"2019-08-28T21:25:27","date_gmt":"2019-08-29T00:25:27","guid":{"rendered":"http:\/\/singep.org.br\/8\/?page_id=5999"},"modified":"2019-08-28T21:25:36","modified_gmt":"2019-08-29T00:25:36","slug":"industria-4-0","status":"publish","type":"page","link":"https:\/\/singep.org.br\/8\/areas\/industria-4-0\/","title":{"rendered":"Ind\u00fastria 4.0"},"content":{"rendered":"\n<ol class=\"wp-block-list\"><li>As tecnologias habilitadoras da Ind\u00fastria 4.0 e seus impactos na Engenharia de Produ\u00e7\u00e3o e na Estrat\u00e9gia e Gest\u00e3o de Opera\u00e7\u00f5es;<\/li><li>Internet das Coisas \u2013 IoT (Internet of Things) e Big Data Analytics.<\/li><li>Computa\u00e7\u00e3o na nuvem (Cloud Computing) e Seguran\u00e7a Cibern\u00e9tica ou de Dados (Cyber security);<\/li><li>Rob\u00f4s Aut\u00f4nomos e Colaborativos (Autonomous Robots) e Manufatura Aditiva e H\u00edbrida (Aditive Manufacturing, 3D printing);<\/li><li>Realidade Aumentada (Augmented reality) e Intelig\u00eancia Artificial (Artificial Intelligence);<\/li><li>Simula\u00e7\u00e3o e Modelagem (Digital Twin) e Integra\u00e7\u00e3o de Sistemas (Equipment Integration);<\/li><li>Sistemas Ciber-F\u00edsicos \u2013 CPS (Cyber Physical Systems) e Blockchain;<\/li><li>Gest\u00e3o de projetos de Ind\u00fastria 4.0 e Sucesso;<\/li><li>Supply Chain Management e Ind\u00fastria 4.0;<\/li><li>Ind\u00fastria 4.0 e Economia Circular<\/li><\/ol>\n","protected":false},"excerpt":{"rendered":"<p>As tecnologias habilitadoras da Ind\u00fastria 4.0 e seus impactos na Engenharia de Produ\u00e7\u00e3o e na Estrat\u00e9gia e Gest\u00e3o de Opera\u00e7\u00f5es; Internet das Coisas \u2013 IoT (Internet of Things) e Big Data Analytics. Computa\u00e7\u00e3o na nuvem (Cloud Computing) e Seguran\u00e7a Cibern\u00e9tica ou de Dados (Cyber security); Rob\u00f4s Aut\u00f4nomos e Colaborativos (Autonomous Robots) e Manufatura Aditiva e [&hellip;]<\/p>\n","protected":false},"author":1,"featured_media":0,"parent":30,"menu_order":0,"comment_status":"closed","ping_status":"closed","template":"","meta":{"footnotes":""},"class_list":["post-5999","page","type-page","status-publish","hentry"],"_links":{"self":[{"href":"https:\/\/singep.org.br\/8\/wp-json\/wp\/v2\/pages\/5999","targetHints":{"allow":["GET"]}}],"collection":[{"href":"https:\/\/singep.org.br\/8\/wp-json\/wp\/v2\/pages"}],"about":[{"href":"https:\/\/singep.org.br\/8\/wp-json\/wp\/v2\/types\/page"}],"author":[{"embeddable":true,"href":"https:\/\/singep.org.br\/8\/wp-json\/wp\/v2\/users\/1"}],"replies":[{"embeddable":true,"href":"https:\/\/singep.org.br\/8\/wp-json\/wp\/v2\/comments?post=5999"}],"version-history":[{"count":0,"href":"https:\/\/singep.org.br\/8\/wp-json\/wp\/v2\/pages\/5999\/revisions"}],"up":[{"embeddable":true,"href":"https:\/\/singep.org.br\/8\/wp-json\/wp\/v2\/pages\/30"}],"wp:attachment":[{"href":"https:\/\/singep.org.br\/8\/wp-json\/wp\/v2\/media?parent=5999"}],"curies":[{"name":"wp","href":"https:\/\/api.w.org\/{rel}","templated":true}]}}