{"id":5730,"date":"2018-06-30T15:42:42","date_gmt":"2018-06-30T18:42:42","guid":{"rendered":"http:\/\/singep.org.br\/8\/?page_id=5730"},"modified":"2018-08-03T17:11:06","modified_gmt":"2018-08-03T20:11:06","slug":"premiacao","status":"publish","type":"page","link":"https:\/\/singep.org.br\/8\/premiacao\/?lang=es","title":{"rendered":"Premia\u00e7\u00e3o"},"content":{"rendered":"<p>Premiaci\u00f3n de los Mejores Trabajos del Evento (total de 5 categor\u00edas)<\/p>\n<p><strong>Criterios adoptados para la selecci\u00f3n de los mejores trabajos del evento:<\/strong><\/p>\n<ul>\n<li>calidad, clareza y redacci\u00f3n del texto;<\/li>\n<li>actualidad del tema del trabajo;<\/li>\n<li>clareza en los objetivos;<\/li>\n<li>adecuaci\u00f3n metodol\u00f3gica;<\/li>\n<li>forma de presentaci\u00f3n de los datos cuantitativos o cualitativos;<\/li>\n<li>base, amplitud y correcci\u00f3n frente a los resultados obtenidos;<\/li>\n<li>y consistencia y amplitud de las referencias.<\/li>\n<\/ul>\n<p>&nbsp;<\/p>\n<p><strong>Categor\u00edas de premiaci\u00f3n:<\/strong><\/p>\n<ol>\n<li>Categor\u00eda \u201cMejor Art\u00edculo Cient\u00edfico\u201d, que considera la selecci\u00f3n de los tres mejores trabajos por tema (gesti\u00f3n de proyectos, innovaci\u00f3n , sostenibilidad y ciudades inteligentes y estrategia );<\/li>\n<li>Categor\u00eda \u201cMejor Relato T\u00e9cnico\u201d, que considera la selecci\u00f3n de los tres mejores trabajos por tema (gesti\u00f3n de proyectos, innovaci\u00f3n , sostenibilidad y ciudades inteligentes y estrategia );<\/li>\n<li>Categor\u00eda \u201cMejor P\u00f3ster\u201d, que considera la selecci\u00f3n de los tres mejores trabajos por tema (gesti\u00f3n de proyectos, innovaci\u00f3n , sostenibilidad y ciudades inteligentes y estrategia );<\/li>\n<li>Categor\u00eda \u201cMejor Trabajo del VII SINGEP\u201d, mediante selecci\u00f3n del mejor trabajo del evento; y, por \u00faltimo,<\/li>\n<li>Categor\u00eda \u201cDistinci\u00f3n de M\u00e9rito\u201d para los tres mejores evaluadores del evento.<\/li>\n<\/ol>\n","protected":false},"excerpt":{"rendered":"<p>Premiaci\u00f3n de los Mejores Trabajos del Evento (total de 5 categor\u00edas) Criterios adoptados para la selecci\u00f3n de los mejores trabajos del evento: calidad, clareza y redacci\u00f3n del texto; actualidad del tema del trabajo; clareza en los objetivos; adecuaci\u00f3n metodol\u00f3gica; forma de presentaci\u00f3n de los datos cuantitativos o cualitativos; base, amplitud y correcci\u00f3n frente a los [&hellip;]<\/p>\n","protected":false},"author":1,"featured_media":0,"parent":0,"menu_order":0,"comment_status":"closed","ping_status":"open","template":"","meta":{"footnotes":""},"class_list":["post-5730","page","type-page","status-publish","hentry"],"_links":{"self":[{"href":"https:\/\/singep.org.br\/8\/wp-json\/wp\/v2\/pages\/5730","targetHints":{"allow":["GET"]}}],"collection":[{"href":"https:\/\/singep.org.br\/8\/wp-json\/wp\/v2\/pages"}],"about":[{"href":"https:\/\/singep.org.br\/8\/wp-json\/wp\/v2\/types\/page"}],"author":[{"embeddable":true,"href":"https:\/\/singep.org.br\/8\/wp-json\/wp\/v2\/users\/1"}],"replies":[{"embeddable":true,"href":"https:\/\/singep.org.br\/8\/wp-json\/wp\/v2\/comments?post=5730"}],"version-history":[{"count":0,"href":"https:\/\/singep.org.br\/8\/wp-json\/wp\/v2\/pages\/5730\/revisions"}],"wp:attachment":[{"href":"https:\/\/singep.org.br\/8\/wp-json\/wp\/v2\/media?parent=5730"}],"curies":[{"name":"wp","href":"https:\/\/api.w.org\/{rel}","templated":true}]}}