{"id":5719,"date":"2018-06-30T15:36:21","date_gmt":"2018-06-30T18:36:21","guid":{"rendered":"http:\/\/singep.org.br\/8\/?page_id=5719"},"modified":"2020-09-28T10:01:14","modified_gmt":"2020-09-28T13:01:14","slug":"programacion","status":"publish","type":"page","link":"https:\/\/singep.org.br\/8\/programacion\/?lang=es","title":{"rendered":"PROGRAMACI\u00d3N VIII SINGEP-CIK"},"content":{"rendered":"\n<p><\/p>\n\n\n\n<p class=\"has-vivid-red-color has-text-color\"><a><strong>Hora de Bras\u00edlia (Brasil)<\/strong><\/a><\/p>\n\n\n\n<h2 class=\"wp-block-heading\"><strong>1\u00ba D\u00cdA DEL EVENTO<\/strong><\/h2>\n\n\n<figure class=\"wp-block-table is-style-stripes\">\n<table width=\"103%\">\n<tbody>\n<tr>\n<td width=\"18%\">\n<p><strong>Horario<\/strong><\/p>\n<\/td>\n<td width=\"81%\">\n<p><strong>01 de octubre de 2020 (Jueves)<\/strong><\/p>\n<\/td>\n<\/tr>\n<tr>\n<td width=\"18%\">\n<p><strong>9h30<\/strong><\/p>\n<\/td>\n<td width=\"81%\">\n<p><strong>Acreditaci\u00f3n online \u2013 SINGEP-CIK<\/strong><\/p>\n<\/td>\n<\/tr>\n<tr>\n<td width=\"18%\">\n<p><strong>10h \/ 10h15<\/strong><\/p>\n<\/td>\n<td width=\"81%\">\n<p><strong>Solemnidad de Apertura<\/strong><\/p>\n<p>Prof. Eduardo Storopoli \/ Profa. Maria Cristina Storopoli (Rector\u00eda\/ Prorrector\u00eda de la Universidad Nove de Julho)<\/p>\n<p>Prof. Nader Asgary (Profesor de Bentley University \u2013 EUA, Director del CIK \u2013 Cyrus Institute of Knowledge y Presidente de la Comisi\u00f3n Organizadora del VIII International Conference Cyrus).<\/p>\n<p>Profa. Cristina Dai Pr\u00e1 Martens (Directora del Programa de Postgrado en Gesti\u00f3n de Proyectos de la Universidad Nove de Julho, PPGP-UNINOVE y Presidente de la Comisi\u00f3n Organizadora del VIII SINGEP).<\/p>\n<p>Prof. Jorge Ferreira da Silva (Profesor del Programa de Postgrado en Administraci\u00f3n de la Escuela de Negocios \u2013 IAG -PUC-RIO).<\/p>\n<p>Prof. Priscila Rezende da Costa (Directora del Programa de Postgrado en Administraci\u00f3n de la Universidad Nove de Julho, PPGA-UNINOVE).<\/p>\n<p>Prof. Mauro Luiz Martens (Director del Programa de Postgrado en Ingenier\u00eda de Producci\u00f3n de la Universidad Nove de Julho, PPGEP-UNINOVE).<\/p>\n<\/td>\n<\/tr>\n<tr>\n<td width=\"18%\">\n<p><strong>10h15 a 11h40<\/strong><\/p>\n<\/td>\n<td width=\"81%\">\n<p><strong>Plenary Presentation: Entrepreneurship, Innovation, and Project Management <\/strong><\/p>\n<p>Conferencistas: Prof. Dr. Nader Asgary (Bentley University, EUA) y Mr. Poorya Hosseini (Doctoral Candidate and President of Iranian Studies Group &#8211; ISG at MIT).<\/p>\n<p>Moderadora: Profa. Dra. Cristina Dai Pr\u00e1 Martens (Directora del Programa de Postgrado en Gesti\u00f3n de Proyectos de la Universidad Nove de Julho, PPGP-UNINOVE).<\/p>\n<p>Mediador: Prof. Dr. Jorge Ferreira da Silva (Profesor del Programa de Postgrado en Administraci\u00f3n de la Escuela de Negocios \u2013 IAG -PUC-RIO).<\/p>\n<\/td>\n<\/tr>\n<tr>\n<td width=\"18%\">\n<p><strong>11h40 a 12h<\/strong><\/p>\n<\/td>\n<td width=\"81%\">\n<p><strong>Receso<\/strong><\/p>\n<\/td>\n<\/tr>\n<tr>\n<td width=\"18%\">\n<p><strong>12h a 13h30<\/strong><\/p>\n<\/td>\n<td width=\"81%\">\n<p><strong>Sesiones paralelas de presentaci\u00f3n de P\u00f3steres<\/strong><\/p>\n<\/td>\n<\/tr>\n<tr>\n<td width=\"18%\">\n<p><strong>12h a 13h30<\/strong><\/p>\n<\/td>\n<td width=\"81%\">\n<p><strong>Reuni\u00f3n de Editores y Autores: mejores pr\u00e1cticas en publicaciones<\/strong><\/p>\n<p>Organizaci\u00f3n: Prof. Dr. Fernando Antonio Ribeiro Serra (Profesor del Programa de Postgrado en Administraci\u00f3n de la Universidad Nove de Julho, PPGA-UNINOVE y Profesor del Programa de Postgrado en Gesti\u00f3n de Proyectos de la Universidad Nove de Julho, PPGP-UNINOVE).<\/p>\n<\/td>\n<\/tr>\n<tr>\n<td width=\"18%\">\n<p><strong>13h30 a 14h30<\/strong><\/p>\n<\/td>\n<td width=\"81%\">\n<p><strong>Per\u00edodo libre<\/strong><\/p>\n<\/td>\n<\/tr>\n<tr>\n<td width=\"18%\">\n<p><strong>14h30 a 16h30<\/strong><\/p>\n<\/td>\n<td width=\"81%\">\n<p><strong>Sesi\u00f3n de Presentaci\u00f3n de Trabajos<\/strong><\/p>\n<\/td>\n<\/tr>\n<tr>\n<td width=\"18%\">\n<p><strong>14h30 a 16h30<\/strong><\/p>\n<\/td>\n<td width=\"81%\">\n<p><strong>Plenary Presentation CIK: Higher Education Challenges and Opportunities<\/strong><\/p>\n<\/td>\n<\/tr>\n<tr>\n<td width=\"18%\">\n<p><strong>16h30 a 16h45<\/strong><\/p>\n<\/td>\n<td width=\"81%\">\n<p><strong>Receso<\/strong><\/p>\n<\/td>\n<\/tr>\n<tr>\n<td width=\"18%\">\n<p><strong>16h45 a 18h45<\/strong><\/p>\n<\/td>\n<td width=\"81%\">\n<p><strong>Sesi\u00f3n de Presentaci\u00f3n de Trabajos<\/strong><\/p>\n<\/td>\n<\/tr>\n<\/tbody>\n<\/table>\n<\/figure>\n\n\n<h2 class=\"wp-block-heading\"><strong>2\u00ba D\u00cdA DEL EVENTO<\/strong><\/h2>\n\n\n<figure class=\"wp-block-table is-style-stripes\">\n<table width=\"103%\">\n<tbody>\n<tr>\n<td width=\"18%\">\n<p><strong>Horario<\/strong><\/p>\n<\/td>\n<td width=\"81%\">\n<p><strong>02 de octubre de 2020 (Viernes)<\/strong><\/p>\n<\/td>\n<\/tr>\n<tr>\n<td width=\"18%\">\n<p><strong>9h30<\/strong><\/p>\n<\/td>\n<td width=\"81%\">\n<p><strong>Acreditaci\u00f3n online \u2013 SINGEP-CIK <\/strong><\/p>\n<\/td>\n<\/tr>\n<tr>\n<td width=\"18%\">\n<p><strong>10h a 11h45<\/strong><\/p>\n<\/td>\n<td width=\"81%\">\n<p><strong>Panel: Econom\u00eda Circular e Industria 4.0: Desaf\u00edos y Oportunidades innovadoras<\/strong><\/p>\n<p>Panelistas: Prof. Dr. Carlos Ruffin (Suffolk University, EUA), Me. Dante Minucci (Gerente de Automatizaci\u00f3n e Innovaci\u00f3n).<\/p>\n<p>Moderador: Prof. Dra. Priscila Rezende da Costa (Directora del Programa de Postgrado en Administraci\u00f3n de la Universidad Nove de Julho, PPGA-UNINOVE).<\/p>\n<p>Mediador: Prof. Mauro Luiz Martens (Director del Programa de Postgrado en Ingenier\u00eda de Producci\u00f3n de la Universidad Nove de Julho, PPGEP-UNINOVE).<\/p>\n<\/td>\n<\/tr>\n<tr>\n<td width=\"18%\">\n<p><strong>11h45 a 12h<\/strong><\/p>\n<\/td>\n<td width=\"81%\">\n<p><strong>Receso<\/strong><\/p>\n<\/td>\n<\/tr>\n<tr>\n<td width=\"18%\">\n<p><strong>12h a 14h<\/strong><\/p>\n<\/td>\n<td width=\"81%\">\n<p><strong>Sesi\u00f3n de Presentaci\u00f3n de Trabajos<\/strong><\/p>\n<\/td>\n<\/tr>\n<tr>\n<td width=\"18%\">\n<p><strong>12h a 14h<\/strong><\/p>\n<\/td>\n<td width=\"81%\">\n<p><strong>Paper Development Workshop (PDW)<\/strong> <strong>Editores de las revistas<\/strong><\/p>\n<p>Coordinaci\u00f3n: Prof. Dr. Luciano Ferreira da Silva (Profesor del Programa de Postgrado en Gesti\u00f3n de Proyectos de la Universidad Nove de Julho, PPGP-UNINOVE).<\/p>\n<\/td>\n<\/tr>\n<tr>\n<td width=\"18%\">\n<p><strong>14h a 15h<\/strong><\/p>\n<\/td>\n<td width=\"81%\">\n<p><strong>Receso<\/strong><\/p>\n<\/td>\n<\/tr>\n<tr>\n<td width=\"18%\">\n<p><strong>15h a 16h30<\/strong><\/p>\n<\/td>\n<td width=\"81%\">\n<p><strong>Consorcio Doctoral Internacional<\/strong><\/p>\n<p>Coordinaci\u00f3n nacional: Prof. Dr. Emerson Antonio Maccari (Profesor del Programa de Postgrado en Administraci\u00f3n de la Universidad Nove de Julho, PPGA-UNINOVE, Profesor del Programa de Postgrado en Gesti\u00f3n de Proyectos de la Universidad Nove de Julho, PPGP-UNINOVE y Coordinador General de Becas y Proyectos de la Direcci\u00f3n de Internacionalizaci\u00f3n de la CAPES).<\/p>\n<p>Coordinaci\u00f3n extranjera: Prof. Dr. Nader Asgary (Profesor de Bentley University \u2013 EUA, Director del CIK \u2013 Cyrus Institute of Knowledge y Presidente de la Comisi\u00f3n Organizadora del VIII International Conference Cyrus).<\/p>\n<\/td>\n<\/tr>\n<tr>\n<td width=\"18%\">\n<p><strong>16h30 a 18h30<\/strong><\/p>\n<\/td>\n<td width=\"81%\">\n<p><strong>Sesi\u00f3n de Presentaci\u00f3n de Trabajos<\/strong><\/p>\n<\/td>\n<\/tr>\n<tr>\n<td width=\"18%\">\n<p><strong>18h30 a 18h45<\/strong><\/p>\n<\/td>\n<td width=\"81%\">\n<p><strong>Receso<\/strong><\/p>\n<\/td>\n<\/tr>\n<tr>\n<td width=\"18%\">\n<p><strong>18h45<\/strong><\/p>\n<\/td>\n<td width=\"81%\">\n<p><strong>Premiaci\u00f3n de los Mejores Trabajos<\/strong> <strong>del Evento<\/strong><\/p>\n<p><strong>Premiaci\u00f3n de las Mejores Tesis y Disertaciones<\/strong> <strong>(PPGs UNINOVE)<\/strong><\/p>\n<p>Organizaci\u00f3n: Prof. Dr. Julio Araujo Carneiro da Cunha (Profesor del Programa de Postgrado en Administraci\u00f3n de la Universidad Nove de Julho, PPGA-UNINOVE).<\/p>\n<\/td>\n<\/tr>\n<tr>\n<td width=\"18%\">\u00a0<\/td>\n<td width=\"81%\">\u00a0<\/td>\n<\/tr>\n<\/tbody>\n<\/table>\n<\/figure>\n\n\n<h2 class=\"wp-block-heading\"><strong>3\u00ba D\u00cdA DEL EVENTO<\/strong><\/h2>\n\n\n<figure class=\"wp-block-table is-style-stripes\">\n<table width=\"103%\">\n<tbody>\n<tr>\n<td width=\"18%\">\n<p><strong>Horario<\/strong><\/p>\n<\/td>\n<td width=\"81%\">\n<p><strong>03 de octubre de 2020 (S\u00e1bado)<\/strong><\/p>\n<\/td>\n<\/tr>\n<tr>\n<td width=\"18%\">\n<p><strong>9h a 10h45<\/strong><\/p>\n<\/td>\n<td width=\"81%\">\n<p><strong>Workshop<\/strong><strong>: \u201cUso de Experimentos en Investigaciones Cient\u00edficas en Gesti\u00f3n\u201d<\/strong><\/p>\n<p>Prof. Dr. Evandro Luis Lopes (Profesor del Programa de Postgrado en Administraci\u00f3n de la Universidad Nove de Julho, PPGA-UNINOVE).<\/p>\n<\/td>\n<\/tr>\n<tr>\n<td width=\"18%\">\n<p><strong>10h45 a 11h<\/strong><\/p>\n<\/td>\n<td width=\"81%\">\n<p><strong>Receso<\/strong><\/p>\n<\/td>\n<\/tr>\n<tr>\n<td width=\"18%\">\n<p><strong>11h a 12h45<\/strong><\/p>\n<\/td>\n<td width=\"81%\">\n<p><strong>Workshop: \u201c<em>Design Science Research<\/em>\u201d<\/strong><\/p>\n<p>Profa. Dra. Ros\u00e1ria Macri Russo (Profesora del Programa de Postgrado en Gesti\u00f3n de Proyectos de la Universidad Nove de Julho, PPGP-UNINOVE).<\/p>\n<p>Profa. Dra. Cristiane Drebes Pedron (Profesora del Programa de Postgrado en Administraci\u00f3n de la Universidad Nove de Julho, PPGA-UNINOVE y Profesora del Programa de Postgrado en Gesti\u00f3n de Proyectos de la Universidad Nove de Julho, PPGP-UNINOVE).<\/p>\n<\/td>\n<\/tr>\n<tr>\n<td width=\"18%\">\n<p><strong>12h45<\/strong><\/p>\n<\/td>\n<td width=\"81%\">\n<p><strong>Clausura del <\/strong><strong>V<\/strong><strong>III SINGEP-CIK<\/strong><\/p>\n<\/td>\n<\/tr>\n<\/tbody>\n<\/table>\n<\/figure>","protected":false},"excerpt":{"rendered":"<p>Hora de Bras\u00edlia (Brasil) 1\u00ba D\u00cdA DEL EVENTO Horario 01 de octubre de 2020 (Jueves) 9h30 Acreditaci\u00f3n online \u2013 SINGEP-CIK 10h \/ 10h15 Solemnidad de Apertura Prof. Eduardo Storopoli \/ Profa. Maria Cristina Storopoli (Rector\u00eda\/ Prorrector\u00eda de la Universidad Nove de Julho) Prof. Nader Asgary (Profesor de Bentley University \u2013 EUA, Director del CIK \u2013 [&hellip;]<\/p>\n","protected":false},"author":1,"featured_media":0,"parent":0,"menu_order":0,"comment_status":"closed","ping_status":"open","template":"","meta":{"footnotes":""},"class_list":["post-5719","page","type-page","status-publish","hentry"],"_links":{"self":[{"href":"https:\/\/singep.org.br\/8\/wp-json\/wp\/v2\/pages\/5719","targetHints":{"allow":["GET"]}}],"collection":[{"href":"https:\/\/singep.org.br\/8\/wp-json\/wp\/v2\/pages"}],"about":[{"href":"https:\/\/singep.org.br\/8\/wp-json\/wp\/v2\/types\/page"}],"author":[{"embeddable":true,"href":"https:\/\/singep.org.br\/8\/wp-json\/wp\/v2\/users\/1"}],"replies":[{"embeddable":true,"href":"https:\/\/singep.org.br\/8\/wp-json\/wp\/v2\/comments?post=5719"}],"version-history":[{"count":0,"href":"https:\/\/singep.org.br\/8\/wp-json\/wp\/v2\/pages\/5719\/revisions"}],"wp:attachment":[{"href":"https:\/\/singep.org.br\/8\/wp-json\/wp\/v2\/media?parent=5719"}],"curies":[{"name":"wp","href":"https:\/\/api.w.org\/{rel}","templated":true}]}}