{"id":5701,"date":"2018-06-30T13:24:40","date_gmt":"2018-06-30T16:24:40","guid":{"rendered":"http:\/\/singep.org.br\/8\/?page_id=5701"},"modified":"2018-06-30T13:24:40","modified_gmt":"2018-06-30T16:24:40","slug":"estrategia","status":"publish","type":"page","link":"https:\/\/singep.org.br\/8\/estrategia\/?lang=es","title":{"rendered":"Estrategia"},"content":{"rendered":"<p>Temas:<\/p>\n<ol>\n<li>Estrategia y Emprendimiento<\/li>\n<li>Estrategia y Marketing<\/li>\n<li>Estrategia e Innovaci\u00f3n<\/li>\n<li>Estrategia y Organizaciones<\/li>\n<li>Estrategia, Liderazgo y Gobernanza<\/li>\n<li>Estrategia y Negocios Internacionales en el contexto Iberoamericano<\/li>\n<li>Estrategia corporativa y competitiva<\/li>\n<li>Ense\u00f1anza en estrategia<\/li>\n<li>Investigaci\u00f3n y m\u00e9todos de investigaci\u00f3n en estrategia<\/li>\n<li>Consultor\u00eda y pr\u00e1ctica de la estrategia<\/li>\n<\/ol>\n<p>&nbsp;<\/p>\n","protected":false},"excerpt":{"rendered":"<p>Temas: Estrategia y Emprendimiento Estrategia y Marketing Estrategia e Innovaci\u00f3n Estrategia y Organizaciones Estrategia, Liderazgo y Gobernanza Estrategia y Negocios Internacionales en el contexto Iberoamericano Estrategia corporativa y competitiva Ense\u00f1anza en estrategia Investigaci\u00f3n y m\u00e9todos de investigaci\u00f3n en estrategia Consultor\u00eda y pr\u00e1ctica de la estrategia &nbsp;<\/p>\n","protected":false},"author":1,"featured_media":0,"parent":0,"menu_order":0,"comment_status":"closed","ping_status":"closed","template":"","meta":{"footnotes":""},"class_list":["post-5701","page","type-page","status-publish","hentry"],"_links":{"self":[{"href":"https:\/\/singep.org.br\/8\/wp-json\/wp\/v2\/pages\/5701","targetHints":{"allow":["GET"]}}],"collection":[{"href":"https:\/\/singep.org.br\/8\/wp-json\/wp\/v2\/pages"}],"about":[{"href":"https:\/\/singep.org.br\/8\/wp-json\/wp\/v2\/types\/page"}],"author":[{"embeddable":true,"href":"https:\/\/singep.org.br\/8\/wp-json\/wp\/v2\/users\/1"}],"replies":[{"embeddable":true,"href":"https:\/\/singep.org.br\/8\/wp-json\/wp\/v2\/comments?post=5701"}],"version-history":[{"count":0,"href":"https:\/\/singep.org.br\/8\/wp-json\/wp\/v2\/pages\/5701\/revisions"}],"wp:attachment":[{"href":"https:\/\/singep.org.br\/8\/wp-json\/wp\/v2\/media?parent=5701"}],"curies":[{"name":"wp","href":"https:\/\/api.w.org\/{rel}","templated":true}]}}