{"id":5692,"date":"2018-06-30T13:21:07","date_gmt":"2018-06-30T16:21:07","guid":{"rendered":"http:\/\/singep.org.br\/8\/?page_id=5692"},"modified":"2018-06-30T13:21:07","modified_gmt":"2018-06-30T16:21:07","slug":"innovacion","status":"publish","type":"page","link":"https:\/\/singep.org.br\/8\/innovacion\/?lang=es","title":{"rendered":"Innovaci\u00f3n"},"content":{"rendered":"<p>Temas:<\/p>\n<ol>\n<li>Innovaci\u00f3n, Tecnolog\u00eda y Competitividad<\/li>\n<li>Innovaci\u00f3n, Incubadoras y Parques Tecnol\u00f3gicos<\/li>\n<li>Pol\u00edticas y Gesti\u00f3n de la Ciencia, Tecnolog\u00eda e Innovaci\u00f3n<\/li>\n<li>Innovaci\u00f3n, Internacionalizaci\u00f3n y Estrategia<\/li>\n<li>Innovaci\u00f3n Organizacional, de Negocios y Emprendimiento<\/li>\n<li>Innovaci\u00f3n y Marketing<\/li>\n<li>Innovaci\u00f3n y Administraci\u00f3n P\u00fablica<\/li>\n<li>Innovaci\u00f3n y Gesti\u00f3n de la Salud<\/li>\n<li>Innovaci\u00f3n, Operaciones y Log\u00edstica<\/li>\n<li>T\u00f3picos Especiales en Innovaci\u00f3n (Este tema contempla otros importantes t\u00f3picos sobre\u00a0innovaci\u00f3n\u00a0que no fueron presentados en los temas anteriores)<\/li>\n<\/ol>\n<p>&nbsp;<\/p>\n","protected":false},"excerpt":{"rendered":"<p>Temas: Innovaci\u00f3n, Tecnolog\u00eda y Competitividad Innovaci\u00f3n, Incubadoras y Parques Tecnol\u00f3gicos Pol\u00edticas y Gesti\u00f3n de la Ciencia, Tecnolog\u00eda e Innovaci\u00f3n Innovaci\u00f3n, Internacionalizaci\u00f3n y Estrategia Innovaci\u00f3n Organizacional, de Negocios y Emprendimiento Innovaci\u00f3n y Marketing Innovaci\u00f3n y Administraci\u00f3n P\u00fablica Innovaci\u00f3n y Gesti\u00f3n de la Salud Innovaci\u00f3n, Operaciones y Log\u00edstica T\u00f3picos Especiales en Innovaci\u00f3n (Este tema contempla otros importantes [&hellip;]<\/p>\n","protected":false},"author":1,"featured_media":0,"parent":0,"menu_order":0,"comment_status":"closed","ping_status":"closed","template":"","meta":{"footnotes":""},"class_list":["post-5692","page","type-page","status-publish","hentry"],"_links":{"self":[{"href":"https:\/\/singep.org.br\/8\/wp-json\/wp\/v2\/pages\/5692","targetHints":{"allow":["GET"]}}],"collection":[{"href":"https:\/\/singep.org.br\/8\/wp-json\/wp\/v2\/pages"}],"about":[{"href":"https:\/\/singep.org.br\/8\/wp-json\/wp\/v2\/types\/page"}],"author":[{"embeddable":true,"href":"https:\/\/singep.org.br\/8\/wp-json\/wp\/v2\/users\/1"}],"replies":[{"embeddable":true,"href":"https:\/\/singep.org.br\/8\/wp-json\/wp\/v2\/comments?post=5692"}],"version-history":[{"count":0,"href":"https:\/\/singep.org.br\/8\/wp-json\/wp\/v2\/pages\/5692\/revisions"}],"wp:attachment":[{"href":"https:\/\/singep.org.br\/8\/wp-json\/wp\/v2\/media?parent=5692"}],"curies":[{"name":"wp","href":"https:\/\/api.w.org\/{rel}","templated":true}]}}