{"id":5639,"date":"2018-06-30T12:25:59","date_gmt":"2018-06-30T15:25:59","guid":{"rendered":"http:\/\/singep.org.br\/8\/?page_id=5639"},"modified":"2018-06-30T13:06:22","modified_gmt":"2018-06-30T16:06:22","slug":"reglas-para-enviar-los-trabajos","status":"publish","type":"page","link":"https:\/\/singep.org.br\/8\/reglas-para-enviar-los-trabajos\/?lang=es","title":{"rendered":"Reglas para enviar los trabajos"},"content":{"rendered":"<p>Los autores pueden enviar sus trabajos en el formato de art\u00edculo cient\u00edfico, relato t\u00e9cnico o p\u00f3ster, para una de las cuatro \u00e1reas de inter\u00e9s del evento: Gesti\u00f3n de Proyectos, Innovaci\u00f3n, Sostenibilidad o Estrategia.<\/p>\n<p>Cada autor puede enviar hasta cuatro trabajos, siendo como m\u00e1ximo, tres de ellos del mismo formato (por ejemplo, un mismo autor puede enviar tres art\u00edculos cient\u00edficos y un p\u00f3ster).<\/p>\n<p>Cada trabajo solo podr\u00e1 tener hasta 4 autores.<\/p>\n<div class=\"cosmo-unorderedlist bullet\"><\/p>\n<ul>\n<li><a title=\"Modalidade Artigo Cient\u00edfico\" href=\"https:\/\/singep.org.br\/8\/reglas-para-enviar-los-trabajos\/formato-para-articulos-cientificos\/?lang=es\">Formato para Art\u00edculo Cient\u00edfico<\/a><\/li>\n<li><a title=\"Modalidade Relato T\u00e9cnico\" href=\"https:\/\/singep.org.br\/8\/reglas-para-enviar-los-trabajos\/formato-para-relato-tecnico\/?lang=es\">Formato para Relato T\u00e9cnico<\/a><\/li>\n<li><a title=\"Modalidade P\u00f4ster\" href=\"https:\/\/singep.org.br\/8\/reglas-para-enviar-los-trabajos\/formato-para-poster\/?lang=es\">Formata\u00e7\u00e3o P\u00f3ster<\/a><\/li>\n<\/ul>\n<p><\/div>\n<h3><\/h3>\n","protected":false},"excerpt":{"rendered":"<p>Los autores pueden enviar sus trabajos en el formato de art\u00edculo cient\u00edfico, relato t\u00e9cnico o p\u00f3ster, para una de las cuatro \u00e1reas de inter\u00e9s del evento: Gesti\u00f3n de Proyectos, Innovaci\u00f3n, Sostenibilidad o Estrategia. Cada autor puede enviar hasta cuatro trabajos, siendo como m\u00e1ximo, tres de ellos del mismo formato (por ejemplo, un mismo autor puede [&hellip;]<\/p>\n","protected":false},"author":1,"featured_media":0,"parent":0,"menu_order":0,"comment_status":"closed","ping_status":"closed","template":"","meta":{"footnotes":""},"class_list":["post-5639","page","type-page","status-publish","hentry"],"_links":{"self":[{"href":"https:\/\/singep.org.br\/8\/wp-json\/wp\/v2\/pages\/5639","targetHints":{"allow":["GET"]}}],"collection":[{"href":"https:\/\/singep.org.br\/8\/wp-json\/wp\/v2\/pages"}],"about":[{"href":"https:\/\/singep.org.br\/8\/wp-json\/wp\/v2\/types\/page"}],"author":[{"embeddable":true,"href":"https:\/\/singep.org.br\/8\/wp-json\/wp\/v2\/users\/1"}],"replies":[{"embeddable":true,"href":"https:\/\/singep.org.br\/8\/wp-json\/wp\/v2\/comments?post=5639"}],"version-history":[{"count":0,"href":"https:\/\/singep.org.br\/8\/wp-json\/wp\/v2\/pages\/5639\/revisions"}],"wp:attachment":[{"href":"https:\/\/singep.org.br\/8\/wp-json\/wp\/v2\/media?parent=5639"}],"curies":[{"name":"wp","href":"https:\/\/api.w.org\/{rel}","templated":true}]}}