{"id":5570,"date":"2018-06-29T09:52:28","date_gmt":"2018-06-29T12:52:28","guid":{"rendered":"http:\/\/singep.org.br\/8\/?page_id=5570"},"modified":"2020-02-19T18:01:27","modified_gmt":"2020-02-19T21:01:27","slug":"international-scientific-committee","status":"publish","type":"page","link":"https:\/\/singep.org.br\/8\/international-scientific-committee\/?lang=en","title":{"rendered":"International Scientific Committee"},"content":{"rendered":"\n<p>Andr\u00e9 Felipe Henriques Librantz, Universidade Nove de Julho \u2013 UNINOVE, S\u00e3o Paulo, Brasil<br>\nAntonio Cesar Amaru Maximiano, Universidade de S\u00e3o Paulo \u2013 USP, S\u00e3o Paulo, Brasil<br>\nBenny Kramer Costa, Universidade Nove de Julho \u2013 UNINOVE, S\u00e3o Paulo, Brasil<br>\nCarlos Rufin, Suffolk University, EUA<br>\nCibele Barsaline Martins, Universidade Federal de Santa Catarina \u2013 UFSC, Brasil<br>\nClandia Maffini Gomes, Universidade Federal de Santa Maria \u2013 UFSM, Rio Grande do Sul, Brasil<br>\nClaudia Brito Silva Cirani, Universidade Nove de Julho \u2013 UNINOVE, S\u00e3o Paulo, Brasil<br>\nCl\u00e1udia Terezinha Kniess \u2013 S\u00e3o Paulo, Brasil<br>\nClaudio Antonio Rojo, Universidade Estadual do Oeste do Paran\u00e1 \u2013 UNIOESTE, Paran\u00e1, Brasil<br>\nDario De Oliveira Lima-Filho, Universidade Federal de Santa Maria \u2013 UFSM, Rio Grande do Sul, Brasil<br>\nEdson Luiz Riccio, Universidade de S\u00e3o Paulo \u2013 USP, S\u00e3o Paulo, Brasil<br>\nFernando Antonio Ribeiro Serra, Universidade Nove de Julho \u2013 UNINOVE, S\u00e3o Paulo, Brasil<br>\nGeraldo Cardoso de Oliveira Neto, Universidade Nove de Julho \u2013 UNINOVE, S\u00e3o Paulo, Brasil<br>\nGeysler Rogis Flor Bertolini, Universidade Estadual do Oeste do Paran\u00e1 \u2013 UNIOESTE, Paran\u00e1, Brasil<br>\nGra\u00e7a Maria de Oliveira Miranda Silva, Instituto Superior de Economia e Gest\u00e3o \u2013 ISEG, Lisboa, Portugal<br>\nGuilherme Ary Plonski, Universidade de S\u00e3o Paulo \u2013 FEA-USP, S\u00e3o Paulo, Brasil<br>\nHeidy Rodriguez Ramos, Universidade Nove de Julho \u2013 UNINOVE, S\u00e3o Paulo, Brasil<br>\nHeloisa Hollnagel \u2013 Universidade Federal de S\u00e3o Paulo \u2013 UNIFESP, S\u00e3o Paulo, Brasil<br>\nIvan de Souza Dutra, Universidade Estadual de Londrina \u2013 UEL, Paran\u00e1, Brasil<br>\nJo\u00e3o Paschoalin Filho, Universidade Nove de Julho \u2013 UNINOVE, S\u00e3o Paulo, Brasil<br>\nJos\u00e9 Eduardo Storopoli, Universidade Nove de Julho \u2013 UNINOVE, S\u00e3o Paulo, Brasil<br>\nLara Jansiski Motta, Universidade Nove de Julho \u2013 UNINOVE, S\u00e3o Paulo, Brasil<br>\nL\u00facia Rejane da Rosa Gama Madruga, Universidade Federal de Santa Maria, Rio Grande do Sul, Brasil<br>\nM\u00e1rcia Cristina Zago Novareti, Universidade Nove de Julho \u2013 UNINOVE, S\u00e3o Paulo, Brasil<br>\nMaria Celeste Reis Lobo de Vasconcelos, Funda\u00e7\u00e3o Pedro Leopoldo \u2013 FPL, Minas Gerais, Brasil<br>\nM\u00e1rio Jos\u00e9 Batista Rom\u00e3o, ISCTE Business School \u2013 ISCTE-IUL, Lisboa, Portugal<br>\nMarly Monteiro de Carvalho, Universidade de S\u00e3o Paulo \u2013 POLI-USP, S\u00e3o Paulo, Brasil<br>\nMaur\u00edcio Fernandes Pereira, Universidade Federal de Santa Catarina \u2013 UFSC, Santa Catarina, Brasil<br>\nNader Asgary, Bentley University, EUA<br>\nRicardo Luiz Pereira Bueno \u2013 Universidade Federal de S\u00e3o Paulo \u2013 UNIFESP, Brasil<br>\nRoberto Lima Ruas, Universidade Nove de Julho \u2013 UNINOVE, S\u00e3o Paulo, Brasil<br>\nRonaldo Locatelli, Funda\u00e7\u00e3o Pedro Leopoldo \u2013 FPL, Minas Gerais, Brasil<br>\nRoque Rabechini Jr, Universidade Nove de Julho \u2013 UNINOVE, S\u00e3o Paulo, Brasil<\/p>\n","protected":false},"excerpt":{"rendered":"<p>Andr\u00e9 Felipe Henriques Librantz, Universidade Nove de Julho \u2013 UNINOVE, S\u00e3o Paulo, Brasil Antonio Cesar Amaru Maximiano, Universidade de S\u00e3o Paulo \u2013 USP, S\u00e3o Paulo, Brasil Benny Kramer Costa, Universidade Nove de Julho \u2013 UNINOVE, S\u00e3o Paulo, Brasil Carlos Rufin, Suffolk University, EUA Cibele Barsaline Martins, Universidade Federal de Santa Catarina \u2013 UFSC, Brasil Clandia [&hellip;]<\/p>\n","protected":false},"author":1,"featured_media":0,"parent":0,"menu_order":0,"comment_status":"closed","ping_status":"closed","template":"","meta":{"footnotes":""},"class_list":["post-5570","page","type-page","status-publish","hentry"],"_links":{"self":[{"href":"https:\/\/singep.org.br\/8\/wp-json\/wp\/v2\/pages\/5570","targetHints":{"allow":["GET"]}}],"collection":[{"href":"https:\/\/singep.org.br\/8\/wp-json\/wp\/v2\/pages"}],"about":[{"href":"https:\/\/singep.org.br\/8\/wp-json\/wp\/v2\/types\/page"}],"author":[{"embeddable":true,"href":"https:\/\/singep.org.br\/8\/wp-json\/wp\/v2\/users\/1"}],"replies":[{"embeddable":true,"href":"https:\/\/singep.org.br\/8\/wp-json\/wp\/v2\/comments?post=5570"}],"version-history":[{"count":0,"href":"https:\/\/singep.org.br\/8\/wp-json\/wp\/v2\/pages\/5570\/revisions"}],"wp:attachment":[{"href":"https:\/\/singep.org.br\/8\/wp-json\/wp\/v2\/media?parent=5570"}],"curies":[{"name":"wp","href":"https:\/\/api.w.org\/{rel}","templated":true}]}}