{"id":5564,"date":"2018-06-29T09:47:04","date_gmt":"2018-06-29T12:47:04","guid":{"rendered":"http:\/\/singep.org.br\/8\/?page_id=5564"},"modified":"2020-09-25T12:37:22","modified_gmt":"2020-09-25T15:37:22","slug":"vii-singep","status":"publish","type":"page","link":"https:\/\/singep.org.br\/8\/vii-singep\/?lang=es","title":{"rendered":"VIII Singep &#038; 8 CIK"},"content":{"rendered":"\n<p><strong>El<\/strong>&nbsp;<strong>VIII Simp\u00f3sio Internacional de Gest\u00e3o de Projetos, Inova\u00e7\u00e3o e Sustentabilidade (VIII SINGEP)<\/strong>&nbsp;tiene como principal objetivo ampliar el espacio para la discusi\u00f3n de los temas: Gesti\u00f3n de Proyectos, Innovaci\u00f3n y Sostenibilidad.<\/p>\n\n\n\n<p>El evento est\u00e1 orientado para el p\u00fablico acad\u00e9mico y profesional, y busca establecer contacto entre la pr\u00e1ctica y la teor\u00eda de las \u00e1reas de Gesti\u00f3n de Proyectos, Innovaci\u00f3n, Sostenibilidad y Estrategia. Tal iniciativa tiene el objetivo de proporcionar un espacio de relevancia para las discusiones, de car\u00e1cter cient\u00edfico y tecnol\u00f3gico, con la intenci\u00f3n de ampliar la formaci\u00f3n de los profesionales cuyas actividades se encuadran en esas cuatro \u00e1reas.<\/p>\n\n\n\n<p><strong>Realizado<\/strong><\/p>\n\n\n\n<figure class=\"wp-block-image size-large\"><img decoding=\"async\" src=\"https:\/\/singep.org.br\/8\/wp-content\/uploads\/sites\/4\/2019\/08\/logo-dos-programas-2019.jpg\" alt=\"\"\/><\/figure>\n","protected":false},"excerpt":{"rendered":"<p>El&nbsp;VIII Simp\u00f3sio Internacional de Gest\u00e3o de Projetos, Inova\u00e7\u00e3o e Sustentabilidade (VIII SINGEP)&nbsp;tiene como principal objetivo ampliar el espacio para la discusi\u00f3n de los temas: Gesti\u00f3n de Proyectos, Innovaci\u00f3n y Sostenibilidad. El evento est\u00e1 orientado para el p\u00fablico acad\u00e9mico y profesional, y busca establecer contacto entre la pr\u00e1ctica y la teor\u00eda de las \u00e1reas de Gesti\u00f3n [&hellip;]<\/p>\n","protected":false},"author":1,"featured_media":0,"parent":0,"menu_order":0,"comment_status":"closed","ping_status":"closed","template":"","meta":{"footnotes":""},"class_list":["post-5564","page","type-page","status-publish","hentry"],"_links":{"self":[{"href":"https:\/\/singep.org.br\/8\/wp-json\/wp\/v2\/pages\/5564","targetHints":{"allow":["GET"]}}],"collection":[{"href":"https:\/\/singep.org.br\/8\/wp-json\/wp\/v2\/pages"}],"about":[{"href":"https:\/\/singep.org.br\/8\/wp-json\/wp\/v2\/types\/page"}],"author":[{"embeddable":true,"href":"https:\/\/singep.org.br\/8\/wp-json\/wp\/v2\/users\/1"}],"replies":[{"embeddable":true,"href":"https:\/\/singep.org.br\/8\/wp-json\/wp\/v2\/comments?post=5564"}],"version-history":[{"count":0,"href":"https:\/\/singep.org.br\/8\/wp-json\/wp\/v2\/pages\/5564\/revisions"}],"wp:attachment":[{"href":"https:\/\/singep.org.br\/8\/wp-json\/wp\/v2\/media?parent=5564"}],"curies":[{"name":"wp","href":"https:\/\/api.w.org\/{rel}","templated":true}]}}