{"id":5318,"date":"2017-06-09T17:20:35","date_gmt":"2017-06-09T20:20:35","guid":{"rendered":"http:\/\/singep.org.br\/8\/?page_id=5318"},"modified":"2019-08-28T21:22:32","modified_gmt":"2019-08-29T00:22:32","slug":"estrategia","status":"publish","type":"page","link":"https:\/\/singep.org.br\/8\/areas\/estrategia\/","title":{"rendered":"Estrat\u00e9gia"},"content":{"rendered":"\n<h3 class=\"wp-block-heading\">Temas:<\/h3>\n\n\n\n<ol class=\"wp-block-list\"><li>Estrat\u00e9gia e Empreendedorismo<\/li><li>Estrat\u00e9gia e Marketing<\/li><li>Estrat\u00e9gia e Inova\u00e7\u00e3o<\/li><li>Estrat\u00e9gia e Organiza\u00e7\u00f5es<\/li><li>Estrat\u00e9gia, Lideran\u00e7a e Governan\u00e7a<\/li><li>Estrat\u00e9gia e Neg\u00f3cios Internacionais <\/li><li>Estrat\u00e9gia Corporativa e Competitiva<\/li><li>Ensino e Pesquisa em Estrat\u00e9gia<\/li><li>Estrat\u00e9gia Comportamental <\/li><li>Consultoria e Pr\u00e1tica da Estrat\u00e9gia<\/li><\/ol>\n","protected":false},"excerpt":{"rendered":"<p>Temas: Estrat\u00e9gia e Empreendedorismo Estrat\u00e9gia e Marketing Estrat\u00e9gia e Inova\u00e7\u00e3o Estrat\u00e9gia e Organiza\u00e7\u00f5es Estrat\u00e9gia, Lideran\u00e7a e Governan\u00e7a Estrat\u00e9gia e Neg\u00f3cios Internacionais Estrat\u00e9gia Corporativa e Competitiva Ensino e Pesquisa em Estrat\u00e9gia Estrat\u00e9gia Comportamental Consultoria e Pr\u00e1tica da Estrat\u00e9gia<\/p>\n","protected":false},"author":1,"featured_media":0,"parent":30,"menu_order":0,"comment_status":"closed","ping_status":"closed","template":"","meta":{"footnotes":""},"class_list":["post-5318","page","type-page","status-publish","hentry"],"_links":{"self":[{"href":"https:\/\/singep.org.br\/8\/wp-json\/wp\/v2\/pages\/5318","targetHints":{"allow":["GET"]}}],"collection":[{"href":"https:\/\/singep.org.br\/8\/wp-json\/wp\/v2\/pages"}],"about":[{"href":"https:\/\/singep.org.br\/8\/wp-json\/wp\/v2\/types\/page"}],"author":[{"embeddable":true,"href":"https:\/\/singep.org.br\/8\/wp-json\/wp\/v2\/users\/1"}],"replies":[{"embeddable":true,"href":"https:\/\/singep.org.br\/8\/wp-json\/wp\/v2\/comments?post=5318"}],"version-history":[{"count":0,"href":"https:\/\/singep.org.br\/8\/wp-json\/wp\/v2\/pages\/5318\/revisions"}],"up":[{"embeddable":true,"href":"https:\/\/singep.org.br\/8\/wp-json\/wp\/v2\/pages\/30"}],"wp:attachment":[{"href":"https:\/\/singep.org.br\/8\/wp-json\/wp\/v2\/media?parent=5318"}],"curies":[{"name":"wp","href":"https:\/\/api.w.org\/{rel}","templated":true}]}}