{"id":4341,"date":"2015-06-18T16:40:30","date_gmt":"2015-06-18T19:40:30","guid":{"rendered":"https:\/\/singep.org.br\/?page_id=4341"},"modified":"2020-10-02T17:25:24","modified_gmt":"2020-10-02T20:25:24","slug":"programacao","status":"publish","type":"page","link":"https:\/\/singep.org.br\/8\/programacao\/","title":{"rendered":"Programa\u00e7\u00e3o Geral"},"content":{"rendered":"\n<p class=\"has-vivid-red-color has-text-color\"><strong>Hor\u00e1rio de Bras\u00edlia (Brasil)<\/strong><\/p>\n\n\n\n<h2 class=\"wp-block-heading\"><strong>1\u00ba DIA DO EVENTO<\/strong><\/h2>\n\n\n<figure class=\"wp-block-table is-style-stripes\">\n<table width=\"103%\">\n<tbody>\n<tr>\n<td width=\"18%\">\n<p><strong>Hor\u00e1rio<\/strong><\/p>\n<\/td>\n<td width=\"81%\">\n<p><strong>01 de outubro de 2020 (Quinta-feira)<\/strong><\/p>\n<\/td>\n<\/tr>\n<tr>\n<td width=\"18%\">\n<p><strong>9h30<\/strong><\/p>\n<\/td>\n<td width=\"81%\">\n<p><strong>Credenciamento online \u2013 SINGEP-CIK<\/strong><\/p>\n<\/td>\n<\/tr>\n<tr>\n<td width=\"18%\">\n<p><strong>10h \u2013 10h15<\/strong><\/p>\n<\/td>\n<td width=\"81%\">\n<p><strong>Solenidade de Abertura<\/strong><\/p>\n<p>Prof. Eduardo Storopoli \/ Profa. Maria Cristina Storopoli (Reitoria\/Pr\u00f3-Reitoria da Universidade Nove de Julho)<\/p>\n<p>Prof. Dr. Nader Asgary (Professor da Bentley University \u2013 EUA, Diretor do CIK \u2013 Cyrus Institute of Knowledge, e Presidente da Comiss\u00e3o Organizadora do VIII International Conference Cyrus).<\/p>\n<p>Profa. Dra. Cristina Dai Pr\u00e1 Martens (Diretora do Programa de P\u00f3s-gradua\u00e7\u00e3o em Gest\u00e3o de Projetos da Universidade Nove de Julho, PPGP-UNINOVE, e Presidente da Comiss\u00e3o Organizadora do VIII SINGEP).<\/p>\n<p>Prof. Dr. Jorge Ferreira da Silva (Professor do Programa de P\u00f3s-Gradua\u00e7\u00e3o em Administra\u00e7\u00e3o da Escola de Neg\u00f3cios \u2013 IAG -PUC-RIO).<\/p>\n<p>Prof. Dra. Priscila Rezende da Costa (Diretora do Programa de P\u00f3s-gradua\u00e7\u00e3o em Administra\u00e7\u00e3o da Universidade Nove de Julho, PPGA-UNINOVE).<\/p>\n<p>Prof. Dr. Mauro Luiz Martens (Diretor do Programa de P\u00f3s-gradua\u00e7\u00e3o em Engenharia de Produ\u00e7\u00e3o da Universidade Nove de Julho, PPGEP-UNINOVE).<\/p>\n<\/td>\n<\/tr>\n<tr>\n<td width=\"18%\">\n<p><strong>10h15 \u00e0s 11h40<\/strong><\/p>\n<\/td>\n<td width=\"81%\">\n<p><strong>Plenary Presentation: ENTREPRENEURSHIP, PROJECT MANAGEMENT, AND RESPONSIBLE LEADERSHIP IN THE NEW ERA<\/strong><\/p>\n<p>Conferencistas: Prof. Dr. Nader Asgary (Bentley University, EUA) e Mr. Poorya Hosseini (Doctoral Candidate and President of Iranian Studies Group &#8211; ISG at MIT).<\/p>\n<p>Moderadora: Profa. Dra. Cristina Dai Pr\u00e1 Martens (Diretora do Programa de P\u00f3s-gradua\u00e7\u00e3o em Gest\u00e3o de Projetos da Universidade Nove de Julho, PPGP-UNINOVE).<\/p>\n<p>Debatedor: Prof. Dr. Jorge Ferreira da Silva (Professor do Programa de P\u00f3s-Gradua\u00e7\u00e3o em Administra\u00e7\u00e3o da Escola de Neg\u00f3cios \u2013 IAG -PUC-RIO).<\/p>\n<\/td>\n<\/tr>\n<tr>\n<td width=\"18%\">\n<p><strong>11h40 \u00e0s 12h<\/strong><\/p>\n<\/td>\n<td width=\"81%\">\n<p><strong>Intervalo<\/strong><\/p>\n<\/td>\n<\/tr>\n<tr>\n<td width=\"18%\">&nbsp;<\/td>\n<td width=\"81%\">&nbsp;<\/td>\n<\/tr>\n<tr>\n<td width=\"18%\">\n<p><strong>12h \u00e0s 13h30<\/strong><\/p>\n<\/td>\n<td width=\"81%\">\n<p><strong>Encontro de Editores e Autores: melhores pr\u00e1ticas em publica\u00e7\u00f5es<\/strong><\/p>\n<p>Organiza\u00e7\u00e3o: Prof. Dr. Fernando Antonio Ribeiro Serra (Professor do Programa de P\u00f3s-gradua\u00e7\u00e3o em Administra\u00e7\u00e3o da Universidade Nove de Julho, PPGA-UNINOVE, e Professor do Programa de P\u00f3s-gradua\u00e7\u00e3o em Gest\u00e3o de Projetos da Universidade Nove de Julho, PPGP-UNINOVE).<\/p>\n<\/td>\n<\/tr>\n<tr>\n<td width=\"18%\">\n<p><strong>13h30 \u00e0s 14h30<\/strong><\/p>\n<\/td>\n<td width=\"81%\">\n<p><strong>Intervalo livre<\/strong><\/p>\n<\/td>\n<\/tr>\n<tr>\n<td width=\"18%\">\n<p><strong>14h30 \u00e0s 16h30<\/strong><\/p>\n<\/td>\n<td width=\"81%\">\n<p><strong>Sess\u00f5es paralelas de Apresenta\u00e7\u00e3o de Trabalhos <\/strong><\/p>\n<\/td>\n<\/tr>\n<tr>\n<td width=\"18%\">\n<p><strong>14h30 \u00e0s 16h30<\/strong><\/p>\n<\/td>\n<td width=\"81%\">\n<p><strong>Plenary Presentation CIK: Higher Education Challenges and Opportunities<\/strong><\/p>\n<\/td>\n<\/tr>\n<tr>\n<td width=\"18%\">\n<p><strong>16h30 \u00e0s 16h45<\/strong><\/p>\n<\/td>\n<td width=\"81%\">\n<p><strong>Intervalo <\/strong><\/p>\n<\/td>\n<\/tr>\n<tr>\n<td width=\"18%\">\n<p><strong>16h45 \u00e0s 18h45<\/strong><\/p>\n<\/td>\n<td width=\"81%\">\n<p><strong>Sess\u00f5es paralelas de apresenta\u00e7\u00e3o de Trabalhos <\/strong><\/p>\n<\/td>\n<\/tr>\n<\/tbody>\n<\/table>\n<\/figure>\n\n\n<h2 class=\"wp-block-heading\"><strong>2\u00ba DIA DO EVENTO<\/strong><\/h2>\n\n\n<figure class=\"wp-block-table is-style-stripes\">\n<table width=\"103%\">\n<tbody>\n<tr>\n<td width=\"18%\">\n<p><strong>Hor\u00e1rio<\/strong><\/p>\n<\/td>\n<td width=\"81%\">\n<p><strong>02 de outubro de 2020 (Sexta-feira)<\/strong><\/p>\n<\/td>\n<\/tr>\n<tr>\n<td width=\"18%\">\n<p><strong>9h30<\/strong><\/p>\n<\/td>\n<td width=\"81%\">\n<p><strong>Credenciamento online \u2013 SINGEP-CIK <\/strong><\/p>\n<\/td>\n<\/tr>\n<tr>\n<td width=\"18%\">\n<p><strong>10h \u00e0s 11h45<\/strong><\/p>\n<\/td>\n<td width=\"81%\">\n<p><strong>Painel: Economia Circular e Ind\u00fastria 4.0: Desafios e Oportunidades inovadoras<\/strong><\/p>\n<p>Painelistas: Prof. Dr. Carlos Ruffin (Suffolk University, EUA), Me. Dante Minucci (Gerente de Automa\u00e7\u00e3o e Inova\u00e7\u00e3o).<\/p>\n<p>Moderador: Prof. Dra. Priscila Rezende da Costa (Diretora do Programa de P\u00f3s-gradua\u00e7\u00e3o em Administra\u00e7\u00e3o da Universidade Nove de Julho, PPGA-UNINOVE).<\/p>\n<p>Debatedor: Prof. Dr. Mauro Luiz Martens (Diretor do Programa de P\u00f3s-gradua\u00e7\u00e3o em Engenharia de Produ\u00e7\u00e3o da Universidade Nove de Julho, PPGEP-UNINOVE).<\/p>\n<\/td>\n<\/tr>\n<tr>\n<td width=\"18%\">\n<p><strong>11h45 \u00e0s 12h<\/strong><\/p>\n<\/td>\n<td width=\"81%\">\n<p><strong>Intervalo<\/strong><\/p>\n<\/td>\n<\/tr>\n<tr>\n<td width=\"18%\">\n<p><strong>12h \u00e0s 14h<\/strong><\/p>\n<\/td>\n<td width=\"81%\">\n<p><strong>Sess\u00f5es paralelas de apresenta\u00e7\u00e3o de Trabalhos <\/strong><\/p>\n<\/td>\n<\/tr>\n<tr>\n<td width=\"18%\">\n<p><strong>12h \u00e0s 14h<\/strong><\/p>\n<\/td>\n<td width=\"81%\">\n<p><strong>Paper Development Workshop (PDW): Editores das revistas<\/strong><\/p>\n<p>Coordena\u00e7\u00e3o: Prof. Dr. Luciano Ferreira da Silva (Professor do Programa de P\u00f3s-gradua\u00e7\u00e3o em Gest\u00e3o de Projetos da Universidade Nove de Julho, PPGP-UNINOVE).<\/p>\n<\/td>\n<\/tr>\n<tr>\n<td width=\"18%\">\n<p><strong>14h \u00e0s 15h<\/strong><\/p>\n<\/td>\n<td width=\"81%\">\n<p><strong>Intervalo <\/strong><\/p>\n<\/td>\n<\/tr>\n<tr>\n<td width=\"18%\">\n<p><strong>15h \u00e0s 16h30<\/strong><\/p>\n<\/td>\n<td width=\"81%\">\n<p><strong>Cons\u00f3rcio Doutoral Internacional <\/strong><\/p>\n<p>Coordena\u00e7\u00e3o nacional: Prof. Dr. Emerson Antonio Maccari (Professor do Programa de P\u00f3s-gradua\u00e7\u00e3o em Administra\u00e7\u00e3o da Universidade Nove de Julho, PPGA-UNINOVE, e Professor do Programa de P\u00f3s-gradua\u00e7\u00e3o em Gest\u00e3o de Projetos da Universidade Nove de Julho, PPGP-UNINOVE, Coordenador Geral de Bolsas e Projetos da Diretoria de Internacionaliza\u00e7\u00e3o da CAPES).<\/p>\n<p>Coordena\u00e7\u00e3o estrangeira: Prof. Dr. Nader Asgary (Professor da Bentley University \u2013 EUA, Diretor do CIK \u2013 Cyrus Institute of Knowledge, e Presidente da Comiss\u00e3o Organizadora do VIII International Conference Cyrus).<\/p>\n<\/td>\n<\/tr>\n<tr>\n<td width=\"18%\">\n<p><strong>16h30 \u00e0s 18h30<\/strong><\/p>\n<\/td>\n<td width=\"81%\">\n<p><strong>Sess\u00f5es paralelas de apresenta\u00e7\u00e3o de Trabalhos<\/strong><\/p>\n<\/td>\n<\/tr>\n<tr>\n<td width=\"18%\">\n<p><strong>18h30 \u00e0s 18h45<\/strong><\/p>\n<\/td>\n<td width=\"81%\">\n<p><strong>Intervalo<\/strong><\/p>\n<\/td>\n<\/tr>\n<tr>\n<td width=\"18%\">\n<p><strong>18h45<\/strong><\/p>\n<\/td>\n<td width=\"81%\">\n<p><strong>Premia\u00e7\u00e3o dos Melhores Trabalhos do Evento (5 categorias)<\/strong><\/p>\n<p><strong>Premia\u00e7\u00e3o das Melhores Teses e Disserta\u00e7\u00f5es (2 categorias)<\/strong><\/p>\n<p>Organiza\u00e7\u00e3o: Prof. Dr. Julio Araujo Carneiro da Cunha (Professor do Programa de P\u00f3s-gradua\u00e7\u00e3o em Administra\u00e7\u00e3o da Universidade Nove de Julho, PPGA-UNINOVE).<\/p>\n<p><a href=\"https:\/\/singep.org.br\/8\/wp-content\/uploads\/sites\/4\/2020\/09\/Indicados_SINGEP-2020.pdf\">Veja os trabalhos indicados<\/a><\/p>\n<\/td>\n<\/tr>\n<tr>\n<td width=\"18%\">&nbsp;<\/td>\n<td width=\"81%\">&nbsp;<\/td>\n<\/tr>\n<\/tbody>\n<\/table>\n<\/figure>\n\n\n<h2 class=\"wp-block-heading\"><strong>3\u00ba DIA DO EVENTO<\/strong><\/h2>\n\n\n<figure class=\"wp-block-table is-style-stripes\">\n<p><strong>9h \u00e0s 10h30<\/strong><\/p>\n<p><strong>Sess\u00f5es paralelas de apresenta\u00e7\u00e3o de P\u00f4steres <\/strong><\/p>\n<table width=\"103%\">\n<tbody>\n<tr>\n<td width=\"18%\">\n<p><strong>Hor\u00e1rio<\/strong><\/p>\n<\/td>\n<td width=\"81%\">\n<p><strong>03 de outubro de 2020 (S\u00e1bado)<\/strong><\/p>\n<\/td>\n<\/tr>\n\n<tr>\n<td width=\"18%\">\n<p><strong>9h \u00e0s 10h30<\/strong><\/p>\n<\/td>\n<td width=\"81%\">\n<p><strong>Sess\u00f5es paralelas de apresenta\u00e7\u00e3o de P\u00f4steres <\/strong><\/p>\n<\/td>\n<\/tr>\n<tr>\n<td width=\"18%\">\n<p><strong>9h \u00e0s 10h30<\/strong><\/p>\n<\/td>\n<td width=\"81%\">\n<p><strong>Sess\u00f5es paralelas de Apresenta\u00e7\u00e3o de Trabalhos <\/strong><\/p>\n<\/td>\n<\/tr>\n<tr>\n<td width=\"18%\">\n<p><strong>9h \u00e0s 10h45<\/strong><\/p>\n<\/td>\n<td width=\"81%\">\n<p><strong>Workshop: \u201cUso de Experimentos em Pesquisas Cient\u00edficas em Gest\u00e3o\u201d<\/strong><\/p>\n<p>Prof. Dr. Evandro Luis Lopes (Professor do Programa de P\u00f3s-gradua\u00e7\u00e3o em Administra\u00e7\u00e3o da Universidade Nove de Julho, PPGA-UNINOVE).<\/p>\n<\/td>\n<\/tr>\n<tr>\n<td width=\"18%\">\n<p><strong>10h45 \u00e0s 11h<\/strong><\/p>\n<\/td>\n<td width=\"81%\">\n<p><strong>Intervalo<\/strong><\/p>\n<\/td>\n<\/tr>\n<tr>\n<td width=\"18%\">\n<p><strong>11h \u00e0s 12h45<\/strong><\/p>\n<\/td>\n<td width=\"81%\">\n<p><strong>Workshop: \u201c<em>Design Science Research<\/em>\u201d<\/strong><\/p>\n<p>Precisa de um produto tecnol\u00f3gico no Lattes? Seu projeto se recusa a se encaixar nesse novo paradigma? Traga a sua quest\u00e3o de pesquisa para resolver esta crise existencial no Workshop de DSR!<\/p>\n<p>Profa. Dra. Ros\u00e1ria Macri Russo (Professora do Programa de P\u00f3s-gradua\u00e7\u00e3o em Gest\u00e3o de Projetos da Universidade Nove de Julho, PPGP-UNINOVE)<\/p>\n<p>Profa. Dra. Cristiane Drebes Pedron (Professora do Programa de P\u00f3s-gradua\u00e7\u00e3o em Administra\u00e7\u00e3o da Universidade Nove de Julho, PPGA-UNINOVE, e Professora do Programa de P\u00f3s-gradua\u00e7\u00e3o em Gest\u00e3o de Projetos da Universidade Nove de Julho, PPGP-UNINOVE).<\/p>\n<\/td>\n<\/tr>\n<tr>\n<td width=\"18%\">\n<p><strong>12h45<\/strong><\/p>\n<\/td>\n<td width=\"81%\">\n<p><strong>Encerramento do <\/strong><strong>V<\/strong><strong>III SINGEP-CIK<\/strong><\/p>\n<\/td>\n<\/tr>\n<\/tbody>\n<\/table>\n<\/figure>\n\n\n<p><\/p>\n","protected":false},"excerpt":{"rendered":"<p>Hor\u00e1rio de Bras\u00edlia (Brasil) 1\u00ba DIA DO EVENTO Hor\u00e1rio 01 de outubro de 2020 (Quinta-feira) 9h30 Credenciamento online \u2013 SINGEP-CIK 10h \u2013 10h15 Solenidade de Abertura Prof. Eduardo Storopoli \/ Profa. Maria Cristina Storopoli (Reitoria\/Pr\u00f3-Reitoria da Universidade Nove de Julho) Prof. Dr. Nader Asgary (Professor da Bentley University \u2013 EUA, Diretor do CIK \u2013 Cyrus [&hellip;]<\/p>\n","protected":false},"author":1,"featured_media":0,"parent":0,"menu_order":0,"comment_status":"closed","ping_status":"open","template":"","meta":{"footnotes":""},"class_list":["post-4341","page","type-page","status-publish","hentry"],"_links":{"self":[{"href":"https:\/\/singep.org.br\/8\/wp-json\/wp\/v2\/pages\/4341","targetHints":{"allow":["GET"]}}],"collection":[{"href":"https:\/\/singep.org.br\/8\/wp-json\/wp\/v2\/pages"}],"about":[{"href":"https:\/\/singep.org.br\/8\/wp-json\/wp\/v2\/types\/page"}],"author":[{"embeddable":true,"href":"https:\/\/singep.org.br\/8\/wp-json\/wp\/v2\/users\/1"}],"replies":[{"embeddable":true,"href":"https:\/\/singep.org.br\/8\/wp-json\/wp\/v2\/comments?post=4341"}],"version-history":[{"count":0,"href":"https:\/\/singep.org.br\/8\/wp-json\/wp\/v2\/pages\/4341\/revisions"}],"wp:attachment":[{"href":"https:\/\/singep.org.br\/8\/wp-json\/wp\/v2\/media?parent=4341"}],"curies":[{"name":"wp","href":"https:\/\/api.w.org\/{rel}","templated":true}]}}