{"id":28,"date":"2014-05-23T14:03:35","date_gmt":"2014-05-23T17:03:35","guid":{"rendered":"http:\/\/impermad.com.br\/singep\/?page_id=28"},"modified":"2020-02-19T18:00:33","modified_gmt":"2020-02-19T21:00:33","slug":"comissao-cientifica","status":"publish","type":"page","link":"https:\/\/singep.org.br\/8\/comissao-cientifica\/","title":{"rendered":"Comiss\u00e3o Cient\u00edfica"},"content":{"rendered":"\n<p><strong>Comit\u00ea Cient\u00edfico do VIII&nbsp;SINGEP<\/strong><\/p>\n\n\n\n<p>Andr\u00e9 Felipe Henriques Librantz, Universidade Nove de Julho \u2013 UNINOVE, S\u00e3o Paulo, Brasil<br>Antonio Cesar Amaru Maximiano, Universidade de S\u00e3o Paulo \u2013 USP, S\u00e3o Paulo, Brasil<br>Benny Kramer Costa, Universidade Nove de Julho \u2013 UNINOVE, S\u00e3o Paulo, Brasil<br>Carlos Rufin, Suffolk University, EUA<br>Cibele Barsaline Martins, Universidade Federal de Santa Catarina \u2013 UFSC, Brasil<br>Clandia Maffini Gomes, Universidade Federal de Santa Maria \u2013 UFSM, Rio Grande do Sul, Brasil<br>Claudia Brito Silva Cirani, Universidade Nove de Julho \u2013 UNINOVE, S\u00e3o Paulo, Brasil<br>Cl\u00e1udia Terezinha Kniess &#8211; S\u00e3o Paulo, Brasil<br>Claudio Antonio Rojo, Universidade Estadual do Oeste do Paran\u00e1 \u2013 UNIOESTE, Paran\u00e1, Brasil<br>Dario De Oliveira Lima-Filho, Universidade Federal de Santa Maria \u2013 UFSM, Rio Grande do Sul, Brasil<br>Edson Luiz Riccio, Universidade de S\u00e3o Paulo \u2013 USP, S\u00e3o Paulo, Brasil<br>Fernando Antonio Ribeiro Serra, Universidade Nove de Julho \u2013 UNINOVE, S\u00e3o Paulo, Brasil<br>Geraldo Cardoso de Oliveira Neto,\u00a0Universidade Nove de Julho \u2013 UNINOVE, S\u00e3o Paulo, Brasil<br>Geysler Rogis Flor Bertolini, Universidade Estadual do Oeste do Paran\u00e1 \u2013 UNIOESTE, Paran\u00e1, Brasil<br>Gra\u00e7a Maria de Oliveira Miranda Silva, Instituto Superior de Economia e Gest\u00e3o \u2013 ISEG, Lisboa, Portugal<br>Guilherme Ary Plonski, Universidade de S\u00e3o Paulo \u2013 FEA-USP, S\u00e3o Paulo, Brasil<br>Heidy Rodriguez Ramos, Universidade Nove de Julho \u2013 UNINOVE, S\u00e3o Paulo, Brasil<br>Heloisa Hollnagel \u2013 Universidade Federal de S\u00e3o Paulo \u2013 UNIFESP, S\u00e3o Paulo, Brasil<br>Ivan de Souza Dutra, Universidade Estadual de Londrina \u2013 UEL, Paran\u00e1, Brasil<br>Jo\u00e3o Paschoalin Filho, Universidade Nove de Julho \u2013 UNINOVE, S\u00e3o Paulo, Brasil<br>Jos\u00e9 Eduardo Storopoli, Universidade Nove de Julho \u2013 UNINOVE, S\u00e3o Paulo, Brasil<br>Lara Jansiski Motta, Universidade Nove de Julho \u2013 UNINOVE, S\u00e3o Paulo, Brasil<br>L\u00facia Rejane da Rosa Gama Madruga, Universidade Federal de Santa Maria, Rio Grande do Sul, Brasil<br>M\u00e1rcia Cristina Zago Novareti, Universidade Nove de Julho \u2013 UNINOVE, S\u00e3o Paulo, Brasil<br>Maria Celeste Reis Lobo de Vasconcelos, Funda\u00e7\u00e3o Pedro Leopoldo \u2013 FPL, Minas Gerais, Brasil<br>M\u00e1rio Jos\u00e9 Batista Rom\u00e3o, ISCTE Business School \u2013 ISCTE-IUL, Lisboa, Portugal<br>Marly Monteiro de Carvalho, Universidade de S\u00e3o Paulo \u2013 POLI-USP, S\u00e3o Paulo, Brasil<br>Maur\u00edcio Fernandes Pereira, Universidade Federal de Santa Catarina \u2013 UFSC, Santa Catarina, Brasil<br>Nader Asgary, Bentley University, EUA<br>Ricardo Luiz Pereira Bueno \u2013 Universidade Federal de S\u00e3o Paulo \u2013 UNIFESP, Brasil<br>Roberto Lima Ruas, Universidade Nove de Julho &#8211; UNINOVE, S\u00e3o Paulo, Brasil<br>Ronaldo Locatelli, Funda\u00e7\u00e3o Pedro Leopoldo \u2013 FPL, Minas Gerais, Brasil<br>Roque Rabechini Jr, Universidade Nove de Julho \u2013 UNINOVE, S\u00e3o Paulo, Brasil<\/p>\n","protected":false},"excerpt":{"rendered":"<p>Comit\u00ea Cient\u00edfico do VIII&nbsp;SINGEP Andr\u00e9 Felipe Henriques Librantz, Universidade Nove de Julho \u2013 UNINOVE, S\u00e3o Paulo, BrasilAntonio Cesar Amaru Maximiano, Universidade de S\u00e3o Paulo \u2013 USP, S\u00e3o Paulo, BrasilBenny Kramer Costa, Universidade Nove de Julho \u2013 UNINOVE, S\u00e3o Paulo, BrasilCarlos Rufin, Suffolk University, EUACibele Barsaline Martins, Universidade Federal de Santa Catarina \u2013 UFSC, BrasilClandia Maffini [&hellip;]<\/p>\n","protected":false},"author":1,"featured_media":0,"parent":0,"menu_order":0,"comment_status":"closed","ping_status":"closed","template":"","meta":{"footnotes":""},"class_list":["post-28","page","type-page","status-publish","hentry"],"_links":{"self":[{"href":"https:\/\/singep.org.br\/8\/wp-json\/wp\/v2\/pages\/28","targetHints":{"allow":["GET"]}}],"collection":[{"href":"https:\/\/singep.org.br\/8\/wp-json\/wp\/v2\/pages"}],"about":[{"href":"https:\/\/singep.org.br\/8\/wp-json\/wp\/v2\/types\/page"}],"author":[{"embeddable":true,"href":"https:\/\/singep.org.br\/8\/wp-json\/wp\/v2\/users\/1"}],"replies":[{"embeddable":true,"href":"https:\/\/singep.org.br\/8\/wp-json\/wp\/v2\/comments?post=28"}],"version-history":[{"count":0,"href":"https:\/\/singep.org.br\/8\/wp-json\/wp\/v2\/pages\/28\/revisions"}],"wp:attachment":[{"href":"https:\/\/singep.org.br\/8\/wp-json\/wp\/v2\/media?parent=28"}],"curies":[{"name":"wp","href":"https:\/\/api.w.org\/{rel}","templated":true}]}}