{"id":121,"date":"2014-05-26T17:02:44","date_gmt":"2014-05-26T20:02:44","guid":{"rendered":"http:\/\/impermad.com.br\/singep\/?page_id=121"},"modified":"2019-10-24T10:10:07","modified_gmt":"2019-10-24T13:10:07","slug":"inovacao","status":"publish","type":"page","link":"https:\/\/singep.org.br\/8\/areas\/inovacao\/","title":{"rendered":"Inova\u00e7\u00e3o"},"content":{"rendered":"\n<h3 class=\"wp-block-heading\">Temas:<\/h3>\n\n\n\n<ol class=\"wp-block-list\"><li>Empreendedorismo Inovador<\/li><li>Gest\u00e3o da Propriedade Intelectual<\/li><li>Incubadoras, Parques Tecnol\u00f3gicos, Redes e Ecossistemas de Inova\u00e7\u00e3o<\/li><li>Inova\u00e7\u00e3o Digital <\/li><li>Inova\u00e7\u00e3o em Servi\u00e7os <\/li><li>Inova\u00e7\u00e3o na Administra\u00e7\u00e3o P\u00fablica<\/li><li>Inova\u00e7\u00e3o Sustent\u00e1vel<\/li><li>Internacionaliza\u00e7\u00e3o da Inova\u00e7\u00e3o<\/li><li> Mercado, Comportamento de Consumo e Inova\u00e7\u00e3o<\/li><li>Pol\u00edticas e Gest\u00e3o da Ci\u00eancia, Tecnologia e Inova\u00e7\u00e3o<\/li><li>T\u00f3picos Especiais em Inova\u00e7\u00e3o e Empreendedorismo (este tema contempla outros importantes t\u00f3picos sobre inova\u00e7\u00e3o que n\u00e3o foram apresentados nos temas anteriores)<\/li><\/ol>\n","protected":false},"excerpt":{"rendered":"<p>Temas: Empreendedorismo Inovador Gest\u00e3o da Propriedade Intelectual Incubadoras, Parques Tecnol\u00f3gicos, Redes e Ecossistemas de Inova\u00e7\u00e3o Inova\u00e7\u00e3o Digital Inova\u00e7\u00e3o em Servi\u00e7os Inova\u00e7\u00e3o na Administra\u00e7\u00e3o P\u00fablica Inova\u00e7\u00e3o Sustent\u00e1vel Internacionaliza\u00e7\u00e3o da Inova\u00e7\u00e3o Mercado, Comportamento de Consumo e Inova\u00e7\u00e3o Pol\u00edticas e Gest\u00e3o da Ci\u00eancia, Tecnologia e Inova\u00e7\u00e3o T\u00f3picos Especiais em Inova\u00e7\u00e3o e Empreendedorismo (este tema contempla outros importantes t\u00f3picos [&hellip;]<\/p>\n","protected":false},"author":1,"featured_media":0,"parent":30,"menu_order":0,"comment_status":"closed","ping_status":"closed","template":"","meta":{"footnotes":""},"class_list":["post-121","page","type-page","status-publish","hentry"],"_links":{"self":[{"href":"https:\/\/singep.org.br\/8\/wp-json\/wp\/v2\/pages\/121","targetHints":{"allow":["GET"]}}],"collection":[{"href":"https:\/\/singep.org.br\/8\/wp-json\/wp\/v2\/pages"}],"about":[{"href":"https:\/\/singep.org.br\/8\/wp-json\/wp\/v2\/types\/page"}],"author":[{"embeddable":true,"href":"https:\/\/singep.org.br\/8\/wp-json\/wp\/v2\/users\/1"}],"replies":[{"embeddable":true,"href":"https:\/\/singep.org.br\/8\/wp-json\/wp\/v2\/comments?post=121"}],"version-history":[{"count":0,"href":"https:\/\/singep.org.br\/8\/wp-json\/wp\/v2\/pages\/121\/revisions"}],"up":[{"embeddable":true,"href":"https:\/\/singep.org.br\/8\/wp-json\/wp\/v2\/pages\/30"}],"wp:attachment":[{"href":"https:\/\/singep.org.br\/8\/wp-json\/wp\/v2\/media?parent=121"}],"curies":[{"name":"wp","href":"https:\/\/api.w.org\/{rel}","templated":true}]}}