{"id":119,"date":"2014-05-26T17:04:13","date_gmt":"2014-05-26T20:04:13","guid":{"rendered":"http:\/\/impermad.com.br\/singep\/?page_id=119"},"modified":"2019-08-28T21:17:00","modified_gmt":"2019-08-29T00:17:00","slug":"sustentabilidade","status":"publish","type":"page","link":"https:\/\/singep.org.br\/8\/areas\/sustentabilidade\/","title":{"rendered":"Sustentabilidade"},"content":{"rendered":"\n<h3 class=\"wp-block-heading\">Temas:<\/h3>\n\n\n\n<ol class=\"wp-block-list\"><li>Pol\u00edticas P\u00fablicas e Marco Regulat\u00f3rio Ambiental<\/li><li>Sistemas e Ferramentas de Gest\u00e3o Ambiental<\/li><li>Efici\u00eancia Energ\u00e9tica<\/li><li>Economia Circular<\/li><li>Constru\u00e7\u00f5es Sustent\u00e1veis<\/li><li>Indicadores de Sustentabilidade<\/li><li>Log\u00edstica Reversa e Gest\u00e3o de Res\u00edduos<\/li><li>Responsabilidade Social Corporativa<\/li><li>Produ\u00e7\u00e3o mais Limpa (P+L)<\/li><li>T\u00f3picos especiais em Sustentabilidade (Este tema contempla outros importantes t\u00f3picos sobre sustentabilidade que n\u00e3o foram apresentados nos temas anteriores).<\/li><\/ol>\n","protected":false},"excerpt":{"rendered":"<p>Temas: Pol\u00edticas P\u00fablicas e Marco Regulat\u00f3rio Ambiental Sistemas e Ferramentas de Gest\u00e3o Ambiental Efici\u00eancia Energ\u00e9tica Economia Circular Constru\u00e7\u00f5es Sustent\u00e1veis Indicadores de Sustentabilidade Log\u00edstica Reversa e Gest\u00e3o de Res\u00edduos Responsabilidade Social Corporativa Produ\u00e7\u00e3o mais Limpa (P+L) T\u00f3picos especiais em Sustentabilidade (Este tema contempla outros importantes t\u00f3picos sobre sustentabilidade que n\u00e3o foram apresentados nos temas anteriores).<\/p>\n","protected":false},"author":1,"featured_media":0,"parent":30,"menu_order":0,"comment_status":"closed","ping_status":"closed","template":"","meta":{"footnotes":""},"class_list":["post-119","page","type-page","status-publish","hentry"],"_links":{"self":[{"href":"https:\/\/singep.org.br\/8\/wp-json\/wp\/v2\/pages\/119","targetHints":{"allow":["GET"]}}],"collection":[{"href":"https:\/\/singep.org.br\/8\/wp-json\/wp\/v2\/pages"}],"about":[{"href":"https:\/\/singep.org.br\/8\/wp-json\/wp\/v2\/types\/page"}],"author":[{"embeddable":true,"href":"https:\/\/singep.org.br\/8\/wp-json\/wp\/v2\/users\/1"}],"replies":[{"embeddable":true,"href":"https:\/\/singep.org.br\/8\/wp-json\/wp\/v2\/comments?post=119"}],"version-history":[{"count":0,"href":"https:\/\/singep.org.br\/8\/wp-json\/wp\/v2\/pages\/119\/revisions"}],"up":[{"embeddable":true,"href":"https:\/\/singep.org.br\/8\/wp-json\/wp\/v2\/pages\/30"}],"wp:attachment":[{"href":"https:\/\/singep.org.br\/8\/wp-json\/wp\/v2\/media?parent=119"}],"curies":[{"name":"wp","href":"https:\/\/api.w.org\/{rel}","templated":true}]}}