{"id":5903,"date":"2018-10-25T22:06:54","date_gmt":"2018-10-26T01:06:54","guid":{"rendered":"http:\/\/singep.org.br\/7\/?page_id=5903"},"modified":"2018-10-25T22:09:11","modified_gmt":"2018-10-26T01:09:11","slug":"certificados","status":"publish","type":"page","link":"https:\/\/singep.org.br\/7\/certificados\/","title":{"rendered":"Certificados"},"content":{"rendered":"<p>Esperamos que tenha aproveitado\u00a0ao m\u00e1ximo todas as conex\u00f5es\u00a0que viabilizamos com este evento e que volte renovado\u00a0para sua institui\u00e7\u00e3o de ensino\/empresa.<\/p>\n<p>Para baixar seu certificado, acesse sua \u00e1rea de inscri\u00e7\u00e3o\u00a0<a href=\"http:\/\/singep.submissao.com.br\/7singep\/login.asp?msg=\" target=\"_blank\" >clicando neste link,<\/a>\u00a0com seu login e senha.<\/p>\n<p>&nbsp;<\/p>\n<p><b>Esperamos por voc\u00ea em 2019!\u00a0<\/b><\/p>\n","protected":false},"excerpt":{"rendered":"<p>Esperamos que tenha aproveitado\u00a0ao m\u00e1ximo todas as conex\u00f5es\u00a0que viabilizamos com este evento e que volte renovado\u00a0para sua institui\u00e7\u00e3o de ensino\/empresa. Para baixar seu certificado, acesse sua \u00e1rea de inscri\u00e7\u00e3o\u00a0clicando neste link,\u00a0com seu login e senha. &nbsp; Esperamos por voc\u00ea em 2019!\u00a0<\/p>\n","protected":false},"author":1,"featured_media":0,"parent":0,"menu_order":0,"comment_status":"closed","ping_status":"closed","template":"","meta":{"footnotes":""},"class_list":["post-5903","page","type-page","status-publish","hentry"],"_links":{"self":[{"href":"https:\/\/singep.org.br\/7\/wp-json\/wp\/v2\/pages\/5903","targetHints":{"allow":["GET"]}}],"collection":[{"href":"https:\/\/singep.org.br\/7\/wp-json\/wp\/v2\/pages"}],"about":[{"href":"https:\/\/singep.org.br\/7\/wp-json\/wp\/v2\/types\/page"}],"author":[{"embeddable":true,"href":"https:\/\/singep.org.br\/7\/wp-json\/wp\/v2\/users\/1"}],"replies":[{"embeddable":true,"href":"https:\/\/singep.org.br\/7\/wp-json\/wp\/v2\/comments?post=5903"}],"version-history":[{"count":0,"href":"https:\/\/singep.org.br\/7\/wp-json\/wp\/v2\/pages\/5903\/revisions"}],"wp:attachment":[{"href":"https:\/\/singep.org.br\/7\/wp-json\/wp\/v2\/media?parent=5903"}],"curies":[{"name":"wp","href":"https:\/\/api.w.org\/{rel}","templated":true}]}}