{"id":5719,"date":"2018-06-30T15:36:21","date_gmt":"2018-06-30T18:36:21","guid":{"rendered":"http:\/\/singep.org.br\/7\/?page_id=5719"},"modified":"2018-10-16T17:02:01","modified_gmt":"2018-10-16T20:02:01","slug":"programacion","status":"publish","type":"page","link":"https:\/\/singep.org.br\/7\/programacion\/?lang=es","title":{"rendered":"Programaci\u00f3n"},"content":{"rendered":"<h2>1<sup>er <\/sup>D\u00cdA DEL EVENTO<\/h2>\n<table class=\"programacao\" width=\"100%\">\n<tbody>\n<tr>\n<td width=\"18%\"><strong>Horario<\/strong><\/td>\n<td width=\"81%\"><strong>22 de octubre de 2018 (Lunes)<\/strong><\/td>\n<\/tr>\n<tr>\n<td width=\"18%\"><strong>8h30<\/strong><\/td>\n<td width=\"81%\"><strong>Acreditaci\u00f3n<\/strong><\/td>\n<\/tr>\n<tr>\n<td width=\"18%\"><strong>9h <\/strong><\/td>\n<td width=\"81%\"><strong>Acto Solemne de Apertura<\/strong><\/p>\n<p>Professor Dr Emerson Antonio Maccari\u00a0\u2013 Presidente da Comiss\u00e3o do VII SINGEP e Docente do Programa de P\u00f3s-gradua\u00e7\u00e3o em Administra\u00e7\u00e3o da Universidade Nove de Julho, PPGA-UNINOVE,<\/p>\n<p>Professora Dra Cristina Dai Pr\u00e1 Martens\u00a0\u2013 Comiss\u00e3o Organizadora do VII SINGEP representante da \u00e1rea de Gest\u00e3o de Projetos e Diretora do Programa de P\u00f3s-gradua\u00e7\u00e3o, Mestrado Profissional em Gest\u00e3o de Projetos da UNINOVE,<\/p>\n<p>Professora Dra Cl\u00e1udia Terezinha Kniess\u00a0\u2013 Comiss\u00e3o Organizadora do VII SINGEP representante da \u00e1rea de Inova\u00e7\u00e3o e Sustentabilidade e Docente do Programa de P\u00f3s-gradua\u00e7\u00e3o em Cidades Inteligentes e Sustent\u00e1veis da UNINOVE,<\/p>\n<p>Professora Dra Priscila Rezende da Costa\u00a0\u2013 Diretora do Programa de P\u00f3s-gradua\u00e7\u00e3o em Administra\u00e7\u00e3o da Universidade Nove de Julho, PPGA-UNINOVE,<\/p>\n<p>Professor Dr Mauro Silva Ruiz\u00a0\u2013 Diretor do Programa de P\u00f3s-gradua\u00e7\u00e3o, Mestrado Profissional em Gest\u00e3o Ambiental e Sustentabilidade da UNINOVE,<\/p>\n<p>Professor Dr Wilson Levy Braga da Silva Neto\u00a0\u2013 Diretor do Programa de P\u00f3s-gradua\u00e7\u00e3o em Cidades Inteligentes e Sustent\u00e1veis da UNINOVE,<\/p>\n<p>Professora Dra M\u00e1rcia Novaretti\u00a0\u2013 Diretora do Programa de P\u00f3s-gradua\u00e7\u00e3o, Mestrado Profissional em Gest\u00e3o em Sistemas de Sa\u00fade da UNINOVE.<\/td>\n<\/tr>\n<tr>\n<td width=\"18%\"><strong>9h30 a 10h30<\/strong><\/td>\n<td width=\"81%\"><strong>Conferencia: Innovaci\u00f3n y Gesti\u00f3n del Conocimiento en la SNCF (Soci\u00e9t\u00e9 Nationale des Chemins de fer Fran\u00e7ais): El Caso del Tren Bala Franc\u00e9s <\/strong><\/p>\n<p>Conferencista: Sr. Dominique Laousse (Director de Innovaci\u00f3n &amp; Investigaci\u00f3n de la SNCF).<\/p>\n<p>Conferencista: Sra. Milena Klasing Chen (Gerente de Proyectos de Innovaci\u00f3n de la SNCF).<\/p>\n<p>Moderador: Prof. Dr. Emerson Ant\u00f4nio Maccari (Director del Programa de Posgrado en Administraci\u00f3n de la Universidad Nove de Julho, PPGA-UNINOVE).<\/p>\n<p>Relator\u00eda: Prof. Dr. Fernando Ant\u00f4nio Ribeiro Serra<\/td>\n<\/tr>\n<tr>\n<td width=\"18%\"><strong>10h30 a 11h<\/strong><\/td>\n<td width=\"81%\"><strong>Coffee-Break<\/strong><\/td>\n<\/tr>\n<tr>\n<td width=\"18%\"><strong>11h a 12h30<\/strong><\/td>\n<td width=\"81%\"><strong>Conferencia: Ciudades Globales <\/strong><\/p>\n<p>Conferencista: Prof. Dr. Marcos Buckeridge (Coordinador del Programa de Ciudades Globales del Instituto de Estudios Avanzados \u2013 IEA-USP).<\/p>\n<p>Mediadora: Profa. Cl\u00e1udia Terezinha Kniess (Directora del Programa de Posgrado en Ciudades Inteligentes y Sostenibles de la Universidad Nove de Julho, PPG-CIS-UNINOVE).<\/p>\n<p>Moderador: Prof. Dr. Mauro Silva Ruiz (Director del Programa de Posgrado, Maestr\u00eda Profesional en Gesti\u00f3n Ambiental y Sostenibilidad de la Universidad Nove de Julho, MPA-GEAS-UNINOVE).<\/p>\n<p>Relator\u00eda: Profa. Dra. Tatiana Tucunduva Philippi Cortese<\/td>\n<\/tr>\n<tr>\n<td width=\"18%\"><strong>12h30 a 13h30<\/strong><\/td>\n<td width=\"81%\"><strong>Receso<\/strong><\/td>\n<\/tr>\n<tr>\n<td width=\"18%\"><strong>13h30 a 14h30<\/strong><\/td>\n<td width=\"81%\"><strong>Presentaci\u00f3n de P\u00f3ster<\/strong><\/p>\n<p><strong>Sesi\u00f3n de presentaci\u00f3n de P\u00f3ster<\/strong><\/td>\n<\/tr>\n<tr>\n<td width=\"18%\"><strong>14h30 a 16h<\/strong><\/td>\n<td width=\"81%\"><strong>Workshop \u201cCooperaci\u00f3n Empresa-Universidad y Redes de Patentes en Biotecnolog\u00eda\u201d<\/strong><\/p>\n<p>Mediadoras: Profa. Dra. Geciane Silveira Porto (Professora da Faculdade de Economia, Administra\u00e7\u00e3o e Contabilidade de Ribeir\u00e3o Preto da Universidade de S\u00e3o Paulo, FEA-RP\/USP); Profa. Dra. Priscila Rezende da Costa (Professora do Programa de P\u00f3s-gradua\u00e7\u00e3o em Administra\u00e7\u00e3o da Universidade Nove de Julho, PPGA-UNINOVE).\n<\/td>\n<\/tr>\n<tr>\n<td width=\"18%\"><strong>14h30 a 16h45<\/strong><\/td>\n<td width=\"81%\"><strong>Sesi\u00f3n de Presentaci\u00f3n de Trabajos<\/strong><\/td>\n<\/tr>\n<tr>\n<td width=\"18%\"><strong>16h45 a 17h15<\/strong><\/td>\n<td width=\"81%\"><strong>Coffee Break<\/strong><\/td>\n<\/tr>\n<tr>\n<td width=\"18%\"><strong>17h15 a 18h15<\/strong><\/td>\n<td width=\"81%\"><strong>F\u00f3rum para Editores y Autores: Producci\u00f3n T\u00e9cnica\/Tecnol\u00f3gica<\/strong><\/p>\n<p>Conferencista: Prof. Dr. Gustavo da Silva Motta (Profesor de la Universidad Federal Fluminense, Editor Asociado de la RAC &#8211; Revista de Administraci\u00f3n Contempor\u00e1nea)<\/p>\n<p>Mediador: Prof. Dr. Renato Ribeiro Nogueira Ferraz (Profesor del Programa de Posgrado en Administraci\u00f3n de la Universidad Nove de Julho, PPGA-UNINOVE).<\/p>\n<p>Moderadora: Profa. Dra. Simone Aquino (Profesora del Programa de Posgrado, Maestr\u00eda Profesional en Gesti\u00f3n Ambiental y Sostenibilidad de la Universidad Nove de Julho, MPA-GEAS-UNINOVE)<\/td>\n<\/tr>\n<tr>\n<td width=\"18%\"><strong>18h15<\/strong><\/td>\n<td width=\"81%\"><strong>Premiaci\u00f3n de los Mejores Trabajos del Evento <\/strong><\/td>\n<\/tr>\n<\/tbody>\n<\/table>\n<h2>\n2\u00ba D\u00cdA DEL EVENTO<\/h2>\n<table class=\"programacao\" width=\"100%\">\n<tbody>\n<tr>\n<td width=\"16%\"><strong>Hor\u00e1rio<\/strong><\/td>\n<td width=\"83%\"><strong>23 de outubro de 2018 (Ter\u00e7a-feira)<\/strong><\/td>\n<\/tr>\n<tr>\n<td width=\"16%\"><strong>8h30<\/strong><\/td>\n<td width=\"83%\">Acreditaci\u00f3n (apertura)<\/td>\n<\/tr>\n<tr>\n<td width=\"16%\"><strong>9h a 10h30<\/strong><\/td>\n<td width=\"83%\"><strong>Conferencia: Econom\u00eda Circular y Sistemas Producto-Servicio<\/strong><\/p>\n<p>Conferencista: Profa. Dra. Marly Monteiro de Carvalho (Escuela Polit\u00e9cnica de la Universidad de S\u00e3o Paulo, POLI-USP).<\/p>\n<p>Mediador: Prof. Dr. Leandro Alves Patah (Profesor del Programa de Posgrado, Maestr\u00eda Profesional en Gesti\u00f3n de Proyectos de la Universidad Nove de Julho, MPA-GP-UNINOVE).<\/p>\n<p>Moderador: Prof. Dr. Roque Rabechini Jr (Profesor del Programa de Posgrado, Maestr\u00eda Profesional en Gesti\u00f3n de Proyectos de la Universidad Nove de Julho, MPA-GP-UNINOVE).<\/p>\n<p>Relator\u00eda: Prof. Dr. Marcos Rog\u00e9rio Mazieri<\/td>\n<\/tr>\n<tr>\n<td width=\"16%\"><strong>10h30<\/strong><\/td>\n<td width=\"83%\"><strong>Coffee Break<\/strong><\/td>\n<\/tr>\n<tr>\n<td width=\"16%\"><strong>11h a 12h30<\/strong><\/td>\n<td width=\"83%\"><strong>Conferencia: Proyectos y Sostenibilidad en la Industria del Vino Chileno. <\/strong><\/p>\n<p>Conferencista: Prof. Dr. Ernesto D. R. Santibanez Gonzalez (Profesor en la Universidad de Talca, Chile).<\/p>\n<p>Mediador: Prof. Dr. Luciano Ferreira Da Silva (Profesor del Programa de Posgrado, Maestr\u00eda Profesional en Gesti\u00f3n de Proyectos de la Universidad Nove de Julho, MPA-GP-UNINOVE).<\/p>\n<p>Moderadora: Profa. Dra. Cristina Dai Pr\u00e1 Martens (Directora del Programa de Posgrado, Maestr\u00eda Profesional en Gesti\u00f3n de Proyectos de la Universidad Nove de Julho, MPA-GP-UNINOVE).<\/p>\n<p>Relator\u00eda: Prof. Dr. Leonel Cezar Rodrigues<\/td>\n<\/tr>\n<tr>\n<td width=\"16%\"><strong>12h30 a 14h<\/strong><\/td>\n<td width=\"83%\"><strong>Almuerzo<\/strong><\/td>\n<\/tr>\n<tr>\n<td width=\"16%\"><strong>14h a 15h45<\/strong><\/td>\n<td width=\"83%\"><strong>Workshop: \u201cDesign Thinking y Gesti\u00f3n de Proyectos\u201d<\/strong><\/p>\n<p>Mediadoras: Profa. Dra. Ros\u00e1ria De F\u00e1tima Segger Macri Russo (Professora do Programa de P\u00f3s-gradua\u00e7\u00e3o, Mestrado Profissional em Gest\u00e3o de Projetos da Universidade Nove de Julho, MPA-GP-UNINOVE); Profa. Dra. Cristiane Drebes Pedron (Professora do Programa de P\u00f3s-gradua\u00e7\u00e3o, Mestrado Profissional em Gest\u00e3o de Projetos da Universidade Nove de Julho, MPA-GP-UNINOVE).<\/td>\n<\/tr>\n<tr>\n<td width=\"16%\"><strong>14h a 15h45<\/strong><\/td>\n<td width=\"83%\"><strong>Sesi\u00f3n de Presentaci\u00f3n de Trabajos<\/strong><\/td>\n<\/tr>\n<tr>\n<td width=\"16%\"><strong>15h45<\/strong><\/td>\n<td width=\"83%\"><strong>Coffee Break<\/strong><\/td>\n<\/tr>\n<tr>\n<td width=\"16%\"><strong>16h15 a 18h<\/strong><\/td>\n<td width=\"83%\"><strong>Sesi\u00f3n de Presentaci\u00f3n de Trabajos<\/strong><\/td>\n<\/tr>\n<tr>\n<td width=\"16%\"><strong>18h<\/strong><\/td>\n<td width=\"83%\"><strong>Sesi\u00f3n de Clausura del VII SINGEP <\/strong><\/td>\n<\/tr>\n<\/tbody>\n<\/table>\n","protected":false},"excerpt":{"rendered":"<p>1er D\u00cdA DEL EVENTO Horario 22 de octubre de 2018 (Lunes) 8h30 Acreditaci\u00f3n 9h Acto Solemne de Apertura Professor Dr Emerson Antonio Maccari\u00a0\u2013 Presidente da Comiss\u00e3o do VII SINGEP e Docente do Programa de P\u00f3s-gradua\u00e7\u00e3o em Administra\u00e7\u00e3o da Universidade Nove de Julho, PPGA-UNINOVE, Professora Dra Cristina Dai Pr\u00e1 Martens\u00a0\u2013 Comiss\u00e3o Organizadora do VII SINGEP representante [&hellip;]<\/p>\n","protected":false},"author":1,"featured_media":0,"parent":0,"menu_order":0,"comment_status":"closed","ping_status":"open","template":"","meta":{"footnotes":""},"class_list":["post-5719","page","type-page","status-publish","hentry"],"_links":{"self":[{"href":"https:\/\/singep.org.br\/7\/wp-json\/wp\/v2\/pages\/5719","targetHints":{"allow":["GET"]}}],"collection":[{"href":"https:\/\/singep.org.br\/7\/wp-json\/wp\/v2\/pages"}],"about":[{"href":"https:\/\/singep.org.br\/7\/wp-json\/wp\/v2\/types\/page"}],"author":[{"embeddable":true,"href":"https:\/\/singep.org.br\/7\/wp-json\/wp\/v2\/users\/1"}],"replies":[{"embeddable":true,"href":"https:\/\/singep.org.br\/7\/wp-json\/wp\/v2\/comments?post=5719"}],"version-history":[{"count":0,"href":"https:\/\/singep.org.br\/7\/wp-json\/wp\/v2\/pages\/5719\/revisions"}],"wp:attachment":[{"href":"https:\/\/singep.org.br\/7\/wp-json\/wp\/v2\/media?parent=5719"}],"curies":[{"name":"wp","href":"https:\/\/api.w.org\/{rel}","templated":true}]}}