{"id":5716,"date":"2018-06-30T15:32:49","date_gmt":"2018-06-30T18:32:49","guid":{"rendered":"http:\/\/singep.org.br\/7\/?page_id=5716"},"modified":"2018-10-16T17:01:18","modified_gmt":"2018-10-16T20:01:18","slug":"programme","status":"publish","type":"page","link":"https:\/\/singep.org.br\/7\/programme\/?lang=en","title":{"rendered":"Programme"},"content":{"rendered":"<h2>FIRST DAY<\/h2>\n<table class=\"programacao\" width=\"100%\">\n<tbody>\n<tr>\n<td width=\"18%\"><strong>Schedule<\/strong><\/td>\n<td width=\"81%\"><strong>Schedule October 22, 2018 (Monday)<\/strong><\/td>\n<\/tr>\n<tr>\n<td width=\"18%\"><strong>8h30<\/strong><\/td>\n<td width=\"81%\"><strong>Register<\/strong><\/td>\n<\/tr>\n<tr>\n<td width=\"18%\"><strong>9h <\/strong><\/td>\n<td width=\"81%\"><strong>Opening Ceremony <\/strong><\/p>\n<p>Professor Dr Emerson Antonio Maccari\u00a0\u2013 Presidente da Comiss\u00e3o do VII SINGEP e Docente do Programa de P\u00f3s-gradua\u00e7\u00e3o em Administra\u00e7\u00e3o da Universidade Nove de Julho, PPGA-UNINOVE,<\/p>\n<p>Professora Dra Cristina Dai Pr\u00e1 Martens\u00a0\u2013 Comiss\u00e3o Organizadora do VII SINGEP representante da \u00e1rea de Gest\u00e3o de Projetos e Diretora do Programa de P\u00f3s-gradua\u00e7\u00e3o, Mestrado Profissional em Gest\u00e3o de Projetos da UNINOVE,<\/p>\n<p>Professora Dra Cl\u00e1udia Terezinha Kniess\u00a0\u2013 Comiss\u00e3o Organizadora do VII SINGEP representante da \u00e1rea de Inova\u00e7\u00e3o e Sustentabilidade e Docente do Programa de P\u00f3s-gradua\u00e7\u00e3o em Cidades Inteligentes e Sustent\u00e1veis da UNINOVE,<\/p>\n<p>Professora Dra Priscila Rezende da Costa\u00a0\u2013 Diretora do Programa de P\u00f3s-gradua\u00e7\u00e3o em Administra\u00e7\u00e3o da Universidade Nove de Julho, PPGA-UNINOVE,<\/p>\n<p>Professor Dr Mauro Silva Ruiz\u00a0\u2013 Diretor do Programa de P\u00f3s-gradua\u00e7\u00e3o, Mestrado Profissional em Gest\u00e3o Ambiental e Sustentabilidade da UNINOVE,<\/p>\n<p>Professor Dr Wilson Levy Braga da Silva Neto\u00a0\u2013 Diretor do Programa de P\u00f3s-gradua\u00e7\u00e3o em Cidades Inteligentes e Sustent\u00e1veis da UNINOVE,<\/p>\n<p>Professora Dra M\u00e1rcia Novaretti\u00a0\u2013 Diretora do Programa de P\u00f3s-gradua\u00e7\u00e3o, Mestrado Profissional em Gest\u00e3o em Sistemas de Sa\u00fade da UNINOVE.<\/td>\n<\/tr>\n<tr>\n<td width=\"18%\"><strong>9h30 to 10h30<\/strong><\/td>\n<td width=\"81%\"><strong>Conference: Innovation and Knowledge Management in SNCF (Soci\u00e9t\u00e9 Nationale des Chemins de fer Fran\u00e7ais): Case Study of French Bullet Train<\/strong><\/p>\n<p>Lecturer: Mr Dominique Laousse (Director of Innovation &amp; Research of SNCF).<\/p>\n<p>Lecturer: Mrs Milena Klasing Chen (Innovation Project Manager of SNCF).<\/p>\n<p>Moderator: Prof. Dr. Emerson Ant\u00f4nio Maccari (University Nove de Julho, PPGA-UNINOVE).<\/p>\n<p>Rapporteur: Prof. Dr. Fernando Ant\u00f4nio Ribeiro Serra<\/td>\n<\/tr>\n<tr>\n<td width=\"18%\"><strong>10h30 to 11h<\/strong><\/td>\n<td width=\"81%\"><strong>Coffee-Break<\/strong><\/td>\n<\/tr>\n<tr>\n<td width=\"18%\"><strong>11h to 12h30<\/strong><\/td>\n<td width=\"81%\"><strong>Conference: Global Cities <\/strong><\/p>\n<p>Lecturer: Prof. Dr. Marcos Buckeridge (Coordinator of the Global Cities Program of the Institute for Advanced Studies \u2013 IEA-USP).<\/p>\n<p>Debater: Profa. Cl\u00e1udia Terezinha Kniess (University Nove de Julho, PPG-CIS-UNINOVE).<\/p>\n<p>Moderator: Prof. Dr. Mauro Silva Ruiz (University Nove de Julho, MPA-GEAS-UNINOVE).<\/p>\n<p>Rapporteur: Profa. Dra. Tatiana Tucunduva Philippi Cortese<\/td>\n<\/tr>\n<tr>\n<td width=\"18%\"><strong>12h30 to 13h30<\/strong><\/td>\n<td width=\"81%\"><strong>Break<\/strong><\/td>\n<\/tr>\n<tr>\n<td width=\"18%\"><strong>13h30 to 14h30 <\/strong><\/td>\n<td width=\"81%\"><strong>Poster Presentation<\/strong><\/td>\n<\/tr>\n<tr>\n<td width=\"18%\"><strong>14h30 to 16h<\/strong><\/td>\n<td width=\"81%\"><strong>Workshop<\/strong> \u201cEnterprise-University Cooperation and Patent Networks in Biotechnology\u201d<\/p>\n<p>Facilitators: Profa. Dra. Geciane Silveira Porto (Professora da Faculdade de Economia, Administra\u00e7\u00e3o e Contabilidade de Ribeir\u00e3o Preto da Universidade de S\u00e3o Paulo, FEA-RP\/USP); Profa. Dra. Priscila Rezende da Costa (Professora do Programa de P\u00f3s-gradua\u00e7\u00e3o em Administra\u00e7\u00e3o da Universidade Nove de Julho, PPGA-UNINOVE).<\/td>\n<\/tr>\n<tr>\n<td width=\"18%\"><strong>14h30 to 16h45<\/strong><\/td>\n<td width=\"81%\"><strong>Parallel Sessions of Paper Presentations<\/strong><\/td>\n<\/tr>\n<tr>\n<td width=\"18%\"><strong>16h45 to 17h15<\/strong><\/td>\n<td width=\"81%\"><strong>Coffee Break<\/strong><\/td>\n<\/tr>\n<tr>\n<td width=\"18%\"><strong>17h15 to 18h15<\/strong><\/td>\n<td width=\"81%\"><strong>Forum for Publishers and Authors: Technical \/ Technological Production<\/strong><\/p>\n<p>Speaker: Prof. Dr. Gustavo da Silva Motta (RAC &#8211; Revista de Administra\u00e7\u00e3o Contempor\u00e2nea)<\/p>\n<p>Debater: Prof. Dr. Renato Ribeiro Nogueira Ferraz (University Nove de Julho, PPGA-UNINOVE).<\/p>\n<p>Moderator: Profa. Dra. Simone Aquino (University Nove de Julho, MPA-GEAS-UNINOVE).<\/td>\n<\/tr>\n<tr>\n<td width=\"18%\"><strong>18h15<\/strong><\/td>\n<td width=\"81%\"><strong>Best Event Awards <\/strong><\/td>\n<\/tr>\n<\/tbody>\n<\/table>\n<h2>\nSECOND DAY<\/h2>\n<table class=\"programacao\" width=\"100%\">\n<tbody>\n<tr>\n<td width=\"16%\"><strong>Schedule<\/strong><\/td>\n<td width=\"83%\"><strong>October 23, 2018 (Tuesday)<\/strong><\/td>\n<\/tr>\n<tr>\n<td width=\"16%\"><strong>8h30<\/strong><\/td>\n<td width=\"83%\"><strong>Opening<\/strong><\/td>\n<\/tr>\n<tr>\n<td width=\"16%\"><strong>9h to 10h30<\/strong><\/td>\n<td width=\"83%\"><strong>Conference: Circular Economy and Product Service System<\/strong><\/p>\n<p>Lecturer: Profa. Dra. Marly Monteiro de Carvalho (University of S\u00e3o Paulo, POLI-USP).<\/p>\n<p>Debater: Prof. Dr. Leandro Alves Patah (University Nove de Julho, MPA-GP-UNINOVE).<\/p>\n<p>Moderator: Prof. Dr. Roque Rabechini Jr (University Nove de Julho, MPA-GP-UNINOVE).<\/p>\n<p>Rapporteur: Prof. Dr. Marcos Rog\u00e9rio Mazieri<\/td>\n<\/tr>\n<tr>\n<td width=\"16%\"><strong>10h30<\/strong><\/td>\n<td width=\"83%\"><strong>Coffee Break<\/strong><\/td>\n<\/tr>\n<tr>\n<td width=\"16%\"><strong>11h to 12h30<\/strong><\/td>\n<td width=\"83%\"><strong>Conference: Projects and Sustainability in the Chilean Wine Industry<\/strong><\/p>\n<p>Lecturer: Prof. Dr. Ernesto D. R. Santibanez Gonzalez (University of Talca, Chile).<\/p>\n<p>Debater: Prof. Dr. Luciano Ferreira Da Silva (University Nove de Julho, MPA-GP-UNINOVE).<\/p>\n<p>Moderator: Profa. Dra. Cristina Dai Pr\u00e1 Martens (University Nove de Julho, MPA-GP-UNINOVE).<\/p>\n<p>Rapporteur: Prof. Dr. Leonel Cezar Rodrigues<\/td>\n<\/tr>\n<tr>\n<td width=\"16%\"><strong>12h30 to 14h<\/strong><\/td>\n<td width=\"83%\">Break for Lunch<\/td>\n<\/tr>\n<tr>\n<td width=\"16%\"><strong>14h to 15h45<\/strong><\/td>\n<td width=\"83%\"><strong>Workshop: \u201cDesign Thinking and Project Management\u201d<\/strong><\/p>\n<p>Facilitators: Profa. Dra. Ros\u00e1ria De F\u00e1tima Segger Macri Russo (Professora do Programa de P\u00f3s-gradua\u00e7\u00e3o, Mestrado Profissional em Gest\u00e3o de Projetos da Universidade Nove de Julho, MPA-GP-UNINOVE); Profa. Dra. Cristiane Drebes Pedron (Professora do Programa de P\u00f3s-gradua\u00e7\u00e3o, Mestrado Profissional em Gest\u00e3o de Projetos da Universidade Nove de Julho, MPA-GP-UNINOVE).<\/td>\n<\/tr>\n<tr>\n<td width=\"16%\"><strong>14h to 15h45<\/strong><\/td>\n<td width=\"83%\"><strong>Parallel Sessions of Paper Presentations<\/strong><\/td>\n<\/tr>\n<tr>\n<td width=\"16%\"><strong>15h45<\/strong><\/td>\n<td width=\"83%\"><strong>Coffee Break<\/strong><\/td>\n<\/tr>\n<tr>\n<td width=\"16%\"><strong>16h15 to 18h<\/strong><\/td>\n<td width=\"83%\"><strong>Parallel Sessions of Paper Presentations<\/strong><\/td>\n<\/tr>\n<tr>\n<td width=\"16%\"><strong>18h<\/strong><\/td>\n<td width=\"83%\"><strong>Closing Ceremony of VII SINGEP<\/strong><\/td>\n<\/tr>\n<\/tbody>\n<\/table>\n","protected":false},"excerpt":{"rendered":"<p>FIRST DAY Schedule Schedule October 22, 2018 (Monday) 8h30 Register 9h Opening Ceremony Professor Dr Emerson Antonio Maccari\u00a0\u2013 Presidente da Comiss\u00e3o do VII SINGEP e Docente do Programa de P\u00f3s-gradua\u00e7\u00e3o em Administra\u00e7\u00e3o da Universidade Nove de Julho, PPGA-UNINOVE, Professora Dra Cristina Dai Pr\u00e1 Martens\u00a0\u2013 Comiss\u00e3o Organizadora do VII SINGEP representante da \u00e1rea de Gest\u00e3o de [&hellip;]<\/p>\n","protected":false},"author":1,"featured_media":0,"parent":0,"menu_order":0,"comment_status":"closed","ping_status":"open","template":"","meta":{"footnotes":""},"class_list":["post-5716","page","type-page","status-publish","hentry"],"_links":{"self":[{"href":"https:\/\/singep.org.br\/7\/wp-json\/wp\/v2\/pages\/5716","targetHints":{"allow":["GET"]}}],"collection":[{"href":"https:\/\/singep.org.br\/7\/wp-json\/wp\/v2\/pages"}],"about":[{"href":"https:\/\/singep.org.br\/7\/wp-json\/wp\/v2\/types\/page"}],"author":[{"embeddable":true,"href":"https:\/\/singep.org.br\/7\/wp-json\/wp\/v2\/users\/1"}],"replies":[{"embeddable":true,"href":"https:\/\/singep.org.br\/7\/wp-json\/wp\/v2\/comments?post=5716"}],"version-history":[{"count":0,"href":"https:\/\/singep.org.br\/7\/wp-json\/wp\/v2\/pages\/5716\/revisions"}],"wp:attachment":[{"href":"https:\/\/singep.org.br\/7\/wp-json\/wp\/v2\/media?parent=5716"}],"curies":[{"name":"wp","href":"https:\/\/api.w.org\/{rel}","templated":true}]}}