{"id":5672,"date":"2018-06-30T12:59:48","date_gmt":"2018-06-30T15:59:48","guid":{"rendered":"http:\/\/singep.org.br\/7\/?page_id=5672"},"modified":"2018-06-30T12:59:48","modified_gmt":"2018-06-30T15:59:48","slug":"reglas-de-presentacion","status":"publish","type":"page","link":"https:\/\/singep.org.br\/7\/reglas-para-enviar-los-trabajos\/reglas-de-presentacion\/?lang=es","title":{"rendered":"Reglas de Presentaci\u00f3n"},"content":{"rendered":"<p><strong>Los trabajos ser\u00e1n presentados en sesiones orales o exposici\u00f3n de p\u00f3steres.<\/strong><\/p>\n<p><strong>Los<\/strong>\u00a0<strong>art\u00edculos cient\u00edficos y relatos t\u00e9cnicos<\/strong>\u00a0<strong>ser\u00e1n presentados en sesiones orales:<\/strong><\/p>\n<ul>\n<li>Cada sesi\u00f3n tendr\u00e1 un coordinador que tiene la funci\u00f3n de presentar los autores, controlar el tiempo de presentaci\u00f3n y organizar la discusi\u00f3n de los trabajos;<\/li>\n<li>Cada trabajo ser\u00e1 presentado como m\u00e1ximo en 15 minutos, siendo el debate promovido por el coordinador de la sesi\u00f3n al final de la \u00faltima presentaci\u00f3n.<\/li>\n<li>La presentaci\u00f3n deber\u00e1 ser en PowerPoint y el formato de la presentaci\u00f3n es libre. Se solicita que los expositores comparezcan a la sala con (10) minutos de antecedencia como m\u00ednimo.<\/li>\n<li>Se solicita que los autores traigan las presentaciones en un dispositivo USB. Se sugiere que, como forma de backup, las presentaciones sean enviadas tambi\u00e9n para el e-mail del autor.<\/li>\n<\/ul>\n<p><strong>\u00a0<\/strong><\/p>\n<p><strong>Los<\/strong>\u00a0<strong>p\u00f3steres ser\u00e1n presentados en una sesi\u00f3n espec\u00edfica de exposici\u00f3n de p\u00f3steres<\/strong>.<\/p>\n<ul>\n<li>El p\u00f3ster debe entregarse con antecedencia en la sala donde ocurrir\u00e1 la sesi\u00f3n de presentaci\u00f3n del mismo;<\/li>\n<li>Por lo menos uno de los autores del trabajo deber\u00e1 permanecer junto al p\u00f3ster, durante todo el tiempo de la Sesi\u00f3n, para responder a las preguntas de los evaluadores e interesados.<\/li>\n<li>Ser\u00e1 reservada una base para fijar cada p\u00f3ster.<\/li>\n<li>Es obligatorio que el t\u00edtulo del trabajo en el p\u00f3ster sea id\u00e9ntico al t\u00edtulo del trabajo enviado al evento.<\/li>\n<\/ul>\n","protected":false},"excerpt":{"rendered":"<p>Los trabajos ser\u00e1n presentados en sesiones orales o exposici\u00f3n de p\u00f3steres. Los\u00a0art\u00edculos cient\u00edficos y relatos t\u00e9cnicos\u00a0ser\u00e1n presentados en sesiones orales: Cada sesi\u00f3n tendr\u00e1 un coordinador que tiene la funci\u00f3n de presentar los autores, controlar el tiempo de presentaci\u00f3n y organizar la discusi\u00f3n de los trabajos; Cada trabajo ser\u00e1 presentado como m\u00e1ximo en 15 minutos, siendo [&hellip;]<\/p>\n","protected":false},"author":1,"featured_media":0,"parent":5639,"menu_order":0,"comment_status":"closed","ping_status":"closed","template":"","meta":{"footnotes":""},"class_list":["post-5672","page","type-page","status-publish","hentry"],"_links":{"self":[{"href":"https:\/\/singep.org.br\/7\/wp-json\/wp\/v2\/pages\/5672","targetHints":{"allow":["GET"]}}],"collection":[{"href":"https:\/\/singep.org.br\/7\/wp-json\/wp\/v2\/pages"}],"about":[{"href":"https:\/\/singep.org.br\/7\/wp-json\/wp\/v2\/types\/page"}],"author":[{"embeddable":true,"href":"https:\/\/singep.org.br\/7\/wp-json\/wp\/v2\/users\/1"}],"replies":[{"embeddable":true,"href":"https:\/\/singep.org.br\/7\/wp-json\/wp\/v2\/comments?post=5672"}],"version-history":[{"count":0,"href":"https:\/\/singep.org.br\/7\/wp-json\/wp\/v2\/pages\/5672\/revisions"}],"up":[{"embeddable":true,"href":"https:\/\/singep.org.br\/7\/wp-json\/wp\/v2\/pages\/5639"}],"wp:attachment":[{"href":"https:\/\/singep.org.br\/7\/wp-json\/wp\/v2\/media?parent=5672"}],"curies":[{"name":"wp","href":"https:\/\/api.w.org\/{rel}","templated":true}]}}