{"id":5663,"date":"2018-06-30T12:50:18","date_gmt":"2018-06-30T15:50:18","guid":{"rendered":"http:\/\/singep.org.br\/7\/?page_id=5663"},"modified":"2018-06-30T12:50:18","modified_gmt":"2018-06-30T15:50:18","slug":"formato-para-poster","status":"publish","type":"page","link":"https:\/\/singep.org.br\/7\/reglas-para-enviar-los-trabajos\/formato-para-poster\/?lang=es","title":{"rendered":"Formato para P\u00f3ster"},"content":{"rendered":"<p>Para la modalidad de p\u00f3ster, los interesados deben enviar un RESUMEN incluyendo: t\u00edtulo, contextualizaci\u00f3n, objetivos, metodolog\u00eda, fundamentaci\u00f3n te\u00f3rica, resultados y an\u00e1lisis, consideraciones finales, referencias.<\/p>\n<p><strong>Modelo para el env\u00edo del resumen del p\u00f3ster:<\/strong>\u00a0La utilizaci\u00f3n del modelo para el resumen es obligatorio. Los documentos que sean enviados sin el modelo ser\u00e1n autom\u00e1ticamente desclasificados. (<a href=\"https:\/\/singep.org.br\/7\/wp-content\/uploads\/sites\/3\/2018\/04\/template_VIISINGEP_Artigo-Cientifico-1.doc\">clique aqu\u00ed para descargar el modelo<\/a>).<\/p>\n<p><strong>\u00a0<\/strong><strong>Reglas para confecci\u00f3n del P\u00f3ster, en caso de que el resumen sea aceptado:<\/strong><\/p>\n<p>El p\u00f3ster deber\u00e1 ser confeccionado por los autores, apenas si el resumen expandido enviado al\u00a0<strong>VII SINGEP\u00a0<\/strong>es aceptado para presentaci\u00f3n.<\/p>\n<p><strong>\u00a0<\/strong><strong>Modelo del P\u00f3ster<\/strong>: La utilizaci\u00f3n del modelo es obligatorio. Documentos que sean enviados sin el modelo ser\u00e1n autom\u00e1ticamente desclasificados. (<a href=\"https:\/\/singep.org.br\/7\/wp-content\/uploads\/sites\/3\/2018\/04\/template_VIISINGEP_Artigo-Cientifico-1.doc\">clique aqu\u00ed para descargar el modelo<\/a> del p\u00f3ster).<\/p>\n<p><strong>\u00a0<\/strong><strong>El p\u00f3ster que sea aceptado debe tener las siguientes caracter\u00edsticas:<\/strong><\/p>\n<ol>\n<li>Tama\u00f1o del p\u00f3ster: Ancho: 90 cm; Altura: 120 cm.<\/li>\n<li>El texto del p\u00f3ster debe ser legible a una distancia de, por lo menos, 1m. Utilice tama\u00f1o de fuente 72 como m\u00ednimo para t\u00edtulo y fuente 28 como m\u00ednimo para el contenido.<\/li>\n<li>Cada trabajo ser\u00e1 programado para presentaci\u00f3n en apenas uno de los d\u00edas del evento.<\/li>\n<li>Por lo menos uno de los autores del trabajo deber\u00e1 permanecer junto al p\u00f3ster, durante todo el tiempo de la sesi\u00f3n de presentaci\u00f3n, para responder las preguntas de los interesados.<\/li>\n<li>Es obligatorio que el t\u00edtulo del trabajo en el p\u00f3ster sea id\u00e9ntico al t\u00edtulo del trabajo enviado al evento.<\/li>\n<li>Es prohibida la presentaci\u00f3n:<\/li>\n<\/ol>\n<p>\u2013 De trabajos impresos sin caracter\u00edsticas de un p\u00f3ster;<\/p>\n<p>\u2013 Con retroproyector, computador, micr\u00f3fono y otros equipamientos el\u00e9ctricos;<\/p>\n<p>\u2013 Con accesorios e instrumentos sonoros que interfieran en la Comunicaci\u00f3n de los autores de la Sesi\u00f3n;<\/p>\n<p>\u2013 De p\u00f3steres que no obedezcan a las normas generales de tama\u00f1o y legibilidad.<\/p>\n<p><strong>Estructura sugerida:<\/strong><\/p>\n<ol>\n<li>En el p\u00f3ster debe constar: t\u00edtulo, nombres de los autores, instituci\u00f3n de los autores, ciudad \/ estado, datos de la investigaci\u00f3n y agencia de fomento (si fuera el caso).<\/li>\n<li>Utilizar el m\u00ednimo de texto y el m\u00e1ximo de figuras, fotos, tablas, gr\u00e1ficos y esquemas posibles.<\/li>\n<li>El p\u00f3ster deber\u00e1 contener informaciones tales como: contextualizaci\u00f3n, objetivos, metodolog\u00eda, resultados y an\u00e1lisis, consideraciones finales y otras informaciones propias de su trabajo.<\/li>\n<li>Organizar las informaciones de modo que las ideas centrales del trabajo sean f\u00e1cilmente comprendidas y utilizar todos los recursos disponibles para el p\u00f3ster despertar el inter\u00e9s del p\u00fablico.<\/li>\n<\/ol>\n","protected":false},"excerpt":{"rendered":"<p>Para la modalidad de p\u00f3ster, los interesados deben enviar un RESUMEN incluyendo: t\u00edtulo, contextualizaci\u00f3n, objetivos, metodolog\u00eda, fundamentaci\u00f3n te\u00f3rica, resultados y an\u00e1lisis, consideraciones finales, referencias. Modelo para el env\u00edo del resumen del p\u00f3ster:\u00a0La utilizaci\u00f3n del modelo para el resumen es obligatorio. Los documentos que sean enviados sin el modelo ser\u00e1n autom\u00e1ticamente desclasificados. (clique aqu\u00ed para descargar [&hellip;]<\/p>\n","protected":false},"author":1,"featured_media":0,"parent":5639,"menu_order":0,"comment_status":"closed","ping_status":"closed","template":"","meta":{"footnotes":""},"class_list":["post-5663","page","type-page","status-publish","hentry"],"_links":{"self":[{"href":"https:\/\/singep.org.br\/7\/wp-json\/wp\/v2\/pages\/5663","targetHints":{"allow":["GET"]}}],"collection":[{"href":"https:\/\/singep.org.br\/7\/wp-json\/wp\/v2\/pages"}],"about":[{"href":"https:\/\/singep.org.br\/7\/wp-json\/wp\/v2\/types\/page"}],"author":[{"embeddable":true,"href":"https:\/\/singep.org.br\/7\/wp-json\/wp\/v2\/users\/1"}],"replies":[{"embeddable":true,"href":"https:\/\/singep.org.br\/7\/wp-json\/wp\/v2\/comments?post=5663"}],"version-history":[{"count":0,"href":"https:\/\/singep.org.br\/7\/wp-json\/wp\/v2\/pages\/5663\/revisions"}],"up":[{"embeddable":true,"href":"https:\/\/singep.org.br\/7\/wp-json\/wp\/v2\/pages\/5639"}],"wp:attachment":[{"href":"https:\/\/singep.org.br\/7\/wp-json\/wp\/v2\/media?parent=5663"}],"curies":[{"name":"wp","href":"https:\/\/api.w.org\/{rel}","templated":true}]}}