{"id":5656,"date":"2018-06-30T12:40:40","date_gmt":"2018-06-30T15:40:40","guid":{"rendered":"http:\/\/singep.org.br\/7\/?page_id=5656"},"modified":"2018-06-30T12:40:40","modified_gmt":"2018-06-30T15:40:40","slug":"formato-para-relato-tecnico","status":"publish","type":"page","link":"https:\/\/singep.org.br\/7\/reglas-para-enviar-los-trabajos\/formato-para-relato-tecnico\/?lang=es","title":{"rendered":"Formato para Relato T\u00e9cnico"},"content":{"rendered":"<p><strong>Modelo:\u00a0<\/strong>La utilizaci\u00f3n del modelo es obligatoria. Los trabajos que sean enviados sin seguir el modelo ser\u00e1n autom\u00e1ticamente desclasificados. (<a href=\"https:\/\/singep.org.br\/7\/wp-content\/uploads\/sites\/3\/2018\/04\/template_VIISINGEP_Artigo-Cientifico-1.doc\">clique aqu\u00ed para descargar el modelo<\/a>).<\/p>\n<p><strong>Editor de texto:\u00a0<\/strong>PDF<\/p>\n<p><strong>Idioma:<\/strong>\u00a0Portugu\u00e9s, Ingl\u00e9s o Espa\u00f1ol<\/p>\n<p><strong>Fuente del texto:\u00a0<\/strong>Times New Roman, cuerpo 12<\/p>\n<p><strong>Espacio entre l\u00edneas:<\/strong>\u00a0simple<\/p>\n<p><strong>Espacio entre caracteres:\u00a0<\/strong>normal<\/p>\n<p><strong>L\u00edmite de p\u00e1ginas:<\/strong>\u00a07 a 16 p\u00e1ginas<\/p>\n<p><strong>Tama\u00f1o del Papel:<\/strong>\u00a0A4<\/p>\n<p><strong>M\u00e1rgenes:<\/strong>\u00a0Superior 3 cm \/ Inferior: 2 cm \/ Izquierda: 3 cm \/ Derecha 2 cm<\/p>\n<p><strong>P\u00e1rrafo:<\/strong>\u00a0Texto Justificado<\/p>\n<p><strong>Paginaci\u00f3n:<\/strong>\u00a0Insertar n\u00famero de p\u00e1ginas en el pie de p\u00e1gina alineado al lado derecho.<\/p>\n<p><strong>Notas:\u00a0<\/strong>No deben ser colocadas en el pie de p\u00e1gina, sino insertadas como notas al final del texto.<\/p>\n<p><strong>Figuras y Tablas:\u00a0<\/strong>Todas las figuras y tablas deben tener leyendas y seguir las normas de la APA. Siendo as\u00ed, en el caso de figuras (cuadros, gr\u00e1ficos, dise\u00f1os, etc.) las respectivas leyendas deben ser posicionadas debajo de ellas, justificadas a la izquierda, con fuente\u00a0<em>Times New Roman<\/em>, tama\u00f1o 10 (diez). En las tablas, las leyendas deben ser posicionadas encima de ellas, deben estar centralizadas y tener fuente Times New Roman, tama\u00f1o 10 (diez). Un breve resumen y ejemplos pueden ser visualizados en la p\u00e1gina web de la ANPAD,\u00a0<a href=\"http:\/\/www.anpad.org.br\/diversos\/apa\/apa_tabelas_figuras.pdf\">clicando aqu\u00ed<\/a>.<\/p>\n<p>Citaciones y referencias bibliogr\u00e1ficas: Las citaciones deber\u00e1n ser insertadas en el cuerpo del texto, de acuerdo con el sistema (autor-fecha), adicion\u00e1ndose el n\u00famero de la p\u00e1gina cuando sea el caso. Las referencias bibliogr\u00e1ficas deber\u00e1n ser presentadas en orden alfab\u00e9tica al final del trabajo, de acuerdo con la norma American Psychological Association (APA). Un breve resumen y ejemplos pueden ser visualizados en la p\u00e1gina web de la ANPAD,\u00a0<a href=\"http:\/\/www.anpad.org.br\/diversos\/apa\/apa_citacoes_referencias.pdf\">clicando aqu\u00ed<\/a>.<\/p>\n<p><strong>Observaciones<\/strong><\/p>\n<p>Los trabajos que no est\u00e9n de acuerdo con las caracter\u00edsticas y con los criterios t\u00e9cnicos exigidos por el\u00a0<strong>VII SINGEP<\/strong>, no ser\u00e1n aceptados.<\/p>\n<p><strong>Deber\u00e1 ser enviado 1 \u00fanico documento, sin identificaci\u00f3n de autores, sin instituci\u00f3n y sin e-mail. Los trabajos cuya autor\u00eda sea identificada, ser\u00e1n autom\u00e1ticamente excluidos del evento.<\/strong><\/p>\n<h2><strong>\u00a0<\/strong><strong>MODALIDAD RELATO T\u00c9CNICO<\/strong><\/h2>\n<p>El relato t\u00e9cnico es el producto final de un estudio (investigaci\u00f3n aplicada o producci\u00f3n t\u00e9cnica) que describa, de forma precisa y objetiva, la situaci\u00f3n-problema en el contexto organizacional y el resultado o la soluci\u00f3n prescriptiva asociada. Un relato t\u00e9cnico presenta los resultados de una intervenci\u00f3n administrativa, t\u00e9cnica o gerencial en una organizaci\u00f3n, realizada con criterios metodol\u00f3gicos. Son trabajos acad\u00e9micos que priorizan la descripci\u00f3n del aprendizaje, en la forma de presentar los resultados pr\u00e1cticos, aprendizaje fruto de las experiencias de las organizaciones \/ profesionales involucrados en procesos pasibles de ser gestionados \/ perfeccionados por medio de t\u00e9cnicas de gesti\u00f3n espec\u00edficas. Debe ser escrito con base en el rigor cient\u00edfico y metodol\u00f3gico.<\/p>\n<p>Orientaci\u00f3n para el registro y desarrollo del relato t\u00e9cnico:<\/p>\n<p>\u2013 Debe priorizar el conocimiento prescriptivo, o sea, proponer (o prescribir) soluciones para problemas enfrentados por las organizaciones;<\/p>\n<p>\u2013 Debe ser orientado para la soluci\u00f3n de problemas de forma pr\u00e1ctica, aunque fundamentados en disciplinas aplicadas;<\/p>\n<p>\u2013 Debe tener por misi\u00f3n desarrollar conocimiento sobre lo que es relevante para solucionar problemas en su campo de investigaci\u00f3n.<\/p>\n<p><strong>Estructura sugerida para el relato t\u00e9cnico:<\/strong><\/p>\n<p>El relato t\u00e9cnico sigue el formato de un art\u00edculo cient\u00edfico corto (m\u00ednimo 7 y m\u00e1ximo 16 p\u00e1ginas), incluyendo ilustraciones y referencias.<\/p>\n<p><strong>Contenido de la primera p\u00e1gina del trabajo:<\/strong><\/p>\n<ul>\n<li>T\u00edtulo del trabajo: letras may\u00fasculas, centralizado<\/li>\n<li>Resumen: en portugu\u00e9s, texto justificado, fuente Times New Roman, cuerpo 12, espacio simple (entre caracteres, palabras y l\u00edneas), como m\u00ednimo 100 y como m\u00e1ximo 200 palabras. Debe contener objetivos, metodolog\u00eda, principales resultados y conclusiones en texto corrido.<\/li>\n<li>Palabras-clave: m\u00ednimo tres (3), m\u00e1ximo cinco (5).<\/li>\n<li>Abstract: debe ser registrado con los mismos par\u00e1metros del resumen en portugu\u00e9s.<\/li>\n<li>Keywords: deben ser registradas con los mismos par\u00e1metros de las palabras-clave en portugu\u00e9s.<\/li>\n<\/ul>\n<p><strong>Contenido del trabajo a partir de la segunda p\u00e1gina (parte textual):<\/strong><\/p>\n<p><strong>Para la parte textual del relato t\u00e9cnico (segunda p\u00e1gina en adelante), se recomienda la siguiente estructura (Biancolino, Kniess, Maccari, &amp; Rabechini Jr., 2012):<\/strong><\/p>\n<ul>\n<li><strong>Introducci\u00f3n<\/strong>: La introducci\u00f3n debe presentar el contexto y\/o la situaci\u00f3n-problema del estudio. Debe ser breve y clara, explicando de qu\u00e9 trata el relato presentado, cu\u00e1l intervenci\u00f3n fue hecha en la organizaci\u00f3n y lo que ser\u00e1 analizado, explicando el problema que ser\u00e1 resuelto \/ relatado. Se debe dejar claro al lector el objetivo del relato y como fue hecha la investigaci\u00f3n, o como los autores interpretaron las informaciones para llegar al relato. Conviene mostrar la secuencia de secciones del relato.<\/li>\n<li><strong>Referencial Te\u00f3rico<\/strong>: Debe ser presentado un referencial te\u00f3rico, relacionado con la intervenci\u00f3n hecha en la organizaci\u00f3n en cuesti\u00f3n. Este referencial sirve para encuadrar el relato desde el punto de vista te\u00f3rico y propiciar comparaciones con la teor\u00eda existente.<\/li>\n<li><strong>Metodolog\u00eda<\/strong>: se debe explicar detalladamente como fue hecho el relato t\u00e9cnico, o sea, si fue ejecutado apenas con base en la experiencia profesional y pr\u00e1ctica del aluno \/ investigador, o si otras interacciones \/ participaciones (de otros profesionales) fueron necesarias para alcanzar el objetivo del relato t\u00e9cnico. Cabe destacar, cu\u00e1les fueron las habilidades profesionales utilizadas para la observaci\u00f3n, an\u00e1lisis y soluci\u00f3n del problema, cual tipo de enfoque fue utilizado (observaci\u00f3n directa, participaci\u00f3n directa, etc.). Es necesario dejar claro el problema que ser\u00e1 relatado. El m\u00e9todo debe considerar las informaciones primarias y secundarias.<\/li>\n<li><strong>Resultados Obtenidos y An\u00e1lisis<\/strong>: Debe contener: Caracterizaci\u00f3n de la organizaci\u00f3n y del problema analizado; Tipo de intervenci\u00f3n y mecanismos adoptados; Descripci\u00f3n de los resultados obtenidos, An\u00e1lisis de los resultados por los autores, Comparaci\u00f3n con la teor\u00eda revisada en el referencial te\u00f3rico. Cu\u00e1les son las contribuciones m\u00e1s relevantes para los t\u00f3picos abordados en el relato. Debe ser incluida su relevancia para otros casos similares y que tipo de ense\u00f1anza profesional esta experiencia relatada debe ser socializada en la comunidad de profesionales.<\/li>\n<li><strong>Conclusiones\/Consideraciones finales<\/strong>: deber\u00e1 mostrar al lector argumentos sobre el alcance de los objetivos propuestos inicialmente. Cabe aqu\u00ed presentar propuestas para empresas \/ proyectos que encuentren situaciones semejantes a la descrita. Deben ser mencionados los aspectos que limitaron el trabajo. Por \u00faltimo, deben ser explicadas nuevas ideas de relatos o de trabajos con este enfoque t\u00e9cnico \/ profesional.<\/li>\n<li><strong>Referencias<\/strong><\/li>\n<\/ul>\n<p>&nbsp;<\/p>\n","protected":false},"excerpt":{"rendered":"<p>Modelo:\u00a0La utilizaci\u00f3n del modelo es obligatoria. Los trabajos que sean enviados sin seguir el modelo ser\u00e1n autom\u00e1ticamente desclasificados. (clique aqu\u00ed para descargar el modelo). Editor de texto:\u00a0PDF Idioma:\u00a0Portugu\u00e9s, Ingl\u00e9s o Espa\u00f1ol Fuente del texto:\u00a0Times New Roman, cuerpo 12 Espacio entre l\u00edneas:\u00a0simple Espacio entre caracteres:\u00a0normal L\u00edmite de p\u00e1ginas:\u00a07 a 16 p\u00e1ginas Tama\u00f1o del Papel:\u00a0A4 M\u00e1rgenes:\u00a0Superior 3 [&hellip;]<\/p>\n","protected":false},"author":1,"featured_media":0,"parent":5639,"menu_order":0,"comment_status":"closed","ping_status":"closed","template":"","meta":{"footnotes":""},"class_list":["post-5656","page","type-page","status-publish","hentry"],"_links":{"self":[{"href":"https:\/\/singep.org.br\/7\/wp-json\/wp\/v2\/pages\/5656","targetHints":{"allow":["GET"]}}],"collection":[{"href":"https:\/\/singep.org.br\/7\/wp-json\/wp\/v2\/pages"}],"about":[{"href":"https:\/\/singep.org.br\/7\/wp-json\/wp\/v2\/types\/page"}],"author":[{"embeddable":true,"href":"https:\/\/singep.org.br\/7\/wp-json\/wp\/v2\/users\/1"}],"replies":[{"embeddable":true,"href":"https:\/\/singep.org.br\/7\/wp-json\/wp\/v2\/comments?post=5656"}],"version-history":[{"count":0,"href":"https:\/\/singep.org.br\/7\/wp-json\/wp\/v2\/pages\/5656\/revisions"}],"up":[{"embeddable":true,"href":"https:\/\/singep.org.br\/7\/wp-json\/wp\/v2\/pages\/5639"}],"wp:attachment":[{"href":"https:\/\/singep.org.br\/7\/wp-json\/wp\/v2\/media?parent=5656"}],"curies":[{"name":"wp","href":"https:\/\/api.w.org\/{rel}","templated":true}]}}