{"id":5648,"date":"2018-06-30T12:37:05","date_gmt":"2018-06-30T15:37:05","guid":{"rendered":"http:\/\/singep.org.br\/7\/?page_id=5648"},"modified":"2018-06-30T12:37:05","modified_gmt":"2018-06-30T15:37:05","slug":"formato-para-articulos-cientificos","status":"publish","type":"page","link":"https:\/\/singep.org.br\/7\/reglas-para-enviar-los-trabajos\/formato-para-articulos-cientificos\/?lang=es","title":{"rendered":"Formato para Art\u00edculos Cient\u00edficos"},"content":{"rendered":"<h2>Formato para Art\u00edculos Cient\u00edficos<\/h2>\n<p><strong>Modelo:\u00a0<\/strong>La utilizaci\u00f3n del modelo es obligatoria. Los trabajos que sean enviados sin seguir el modelo ser\u00e1n autom\u00e1ticamente desclasificados. (<a href=\"https:\/\/singep.org.br\/7\/wp-content\/uploads\/sites\/3\/2018\/04\/template_VIISINGEP_Artigo-Cientifico-1.doc\">clique aqu\u00ed para descargar el modelo<\/a>).<\/p>\n<p><strong>Editor de texto:\u00a0<\/strong>PDF<\/p>\n<p><strong>Idioma:<\/strong>\u00a0Portugu\u00e9s, Ingl\u00e9s o Espa\u00f1ol<\/p>\n<p><strong>Fuente del texto:\u00a0<\/strong>Times New Roman, cuerpo 12<\/p>\n<p><strong>Espacio entre l\u00edneas:<\/strong>\u00a0simple<\/p>\n<p><strong>Espacio entre caracteres:\u00a0<\/strong>normal<\/p>\n<p><strong>L\u00edmite de p\u00e1ginas:<\/strong>\u00a016 p\u00e1ginas<\/p>\n<p><strong>Tama\u00f1o del Papel:<\/strong>\u00a0A4<\/p>\n<p><strong>M\u00e1rgenes:<\/strong>\u00a0Superior 3 cm \/ Inferior: 2 cm \/ Izquierda: 3 cm \/ Derecha \u00a02 cm<\/p>\n<p><strong>P\u00e1rrafo:<\/strong>\u00a0Texto Justificado<\/p>\n<p><strong>Paginaci\u00f3n:<\/strong>\u00a0Insertar n\u00famero de p\u00e1ginas en el pie de p\u00e1gina alineado al lado derecho.<\/p>\n<p><strong>Notas:\u00a0<\/strong>No deben ser colocadas en el pie de p\u00e1gina, sino insertadas como notas al final del texto.<\/p>\n<p><strong>Figuras y Tablas:\u00a0<\/strong>Todas las figuras y tablas deben tener leyendas y seguir las normas de la APA. Siendo as\u00ed, en el caso de figuras (cuadros, gr\u00e1ficos, dise\u00f1os, etc.) las respectivas leyendas deben ser posicionadas debajo de ellas, justificadas a la izquierda, con fuente\u00a0<em>Times New Roman<\/em>, tama\u00f1o 10 (diez). En las tablas, las leyendas deben ser posicionadas encima de ellas, deben estar centralizadas y tener fuente Times New Roman, tama\u00f1o 10 (diez). Un breve resumen y ejemplos pueden ser visualizados en la p\u00e1gina web de la ANPAD,\u00a0<a href=\"http:\/\/www.anpad.org.br\/diversos\/apa\/apa_tabelas_figuras.pdf\">clicando aqu\u00ed<\/a>.<\/p>\n<p>Citaciones y referencias bibliogr\u00e1ficas: Las citaciones deber\u00e1n ser insertadas en el cuerpo del texto, de acuerdo con el sistema (autor-fecha), adicion\u00e1ndose el n\u00famero de la p\u00e1gina cuando sea el caso. Las referencias bibliogr\u00e1ficas deber\u00e1n ser presentadas en orden alfab\u00e9tica al final del trabajo, de acuerdo con la norma American Psychological Association (APA). Un breve resumen y ejemplos pueden ser visualizados en la p\u00e1gina web de la ANPAD,\u00a0<a href=\"http:\/\/www.anpad.org.br\/diversos\/apa\/apa_citacoes_referencias.pdf\">clicando aqu\u00ed<\/a>.<\/p>\n<p><strong>Observaciones<\/strong><\/p>\n<p>Los trabajos que no est\u00e9n de acuerdo con las caracter\u00edsticas y con los criterios t\u00e9cnicos exigidos por el\u00a0<strong>VII SINGEP<\/strong>, no ser\u00e1n aceptados.<\/p>\n<p><strong>Deber\u00e1 ser enviado 1 \u00fanico documento, sin identificaci\u00f3n de autores, sin instituci\u00f3n y sin e-mail. Los trabajos cuya autor\u00eda sea identificada, ser\u00e1n autom\u00e1ticamente excluidos del evento.<\/strong><\/p>\n<p>&nbsp;<\/p>\n<h2>MODALIDAD ART\u00cdCULO CIENT\u00cdFICO<\/h2>\n<p>El art\u00edculo cient\u00edfico debe contener como m\u00ednimo ocho (8) y como m\u00e1ximo diecis\u00e9is (16) p\u00e1ginas, incluyendo resumen, ilustraciones, referencias y notas al final del texto.<\/p>\n<p><strong>Estructura sugerida para el art\u00edculo cient\u00edfico:\u00a0<\/strong><\/p>\n<p><strong>Contenido de la primera p\u00e1gina del trabajo:<\/strong><\/p>\n<ul>\n<li>T\u00edtulo del trabajo: letras may\u00fasculas, centralizado<\/li>\n<li>Resumen: en portugu\u00e9s, texto justificado, fuente Times New Roman, cuerpo 12, espacio simple (entre caracteres, palabras y l\u00edneas), como m\u00ednimo 100 y como m\u00e1ximo 200 palabras. Debe contener objetivos, metodolog\u00eda, principales resultados y conclusiones en texto corrido.<\/li>\n<li>Palabras-clave: m\u00ednimo tres (3), m\u00e1ximo cinco (5).<\/li>\n<li>Abstract: debe ser registrado con los mismos par\u00e1metros del resumen en portugu\u00e9s.<\/li>\n<li>Keywords: deben ser registradas con los mismos par\u00e1metros de las palabras-clave en portugu\u00e9s.<\/li>\n<\/ul>\n<p><strong>Contenido del trabajo a partir de la segunda p\u00e1gina (parte textual):<\/strong><\/p>\n<ul>\n<li>Introducci\u00f3n (incluye el tema, problema de investigaci\u00f3n y objetivos)<\/li>\n<li>Referencial Te\u00f3rico<\/li>\n<li>Metodolog\u00eda<\/li>\n<li>An\u00e1lisis de los resultados<\/li>\n<li>Conclusiones\/Consideraciones finales<\/li>\n<li>Referencias<\/li>\n<\/ul>\n","protected":false},"excerpt":{"rendered":"<p>Formato para Art\u00edculos Cient\u00edficos Modelo:\u00a0La utilizaci\u00f3n del modelo es obligatoria. Los trabajos que sean enviados sin seguir el modelo ser\u00e1n autom\u00e1ticamente desclasificados. (clique aqu\u00ed para descargar el modelo). Editor de texto:\u00a0PDF Idioma:\u00a0Portugu\u00e9s, Ingl\u00e9s o Espa\u00f1ol Fuente del texto:\u00a0Times New Roman, cuerpo 12 Espacio entre l\u00edneas:\u00a0simple Espacio entre caracteres:\u00a0normal L\u00edmite de p\u00e1ginas:\u00a016 p\u00e1ginas Tama\u00f1o del Papel:\u00a0A4 [&hellip;]<\/p>\n","protected":false},"author":1,"featured_media":0,"parent":5639,"menu_order":0,"comment_status":"closed","ping_status":"closed","template":"","meta":{"footnotes":""},"class_list":["post-5648","page","type-page","status-publish","hentry"],"_links":{"self":[{"href":"https:\/\/singep.org.br\/7\/wp-json\/wp\/v2\/pages\/5648","targetHints":{"allow":["GET"]}}],"collection":[{"href":"https:\/\/singep.org.br\/7\/wp-json\/wp\/v2\/pages"}],"about":[{"href":"https:\/\/singep.org.br\/7\/wp-json\/wp\/v2\/types\/page"}],"author":[{"embeddable":true,"href":"https:\/\/singep.org.br\/7\/wp-json\/wp\/v2\/users\/1"}],"replies":[{"embeddable":true,"href":"https:\/\/singep.org.br\/7\/wp-json\/wp\/v2\/comments?post=5648"}],"version-history":[{"count":0,"href":"https:\/\/singep.org.br\/7\/wp-json\/wp\/v2\/pages\/5648\/revisions"}],"up":[{"embeddable":true,"href":"https:\/\/singep.org.br\/7\/wp-json\/wp\/v2\/pages\/5639"}],"wp:attachment":[{"href":"https:\/\/singep.org.br\/7\/wp-json\/wp\/v2\/media?parent=5648"}],"curies":[{"name":"wp","href":"https:\/\/api.w.org\/{rel}","templated":true}]}}