{"id":5570,"date":"2018-06-29T09:52:28","date_gmt":"2018-06-29T12:52:28","guid":{"rendered":"http:\/\/singep.org.br\/7\/?page_id=5570"},"modified":"2018-06-29T09:52:28","modified_gmt":"2018-06-29T12:52:28","slug":"international-scientific-committee","status":"publish","type":"page","link":"https:\/\/singep.org.br\/7\/international-scientific-committee\/?lang=en","title":{"rendered":"International Scientific Committee"},"content":{"rendered":"<ul>\n<li>Antonio Cesar Amaru Maximiano, University of S\u00e3o Paulo \u2013 USP, S\u00e3o Paulo, Brazil<\/li>\n<li>Carlos Rufin, Suffolk University, EUA<\/li>\n<li>Cibele Barsalini Martins, Federal University of Santa Catarina \u2013 UFSC, Santa Catarina, Brazil<\/li>\n<li>Clandia Maffini Gomes, Federal University of Santa Maria \u2013 UFSM, Rio Grande do Sul, Brazil<\/li>\n<li>Claudia Brito Silva Cirani, University Nove de Julho \u2013 UNINOVE, S\u00e3o Paulo, Brazil<\/li>\n<li>Claudio Antonio Rojo, State University of Oeste do Paran\u00e1 \u2013 UNIOESTE, Paran\u00e1, Brazil<\/li>\n<li>Cristiano Capellani Quaresma, University Nove de Julho \u2013 UNINOVE, S\u00e3o Paulo, Brazil<\/li>\n<li>Dario De Oliveira Lima-Filho, Federal University of Santa Maria \u2013 UFSM, Rio Grande do Sul, Brazil<\/li>\n<li>Edson Luiz Riccio, University of S\u00e3o Paulo \u2013 USP, S\u00e3o Paulo, Brazil<\/li>\n<li>Geysler Rogis Flor Bertolini, State University of Oeste do Paran\u00e1 \u2013 UNIOESTE, Paran\u00e1, Brazil<\/li>\n<li>Gra\u00e7a Maria de Oliveira Miranda Silva, Instituto Superior de Economia e Gest\u00e3o \u2013 ISEG, Lisbon, Portugal<\/li>\n<li>Guilherme Ary Plonski, University of S\u00e3o Paulo \u2013 FEA-USP, S\u00e3o Paulo, Brazil<\/li>\n<li>Ivan de Souza Dutra, State University of Londrina \u2013 UEL, Paran\u00e1, Brazil<\/li>\n<li>Ivete Rodrigues, Funda\u00e7\u00e3o Instituto de Administra\u00e7\u00e3o \u2013 FIA, S\u00e3o Paulo, Brazil<\/li>\n<li>Jo\u00e3o Paschoalin Filho, University Nove de Julho \u2013 UNINOVE, S\u00e3o Paulo, Brazil<\/li>\n<li>Jos\u00e9 Eduardo Storopoli, University Nove de Julho \u2013 UNINOVE, S\u00e3o Paulo, Brazil<\/li>\n<li>Leonel Cezar Rodrigues, University Nove de Julho \u2013 UNINOVE, S\u00e3o Paulo, Brazil<\/li>\n<li>L\u00facia Rejane da Rosa Gama Madruga, Federal University of Santa Maria \u2013 UFSM, Rio Grande do Sul, Brazil<\/li>\n<li>Luc Quoniam, Aix Marseille Universit\u00e9, France<\/li>\n<li>Maria Celeste Reis Lobo de Vasconcelos, Funda\u00e7\u00e3o Pedro Leopoldo \u2013 FPL, Minas Gerais, Brazil<\/li>\n<li>M\u00e1rio Jos\u00e9 Batista Rom\u00e3o, ISCTE Business School \u2013 ISCTE-IUL, Lisbon, Portugal<\/li>\n<li>Marly Monteiro de Carvalho, University of S\u00e3o Paulo \u2013 POLI-USP, S\u00e3o Paulo, Brazil<\/li>\n<li>Roberto Sbragia, University of S\u00e3o Paulo \u2013 FEA-USP, S\u00e3o Paulo, Brazil<\/li>\n<li>Roque Rabechini Jr, University Nove de Julho \u2013 UNINOVE, S\u00e3o Paulo, Brazil<\/li>\n<li>Ronaldo Locatelli, Funda\u00e7\u00e3o Pedro Leopoldo \u2013 FPL, Minas Gerais, Brazil<\/li>\n<\/ul>\n","protected":false},"excerpt":{"rendered":"<p>Antonio Cesar Amaru Maximiano, University of S\u00e3o Paulo \u2013 USP, S\u00e3o Paulo, Brazil Carlos Rufin, Suffolk University, EUA Cibele Barsalini Martins, Federal University of Santa Catarina \u2013 UFSC, Santa Catarina, Brazil Clandia Maffini Gomes, Federal University of Santa Maria \u2013 UFSM, Rio Grande do Sul, Brazil Claudia Brito Silva Cirani, University Nove de Julho \u2013 [&hellip;]<\/p>\n","protected":false},"author":1,"featured_media":0,"parent":0,"menu_order":0,"comment_status":"closed","ping_status":"closed","template":"","meta":{"footnotes":""},"class_list":["post-5570","page","type-page","status-publish","hentry"],"_links":{"self":[{"href":"https:\/\/singep.org.br\/7\/wp-json\/wp\/v2\/pages\/5570","targetHints":{"allow":["GET"]}}],"collection":[{"href":"https:\/\/singep.org.br\/7\/wp-json\/wp\/v2\/pages"}],"about":[{"href":"https:\/\/singep.org.br\/7\/wp-json\/wp\/v2\/types\/page"}],"author":[{"embeddable":true,"href":"https:\/\/singep.org.br\/7\/wp-json\/wp\/v2\/users\/1"}],"replies":[{"embeddable":true,"href":"https:\/\/singep.org.br\/7\/wp-json\/wp\/v2\/comments?post=5570"}],"version-history":[{"count":0,"href":"https:\/\/singep.org.br\/7\/wp-json\/wp\/v2\/pages\/5570\/revisions"}],"wp:attachment":[{"href":"https:\/\/singep.org.br\/7\/wp-json\/wp\/v2\/media?parent=5570"}],"curies":[{"name":"wp","href":"https:\/\/api.w.org\/{rel}","templated":true}]}}