{"id":4557,"date":"2015-11-10T12:50:27","date_gmt":"2015-11-10T14:50:27","guid":{"rendered":"https:\/\/singep.org.br\/?page_id=4557"},"modified":"2018-10-22T17:22:56","modified_gmt":"2018-10-22T20:22:56","slug":"premiacao","status":"publish","type":"page","link":"https:\/\/singep.org.br\/7\/premiacao\/","title":{"rendered":"Premia\u00e7\u00e3o"},"content":{"rendered":"<p>Premia\u00e7\u00e3o dos Melhores Trabalhos do Evento (total de 5 categorias)<\/p>\n<p><strong>Crit\u00e9rios adotados para a sele\u00e7\u00e3o dos melhores trabalhos do evento:<\/strong><\/p>\n<ul>\n<li>qualidade, clareza e reda\u00e7\u00e3o do texto;<\/li>\n<li>atualidade do tema do trabalho;<\/li>\n<li>clareza nos objetivos;<\/li>\n<li>adequa\u00e7\u00e3o metodol\u00f3gica;<\/li>\n<li>forma de apresenta\u00e7\u00e3o dos dados quantitativos ou qualitativos;<\/li>\n<li>embasamento, amplitude e corre\u00e7\u00e3o face aos resultados obtidos;<\/li>\n<li>e consist\u00eancia e abrang\u00eancia das refer\u00eancias.<\/li>\n<\/ul>\n<p>&nbsp;<\/p>\n<p><strong>Categorias de premia\u00e7\u00e3o:<\/strong><\/p>\n<ol>\n<li>Categoria \u201cMelhor Artigo Cient\u00edfico\u201d, envolvendo a sele\u00e7\u00e3o dos tr\u00eas melhores trabalhos por tema (gest\u00e3o de projetos, inova\u00e7\u00e3o, sustentabilidade e cidades inteligentes e estrategia);<\/li>\n<li>Categoria \u201cMelhor Relato T\u00e9cnico\u201d, contemplando a sele\u00e7\u00e3o dos tr\u00eas melhores trabalhos por tema(gest\u00e3o de projetos, inova\u00e7\u00e3o, sustentabilidade e cidades inteligentes e estrategia);<\/li>\n<li>Categoria \u201cMelhor P\u00f4ster\u201d, envolvendo a sele\u00e7\u00e3o dos tr\u00eas melhores trabalhos por tema (gest\u00e3o de projetos, inova\u00e7\u00e3o, sustentabilidade e cidades inteligentes e estrategia);<\/li>\n<li>Categoria \u201cMelhor Trabalho do VII SINGEP\u201d, mediante sele\u00e7\u00e3o do melhor trabalho do evento; e, por fim,<\/li>\n<li>\u00a0Categoria \u201cDistin\u00e7\u00e3o de M\u00e9rito\u201d para os tr\u00eas melhores avaliadores do evento.<\/li>\n<\/ol>\n<p>&nbsp;<\/p>\n<h2>Lista de indicados \u00e0 premia\u00e7\u00e3o &#8211; VII SINGEP<\/h2>\n<h3>Artigo &#8211; Estrat\u00e9gia<\/h3>\n<table class='programacao'>\n<tbody>\n<tr>\n<td >T\u00edtulo<\/td>\n<td >C\u00f3digo<\/td>\n<td >Autores<\/td>\n<td >Institui\u00e7\u00e3o<\/td>\n<\/tr>\n<tr>\n<td >A gest\u00e3o dos recursos organizacionais para o desempenho superior na avalia\u00e7\u00e3o da Capes<\/td>\n<td>106<\/td>\n<td >Danieli Artuzi Pes Backes<br \/>\nVilmar Backes<br \/>\nDebora Eloysa Alves Cabral<\/td>\n<td >Universidade Nove de Julho (UNINOVE)<br \/>\nCESUR<br \/>\nUniversidade Federal do Mato Grosso (UFMT)<\/td>\n<\/tr>\n<tr>\n<td >Estrat\u00e9gia de cria\u00e7\u00e3o de valor sustent\u00e1vel em uma cooperativa no estado do Cear\u00e1<\/td>\n<td>135<\/td>\n<td >Francisco Jean Oliveira Silva<br \/>\nMirele Cavalcante da Silva<\/td>\n<td >Faculdade Ateneu (FATE)<br \/>\nFaculdade Ateneu (FATE)<\/td>\n<\/tr>\n<tr>\n<td >\u00cdndice de infla\u00e7\u00e3o interna de uma institui\u00e7\u00e3o educacional: modelo, estimativas da infla\u00e7\u00e3o corrente e simula\u00e7\u00f5es<\/td>\n<td>230<\/td>\n<td >Ronaldo Lamounier Locatelli<br \/>\nJos\u00e9 Edson Lara<br \/>\nWanderley Ramalho<br \/>\nRubens Barbosa dos Santos<\/td>\n<td >Funda\u00e7\u00e3o Pedro Leopoldo (FPL)<br \/>\nFunda\u00e7\u00e3o Pedro Leopoldo (FPL)<br \/>\nFunda\u00e7\u00e3o Pedro Leopoldo (FPL)<br \/>\nFunda\u00e7\u00e3o Pedro Leopoldo (FPL)<\/td>\n<\/tr>\n<\/tbody>\n<\/table>\n<p>&nbsp;<\/p>\n<h3>Artigo &#8211; Gest\u00e3o de Projetos<\/h3>\n<p>&nbsp;<\/p>\n<table class='programacao'>\n<tbody>\n<tr>\n<td >T\u00edtulo<\/td>\n<td >C\u00f3digo<\/td>\n<td >Autores<\/td>\n<td >Institui\u00e7\u00e3o<\/td>\n<\/tr>\n<tr>\n<td >Life Cycle Canvas e Engajamento no Trabalho: uma proposta de integra\u00e7\u00e3o<\/td>\n<td>100<\/td>\n<td >Rafael Rodrigues da Silva<br \/>\nBruno Campelo Medeiros<br \/>\nManoel Veras de Sousa Neto<\/td>\n<td >Universidade Federal do Rio Grande do Norte (UFRN)<br \/>\nUniversidade Federal do Rio Grande do Norte (UFRN)<br \/>\nUniversidade Federal do Rio Grande do Norte (UFRN)<\/td>\n<\/tr>\n<tr>\n<td >M\u00e9todo Delphi Aplicado em Pesquisas de Gest\u00e3o de Projetos: Uma Pespectiva Al\u00e9m do Consenso<\/td>\n<td>358<\/td>\n<td>Tain\u00e1 Alves dos Santos<\/td>\n<td>Universidade Nove de Julho (UNINOVE)<\/td>\n<\/tr>\n<tr>\n<td >Aplicabilidade das boas pr\u00e1ticas do PMI em projetos sociais para institui\u00e7\u00f5es do terceiro setor<\/td>\n<td>145<\/td>\n<td >Miriam Christi Oishi Nemoto<br \/>\nDanilo Albuquerque Silva<br \/>\nLuis Hernan Contreras Pinochet<\/td>\n<td >Universidade Federal de S\u00e3o Paulo (UNIFESP)<br \/>\nUniversidade Federal de S\u00e3o Paulo (UNIFESP)<br \/>\nUniversidade Federal de S\u00e3o Paulo (UNIFESP)<\/td>\n<\/tr>\n<\/tbody>\n<\/table>\n<p>&nbsp;<\/p>\n<h3>Artigo &#8211; Inova\u00e7\u00e3o<\/h3>\n<p>&nbsp;<\/p>\n<table class='programacao'>\n<tbody>\n<tr>\n<td >T\u00edtulo<\/td>\n<td >C\u00f3digo<\/td>\n<td >Autores<\/td>\n<td >Institui\u00e7\u00e3o<\/td>\n<\/tr>\n<tr>\n<td >DEVELOPMENT OF LOCAL INNOVATION CAPABILITIES FOR GLOBAL R&#038;D PROJECTS INTEGRATION ON MNES\n<\/td>\n<td>82<\/td>\n<td >Elisangela Lazarou Tarra\u00e7o<br \/>\nRoberto Carlos Bernardes<br \/>\nFelipe Mendes Borini<br \/>\nDennys Eduardo Rossetto<\/td>\n<td >FEI<br \/>\nFEI<br \/>\nESPM \/ USP<br \/>\nFEI<\/td>\n<\/tr>\n<tr>\n<td >Intelig\u00eancia Competitiva e Desempenho Econ\u00f4mico-financeiro nas 500 Maiores Empresas Sediadas no Brasil<\/td>\n<td>401<\/td>\n<td >Cl\u00e9bia Ciupak<br \/>\nLeonel Cezar Rodrigues<\/td>\n<td >Universidade Federal do Matro Grosso (UFMT)<br \/>\nUniversidade Nove de Julho (UNINOVE)<\/td>\n<\/tr>\n<tr>\n<td >matrizes swot e gut como fontes de inova\u00e7\u00e3o para agricultores familiares de um munic\u00edpio sul-mato-grossense<\/td>\n<td>206<\/td>\n<td >Edmilson Souza Montania<br \/>\nDaniela Althoff Philippi<\/td>\n<td >Universidade Federal de Mato Grosso do Sul (UFMS)<br \/>\nUniversidade Federal de Mato Grosso do Sul (UFMS)<\/td>\n<\/tr>\n<\/tbody>\n<\/table>\n<p>&nbsp;<\/p>\n<p>&nbsp;<\/p>\n<h3>Artigo &#8211; Sustentabilidade &#8211; Cidades Inteligentes e Sustent\u00e1veis<\/h3>\n<p>&nbsp;<\/p>\n<table class='programacao'>\n<tbody>\n<tr>\n<td >T\u00edtulo<\/td>\n<td >C\u00f3digo<\/td>\n<td >Autores<\/td>\n<td >Institui\u00e7\u00e3o<\/td>\n<\/tr>\n<tr>\n<td >Analise da disposi\u00e7\u00e3o para implementa\u00e7\u00e3o da log\u00edstica reversa no varejo<\/td>\n<td>484<\/td>\n<td >S\u00e9rgio Silva Braga Junior<br \/>\nKarina Tonelli Silveira Dias<br \/>\nDirceu da Silva<br \/>\nSandra Cristina de Oliveira<\/td>\n<td >Universidade Estadual Paulista (UNESP)<br \/>\nUniversidade Estadual de Campinas (UNICAMP)<br \/>\nUniversidade Estadual de Campinas (UNICAMP)<br \/>\nUniversidade Estadual Paulista (UNESP)<\/td>\n<\/tr>\n<tr>\n<td >Uso sustent\u00e1vel de caixas de isopor como alternativa para estufa microbiol\u00f3gica em laborat\u00f3rios de uma universidade privada<\/td>\n<td>417<\/td>\n<td >Simone Aquino<br \/>\nPriscila de Oliveira Barbosa<br \/>\nElaine da Silveira Oliveira<\/td>\n<td >Universidade Nove de Julho (UNINOVE)<br \/>\nUniversidade Nove de Julho (UNINOVE)\u00a0\u00a0\u00a0\u00a0\u00a0\u00a0\u00a0\u00a0\u00a0\u00a0\u00a0\u00a0\u00a0\u00a0\u00a0\u00a0\u00a0\u00a0\u00a0\u00a0\u00a0\u00a0\u00a0\u00a0\u00a0\u00a0\u00a0\u00a0\u00a0\u00a0\u00a0\u00a0\u00a0\u00a0\u00a0\u00a0\u00a0\u00a0\u00a0\u00a0\u00a0\u00a0\u00a0\u00a0\u00a0\u00a0\u00a0\u00a0\u00a0\u00a0\u00a0\u00a0\u00a0\u00a0\u00a0\u00a0\u00a0\u00a0\u00a0\u00a0\u00a0\u00a0\u00a0\u00a0\u00a0\u00a0\u00a0\u00a0\u00a0\u00a0\u00a0\u00a0\u00a0\u00a0\u00a0\u00a0\u00a0\u00a0\u00a0\u00a0 Universidade Nove de Julho (UNINOVE)<\/td>\n<\/tr>\n<tr>\n<td >Implementa\u00e7\u00e3o do Plano Municipal de Res\u00edduos S\u00f3lidos nas Capitais Nordestinas: An\u00e1lise da legisla\u00e7\u00e3o<\/td>\n<td>465<\/td>\n<td >Elaine Maria de Nazar\u00e9 Lima<br \/>\nMaria Eduarda Irene Melo<br \/>\nHelano Di\u00f3genes Pinheiro<\/td>\n<td >Universidade Estadual do Piaui (UESPI)<br \/>\nUniversidade Estadual do Piaui (UESPI)<br \/>\nUniversidade Estadual do Piaui (UESPI)<\/td>\n<\/tr>\n<\/tbody>\n<\/table>\n<p>&nbsp;<\/p>\n<h3>Relato &#8211; Estrat\u00e9gia<\/h3>\n<p>&nbsp;<\/p>\n<table class='programacao'>\n<tbody>\n<tr>\n<td >T\u00edtulo<\/td>\n<td >C\u00f3digo<\/td>\n<td >Autores<\/td>\n<td >Institui\u00e7\u00e3o<\/td>\n<\/tr>\n<tr>\n<td >Realiza\u00e7\u00e3o de evento nost\u00e1lgico e nostalgia evocada em shopping center<\/td>\n<td>197<\/td>\n<td >Rhuann Thadeu Destro<br \/>\nLu\u00eds Fernando Varotto<br \/>\nDaniela Modolo Ribeiro de Gouvea<\/td>\n<td >Universidade Nove de Julho (UNINOVE)<br \/>\nUniversidade Nove de Julho (UNINOVE)<br \/>\nUniversidade Nove de Julho (UNINOVE)<\/td>\n<\/tr>\n<tr>\n<td >Relato t\u00e9cnico sobre a utiliza\u00e7\u00e3o dos juros sobre o capital pr\u00f3prio para a redu\u00e7\u00e3o de \u00f4nus tribut\u00e1rio.<\/td>\n<td>187<\/td>\n<td >Geovana Aparecida Pires Chagas<br \/>\nJo\u00e3o Francisco Morozini<\/td>\n<td >Universidade Estadual do Centro Oeste (UNICENTRO)<br \/>\nUniversidade Estadual do Centro Oeste (UNICENTRO)<\/td>\n<\/tr>\n<tr>\n<td >Capacidade Absortiva em Institui\u00e7\u00f5es de Ensino: o caso de escola adotando sistema apostilado<\/td>\n<td>313<\/td>\n<td >Eliane Herrero<br \/>\nRoberto Lima Ruas<\/td>\n<td >Universidade Nove de Julho (UNINOVE)<br \/>\nUniversidade Nove de Julho (UNINOVE)<\/td>\n<\/tr>\n<\/tbody>\n<\/table>\n<p>&nbsp;<\/p>\n<p>&nbsp;<\/p>\n<h3>Relato &#8211; Gest\u00e3o de Projetos<\/h3>\n<p>&nbsp;<\/p>\n<table class='programacao'>\n<tbody>\n<tr>\n<td >T\u00edtulo<\/td>\n<td >C\u00f3digo<\/td>\n<td >Autores<\/td>\n<td >Institui\u00e7\u00e3o<\/td>\n<\/tr>\n<tr>\n<td >Gest\u00e3o de Escopo de Projetos de TI: O caso de uma empresa global do setor de entretenimento<\/td>\n<td>194<\/td>\n<td >Julio Cesar de Souza Moraes<br \/>\nCristiane Drebes Pedron<\/td>\n<td >Universidade Nove de Julho (UNINOVE)<br \/>\nUniversidade Nove de Julho (UNINOVE)<\/td>\n<\/tr>\n<tr>\n<td >A viabiliza\u00e7\u00e3o do regime geral de previd\u00eancia social: proposta de modelo brasileiro<\/td>\n<td>153<\/td>\n<td >Alexandre Vitorino<br \/>\nHeloisa Candia Hollnagel<\/td>\n<td >Universidade Federal de S\u00e3o Paulo (UNIFESP)<br \/>\nUniversidade Federal de S\u00e3o Paulo (UNIFESP)<\/td>\n<\/tr>\n<tr>\n<td >Efetividade de equipes em projetos sociais: um estudo de caso do projeto reciclando oportunidades do Norte de Minas Gerais<\/td>\n<td>488<\/td>\n<td >Vivian Moreira Rodrigues de Souza<br \/>\nVera L. Can\u00e7ado<br \/>\nEster Eliane Jeunon<\/td>\n<td >Funda\u00e7\u00e3o Pedro Leoplodo (FPL)<br \/>\nFunda\u00e7\u00e3o Pedro Leoplodo (FPL)<br \/>\nFunda\u00e7\u00e3o Pedro Leoplodo (FPL)<\/td>\n<\/tr>\n<\/tbody>\n<\/table>\n<p>&nbsp;<\/p>\n<h3>Relato &#8211; Inova\u00e7\u00e3o<\/h3>\n<p>&nbsp;<\/p>\n<table class='programacao'>\n<tbody>\n<tr>\n<td >T\u00edtulo<\/td>\n<td >C\u00f3digo<\/td>\n<td >Autores<\/td>\n<td >Institui\u00e7\u00e3o<\/td>\n<\/tr>\n<tr>\n<td >Melhoria no acesso ao diagn\u00f3stico e tratamento do c\u00e2ncer de mama: a experi\u00eancia do munic\u00edpio de Guarulhos\/SP<\/td>\n<td>35<\/td>\n<td >Renan Marani Garcia\u00a0\u00a0\u00a0\u00a0\u00a0\u00a0\u00a0\u00a0\u00a0\u00a0\u00a0\u00a0\u00a0\u00a0\u00a0\u00a0\u00a0\u00a0\u00a0\u00a0\u00a0\u00a0\u00a0 Evandro Luiz Lopes<\/td>\n<td >Universidade Paulista (UNIP)\u00a0\u00a0\u00a0\u00a0\u00a0\u00a0\u00a0\u00a0\u00a0\u00a0\u00a0\u00a0\u00a0\u00a0\u00a0\u00a0\u00a0\u00a0\u00a0\u00a0\u00a0\u00a0\u00a0\u00a0\u00a0\u00a0\u00a0\u00a0\u00a0\u00a0\u00a0\u00a0\u00a0\u00a0\u00a0\u00a0\u00a0\u00a0\u00a0\u00a0\u00a0\u00a0\u00a0\u00a0\u00a0\u00a0\u00a0\u00a0\u00a0\u00a0\u00a0\u00a0\u00a0\u00a0\u00a0\u00a0\u00a0\u00a0\u00a0\u00a0\u00a0\u00a0\u00a0\u00a0\u00a0\u00a0\u00a0\u00a0\u00a0\u00a0\u00a0\u00a0\u00a0\u00a0\u00a0\u00a0\u00a0\u00a0\u00a0\u00a0\u00a0\u00a0\u00a0\u00a0\u00a0\u00a0\u00a0\u00a0\u00a0\u00a0\u00a0\u00a0\u00a0\u00a0\u00a0\u00a0\u00a0\u00a0\u00a0\u00a0\u00a0\u00a0\u00a0\u00a0\u00a0\u00a0\u00a0\u00a0\u00a0 UNINOVE<\/td>\n<\/tr>\n<tr>\n<td >Admir\u00e1vel mundo novo na perspectiva da tr\u00edade: internet das coisas conectando pessoas e mercados.<\/td>\n<td>94<\/td>\n<td >Jos\u00e9 Edson Lara<br \/>\nRonaldo Lamounier Locatelli<br \/>\nLuciano Jos\u00e9 Reis<br \/>\nBruno Pellizzaro Dias Afonso<\/td>\n<td >Funda\u00e7\u00e3o Pedro Leopoldo (FPL)<br \/>\nFunda\u00e7\u00e3o Pedro Leopoldo (FPL)Instituto Federal de Educa\u00e7\u00e3o Ci\u00eancia e Tecnologia do Norte de Minas Gerais (IFNMG)<\/td>\n<\/tr>\n<tr>\n<td >Gest\u00e3o da propriedade intelectual : a experi\u00eancia do NIT \u0096 N\u00facleo de Inova\u00e7\u00e3o Tecnol\u00f3gica da UFABC<\/td>\n<td>469<\/td>\n<td>Vitor da Silva Bittencourt<\/td>\n<td>Universidade Nove de Julho (UNINOVE)<\/td>\n<\/tr>\n<\/tbody>\n<\/table>\n<p>&nbsp;<\/p>\n<h3>Relato &#8211; Sustentabilidade &#8211; Cidades Inteligentes e Sustent\u00e1veis<\/h3>\n<p>&nbsp;<\/p>\n<table class='programacao'>\n<tbody>\n<tr>\n<td >T\u00edtulo<\/td>\n<td >C\u00f3digo<\/td>\n<td >Autores<\/td>\n<td >Institui\u00e7\u00e3o<\/td>\n<\/tr>\n<tr>\n<td >Biodigestores em pequenas propriedades rurais de Minas Gerais: desafios para implanta\u00e7\u00e3o na agricultura familiar<\/td>\n<td>27<\/td>\n<td >Marcelo Augusto Alves Gama<br \/>\nDiego Teixeira Lima<br \/>\nSimone Aquino<\/td>\n<td >Universidade Nove de Julho (UNINOVE)<br \/>\nUniversidade Nove de Julho (UNINOVE)<br \/>\nUniversidade Nove de Julho (UNINOVE)<\/td>\n<\/tr>\n<tr>\n<td >Media\u00e7\u00e3o de conflitos na cria\u00e7\u00e3o da Area de Prote\u00e7\u00e3o Ambiental Serra do Guarar\u00fa &#8211; APASG<\/td>\n<td>374<\/td>\n<td>Sidnei Aranha<\/td>\n<td>Universidade Nove de Julho (UNINOVE)<\/td>\n<\/tr>\n<tr>\n<td >Sistemas de geolocaliza\u00e7\u00e3o nos \u00f4nibus da cidade de S\u00e3o Paulo: da abertura de dados \u00e0 cria\u00e7\u00e3o de startups<\/td>\n<td>251<\/td>\n<td >Fernando de Caires Barbosa<br \/>\nMauro Silva Ruiz<\/td>\n<td >Universidade Nove de Julho (UNINOVE)<br \/>\nUniversidade Nove de Julho (UNINOVE)<\/td>\n<\/tr>\n<\/tbody>\n<\/table>\n<p>&nbsp;<\/p>\n<p>&nbsp;<\/p>\n<p>&nbsp;<\/p>\n","protected":false},"excerpt":{"rendered":"<p>Premia\u00e7\u00e3o dos Melhores Trabalhos do Evento (total de 5 categorias) Crit\u00e9rios adotados para a sele\u00e7\u00e3o dos melhores trabalhos do evento: qualidade, clareza e reda\u00e7\u00e3o do texto; atualidade do tema do trabalho; clareza nos objetivos; adequa\u00e7\u00e3o metodol\u00f3gica; forma de apresenta\u00e7\u00e3o dos dados quantitativos ou qualitativos; embasamento, amplitude e corre\u00e7\u00e3o face aos resultados obtidos; e consist\u00eancia e [&hellip;]<\/p>\n","protected":false},"author":1,"featured_media":0,"parent":0,"menu_order":0,"comment_status":"closed","ping_status":"open","template":"","meta":{"footnotes":""},"class_list":["post-4557","page","type-page","status-publish","hentry"],"_links":{"self":[{"href":"https:\/\/singep.org.br\/7\/wp-json\/wp\/v2\/pages\/4557","targetHints":{"allow":["GET"]}}],"collection":[{"href":"https:\/\/singep.org.br\/7\/wp-json\/wp\/v2\/pages"}],"about":[{"href":"https:\/\/singep.org.br\/7\/wp-json\/wp\/v2\/types\/page"}],"author":[{"embeddable":true,"href":"https:\/\/singep.org.br\/7\/wp-json\/wp\/v2\/users\/1"}],"replies":[{"embeddable":true,"href":"https:\/\/singep.org.br\/7\/wp-json\/wp\/v2\/comments?post=4557"}],"version-history":[{"count":0,"href":"https:\/\/singep.org.br\/7\/wp-json\/wp\/v2\/pages\/4557\/revisions"}],"wp:attachment":[{"href":"https:\/\/singep.org.br\/7\/wp-json\/wp\/v2\/media?parent=4557"}],"curies":[{"name":"wp","href":"https:\/\/api.w.org\/{rel}","templated":true}]}}