{"id":4341,"date":"2015-06-18T16:40:30","date_gmt":"2015-06-18T19:40:30","guid":{"rendered":"https:\/\/singep.org.br\/?page_id=4341"},"modified":"2018-11-29T16:21:06","modified_gmt":"2018-11-29T18:21:06","slug":"programacao","status":"publish","type":"page","link":"https:\/\/singep.org.br\/7\/programacao\/","title":{"rendered":"Programa\u00e7\u00e3o"},"content":{"rendered":"<a class=\"cosmolink\" href=\"https:\/\/singep.org.br\/7\/wp-content\/uploads\/sites\/3\/2018\/10\/Programacao_Singep_2018__181016_final-OK.pdf\"  ><span type=\"button\" class=\"cosmobutton blue large\"><span><span>Programa\u00e7\u00e3o detalhada<\/span><\/span><\/span><\/a>\n<h2>1\u00ba DIA DO EVENTO<\/h2>\n<table class=\"programacao\" width=\"100%\">\n<tbody>\n<tr>\n<td width=\"18%\"><strong>Hor\u00e1rio<\/strong><\/td>\n<td width=\"81%\"><strong>22 de outubro de 2018 (Segunda-feira)<\/strong><\/td>\n<\/tr>\n<tr>\n<td width=\"18%\"><strong>8h30<\/strong><\/td>\n<td width=\"81%\"><strong>Credenciamento<\/strong><\/td>\n<\/tr>\n<tr>\n<td width=\"18%\"><strong>9h <\/strong><\/td>\n<td width=\"81%\"><strong>Solenidade de Abertura <\/strong><\/p>\n<p>Professor Dr Emerson Antonio Maccari\u00a0\u2013 Presidente da Comiss\u00e3o do VII SINGEP e Docente do Programa de P\u00f3s-gradua\u00e7\u00e3o em Administra\u00e7\u00e3o da Universidade Nove de Julho, PPGA-UNINOVE,<\/p>\n<p>Professora Dra Cristina Dai Pr\u00e1 Martens\u00a0\u2013 Comiss\u00e3o Organizadora do VII SINGEP representante da \u00e1rea de Gest\u00e3o de Projetos e Diretora do Programa de P\u00f3s-gradua\u00e7\u00e3o, Mestrado Profissional em Gest\u00e3o de Projetos da UNINOVE,<\/p>\n<p>Professora Dra Cl\u00e1udia Terezinha Kniess\u00a0\u2013 Comiss\u00e3o Organizadora do VII SINGEP representante da \u00e1rea de Inova\u00e7\u00e3o e Sustentabilidade e Docente do Programa de P\u00f3s-gradua\u00e7\u00e3o em Cidades Inteligentes e Sustent\u00e1veis da UNINOVE,<\/p>\n<p>Professora Dra Priscila Rezende da Costa\u00a0\u2013 Diretora do Programa de P\u00f3s-gradua\u00e7\u00e3o em Administra\u00e7\u00e3o da Universidade Nove de Julho, PPGA-UNINOVE,<\/p>\n<p>Professor Dr Mauro Silva Ruiz\u00a0\u2013 Diretor do Programa de P\u00f3s-gradua\u00e7\u00e3o, Mestrado Profissional em Gest\u00e3o Ambiental e Sustentabilidade da UNINOVE,<\/p>\n<p>Professor Dr Wilson Levy Braga da Silva Neto\u00a0\u2013 Diretor do Programa de P\u00f3s-gradua\u00e7\u00e3o em Cidades Inteligentes e Sustent\u00e1veis da UNINOVE,<\/p>\n<p>Professora Dra M\u00e1rcia Novaretti\u00a0\u2013 Diretora do Programa de P\u00f3s-gradua\u00e7\u00e3o, Mestrado Profissional em Gest\u00e3o em Sistemas de Sa\u00fade da UNINOVE.<\/td>\n<\/tr>\n<tr>\n<td width=\"18%\"><strong>9h30 \u00e0s 10h30<\/strong><\/td>\n<td width=\"81%\"><strong>Confer\u00eancia: Inova\u00e7\u00e3o e Gest\u00e3o do Conhecimento na SNCF (Soci\u00e9t\u00e9 Nationale des Chemins de fer Fran\u00e7ais): O Caso do Trem Bala Franc\u00eas <\/strong><\/p>\n<p>Conferencista: Sr. Dominique Laousse (Diretor de Inova\u00e7\u00e3o &amp; Pesquisa da SNCF).<\/p>\n<p>Conferencista: Sra. Milena Klasing Chen (Gerente de Projetos de Inova\u00e7\u00e3o da SNCF).<\/p>\n<p>Moderador: Prof. Dr. Emerson Ant\u00f4nio Maccari (Presidente da Comiss\u00e3o do VII SINGEP e Docente do Programa de P\u00f3s-gradua\u00e7\u00e3o em Administra\u00e7\u00e3o da Universidade Nove de Julho, PPGA-UNINOVE).<\/p>\n<p>Relatoria: Prof. Dr. Fernando Ant\u00f4nio Ribeiro Serra<\/p>\n<p><a href=\"https:\/\/singep.org.br\/7\/wp-content\/uploads\/sites\/3\/2018\/10\/SNCF.pdf\" target=\"_blank\" rel=\"noopener\">Clique aqui para ver a apresenta\u00e7\u00e3o<\/a><\/td>\n<\/tr>\n<tr>\n<td width=\"18%\"><strong>10h30 \u00e0s 11h<\/strong><\/td>\n<td width=\"81%\"><strong>Coffee-Break<\/strong><\/td>\n<\/tr>\n<tr>\n<td width=\"18%\"><strong>11h \u00e0s 12h30<\/strong><\/td>\n<td width=\"81%\"><strong>Confer\u00eancia: Cidades Globais <\/strong><\/p>\n<p>Conferencista: Prof. Dr. Marcos Buckeridge (Coordenador do Programa Cidades Globais do Instituto de Estudos Avan\u00e7ados \u2013 IEA-USP).<\/p>\n<p>Debatedora: Profa. Cl\u00e1udia Terezinha Kniess (Comiss\u00e3o Organizadora do VII SINGEP representante da \u00e1rea de Inova\u00e7\u00e3o e Sustentabilidade e Docente do Programa de P\u00f3s-gradua\u00e7\u00e3o em Cidades Inteligentes e Sustent\u00e1veis da UNINOVE).<\/p>\n<p>Mediador: Prof. Dr. Mauro Silva Ruiz (Diretor do Programa de P\u00f3s-gradua\u00e7\u00e3o, Mestrado Profissional em Gest\u00e3o Ambiental e Sustentabilidade da UNINOVE).<\/p>\n<p>Relatoria: Profa. Dra. Tatiana Tucunduva Philippi Cortese<\/p>\n<p><a href=\"https:\/\/singep.org.br\/7\/wp-content\/uploads\/sites\/3\/2018\/10\/Apresenta\u00e7\u00e3o-UNINOVE-2018-Buckeridge-.pdf\" target=\"_blank\" rel=\"noopener\">Clique aqui para ver a apresenta\u00e7\u00e3o<\/a><\/td>\n<\/tr>\n<tr>\n<td width=\"18%\"><strong>12h30 \u00e0s 13h30<\/strong><\/td>\n<td width=\"81%\"><strong>Intervalo <\/strong><\/td>\n<\/tr>\n<tr>\n<td width=\"18%\"><strong>13h30 \u00e0s 14h30<\/strong><\/td>\n<td width=\"81%\"><strong>Apresenta\u00e7\u00e3o de P\u00f4steres<\/strong><\/p>\n<p><strong>Sess\u00e3o de apresenta\u00e7\u00e3o de P\u00f4steres<\/strong><\/td>\n<\/tr>\n<tr>\n<td width=\"18%\"><strong>14h30 \u00e0s 16h<\/strong><\/td>\n<td width=\"81%\"><strong>Workshop \u201cCoopera\u00e7\u00e3o Empresa-Universidade e Prospec\u00e7\u00e3o de Tecnologias Utilizando Patentes\u201d<\/strong><\/p>\n<p>Expositora: Profa. Dra. Geciane Silveira Porto (Professora da Faculdade de Economia, Administra\u00e7\u00e3o e Contabilidade de Ribeir\u00e3o Preto da Universidade de S\u00e3o Paulo, FEA-RP\/USP); Expositor: Prof Dr. Cristiano Gon\u00e7alves Pereira (Doutor em Biologia molecular e P\u00f3s doutor em Gest\u00e3o da Inova\u00e7\u00e3o pela FEA-RP\/USP; Agente de Inova\u00e7\u00e3o do Supera Parque Tecnol\u00f3gico e de Inova\u00e7\u00e3o de Ribeir\u00e3o Preto); Mediadora: Profa. Dra. Priscila Rezende da Costa (Diretora do Programa de P\u00f3s-gradua\u00e7\u00e3o em Administra\u00e7\u00e3o da Universidade Nove de Julho, PPGA-UNINOVE).<\/p>\n<p><a href=\"https:\/\/singep.org.br\/7\/wp-content\/uploads\/sites\/3\/2018\/10\/Singep-apresentacao-Gesiane.pdf\" target=\"_blank\" rel=\"noopener\">Clique aqui para ver a apresenta\u00e7\u00e3o<\/a><\/td>\n<\/tr>\n<tr>\n<td width=\"18%\"><strong>14h30 \u00e0s 16h45<\/strong><\/td>\n<td width=\"81%\"><strong>Sess\u00e3o de Apresenta\u00e7\u00e3o de Trabalhos <\/strong><\/td>\n<\/tr>\n<tr>\n<td width=\"18%\"><strong>16h45 \u00e0s 17h15<\/strong><\/td>\n<td width=\"81%\"><strong>Coffee Break<\/strong><\/td>\n<\/tr>\n<tr>\n<td width=\"18%\"><strong>17h15 \u00e0s 18h15<\/strong><\/td>\n<td width=\"81%\"><strong>F\u00f3rum para Editores e Autores: Produ\u00e7\u00e3o T\u00e9cnica\/Tecnol\u00f3gica<\/strong><\/p>\n<p>Palestrante: Prof. Dr. Gustavo da Silva Motta (Professor da Universidade Federal Fluminense, Editor Associado da RAC &#8211; Revista de Administra\u00e7\u00e3o Contempor\u00e2nea)<\/p>\n<p>Debatedor: Prof. Dr. Renato Ribeiro Nogueira Ferraz (Professor do Programa de P\u00f3s-gradua\u00e7\u00e3o em Administra\u00e7\u00e3o da Universidade Nove de Julho, PPGA-UNINOVE).<\/p>\n<p>Mediadora: Profa. Dra. Simone Aquino (Professora do Programa de P\u00f3s-gradua\u00e7\u00e3o, Mestrado Profissional em Gest\u00e3o Ambiental e Sustentabilidade da Universidade Nove de Julho, MPA-GEAS-UNINOVE).<\/p>\n<p><a href=\"https:\/\/singep.org.br\/7\/wp-content\/uploads\/sites\/3\/2018\/10\/apr_SINGEP_Produ\u00e7\u00e3oTecnol\u00f3gica_v1.pdf\" target=\"_blank\" rel=\"noopener\">Clique aqui para ver a apresenta\u00e7\u00e3o<\/a><\/p>\n<p><a href=\"https:\/\/singep.org.br\/7\/wp-content\/uploads\/sites\/3\/2018\/10\/SINGEP-2018-F%C3%93RUM-DE-EDITORES-E-AUTORES.pdf\" target=\"_blank\" rel=\"noopener\">Clique aqui para ver a apresenta\u00e7\u00e3o<\/a><\/td>\n<\/tr>\n<tr>\n<td width=\"18%\"><strong>18h15<\/strong><\/td>\n<td width=\"81%\"><strong>Premia\u00e7\u00e3o dos Melhores Trabalhos do Evento<\/strong><\/td>\n<\/tr>\n<\/tbody>\n<\/table>\n<p><strong>\u00a0<\/strong><\/p>\n<h2>2\u00ba DIA DO EVENTO<\/h2>\n<table class=\"programacao\" width=\"100%\">\n<tbody>\n<tr>\n<td width=\"16%\"><strong>Hor\u00e1rio<\/strong><\/td>\n<td width=\"83%\"><strong>23 de outubro de 2018 (Ter\u00e7a-feira)<\/strong><\/td>\n<\/tr>\n<tr>\n<td width=\"16%\"><strong>8h30<\/strong><\/td>\n<td width=\"83%\">Credenciamento (abertura)<\/td>\n<\/tr>\n<tr>\n<td width=\"16%\"><strong>9h \u00e0s 10h30<\/strong><\/td>\n<td width=\"83%\"><strong>Confer\u00eancia: Economia Circular e Sistemas Produto-Servi\u00e7o<\/strong><\/p>\n<p>Conferencista: Profa. Dra. Marly Monteiro de Carvalho (Escola Polit\u00e9cnica da Universidade de S\u00e3o Paulo, POLI-USP).<\/p>\n<p>Debatedor: Prof. Dr. Leandro Alves Patah (Professor do Programa de P\u00f3s-gradua\u00e7\u00e3o, Mestrado Profissional em Gest\u00e3o de Projetos da Universidade Nove de Julho, MPA-GP-UNINOVE).<\/p>\n<p>Mediador: Prof. Dr. Roque Rabechini Jr (Professor do Programa de P\u00f3s-gradua\u00e7\u00e3o, Mestrado Profissional em Gest\u00e3o de Projetos da Universidade Nove de Julho, MPA-GP-UNINOVE).<\/p>\n<p>Relatoria: Prof. Dr. Marcos Rog\u00e9rio Mazieri<\/p>\n<p><a href=\"https:\/\/singep.org.br\/7\/wp-content\/uploads\/sites\/3\/2018\/10\/Apresentacao_Leandro-Patah.pdf\" target=\"_blank\" rel=\"noopener\">Clique aqui para ver a apresenta\u00e7\u00e3o do Prof. Dr. Leandro Alves Patah<\/a><\/p>\n<p><a href=\"https:\/\/singep.org.br\/7\/wp-content\/uploads\/sites\/3\/2018\/11\/2018-Singep_Marly-M.-Carvalho.pdf\" target=\"_blank\" rel=\"noopener\">Clique aqui para ver a apresenta\u00e7\u00e3o da Profa. Dra. Marly Monteiro de Carvalho<\/a>\n<\/td>\n<\/tr>\n<tr>\n<td width=\"16%\"><strong>10h30<\/strong><\/td>\n<td width=\"83%\"><strong>Coffee Break<\/strong><\/td>\n<\/tr>\n<tr>\n<td width=\"16%\"><strong>11h \u00e0s 12h30<\/strong><\/td>\n<td width=\"83%\"><strong>Confer\u00eancia: Projetos e Sustentabilidade na Ind\u00fastria do Vinho Chileno. <\/strong><\/p>\n<p>Conferencista: Prof. Dr. Ernesto D. R. Santibanez Gonzalez (Professor na Universidade de Talca, Chile).<\/p>\n<p><a href=\"https:\/\/singep.org.br\/7\/wp-content\/uploads\/sites\/3\/2018\/11\/Presentation-singep-2018_ernesto.pdf\" rel=\"noopener\" target=\"_blank\">Clique aqui para ver a apresenta\u00e7\u00e3o<\/a><\/p>\n<p>Debatedor: Prof. Dr. Luciano Ferreira Da Silva (Professor do Programa de P\u00f3s-gradua\u00e7\u00e3o, Mestrado Profissional em Gest\u00e3o de Projetos da Universidade Nove de Julho, MPA-GP-UNINOVE).<\/p>\n<p>Mediador: Profa. Dra. Cristina Dai Pr\u00e1 Martens (Comiss\u00e3o Organizadora do VII SINGEP representante da \u00e1rea de Gest\u00e3o de Projetos e Diretora do Programa de P\u00f3s-gradua\u00e7\u00e3o, Mestrado Profissional em Gest\u00e3o de Projetos da UNINOVE).<\/p>\n<p>Relatoria: Prof. Dr. Leonel Cezar Rodrigues<\/td>\n<\/tr>\n<tr>\n<td width=\"16%\"><strong>12h30 \u00e0s 14h<\/strong><\/td>\n<td width=\"83%\"><strong>Intervalo para o almo\u00e7o<\/strong><\/td>\n<\/tr>\n<tr>\n<td width=\"16%\"><strong>14h \u00e0s 15h45<\/strong><\/td>\n<td width=\"83%\"><strong>Workshop: \u201cDesign Thinking e Gest\u00e3o de Projetos\u201d<\/strong><\/p>\n<p>Facilitadoras: Profa. Dra. Ros\u00e1ria De F\u00e1tima Segger Macri Russo (Professora do Programa de P\u00f3s-gradua\u00e7\u00e3o, Mestrado Profissional em Gest\u00e3o de Projetos da Universidade Nove de Julho, MPA-GP-UNINOVE); Profa. Dra. Cristiane Drebes Pedron (Professora do Programa de P\u00f3s-gradua\u00e7\u00e3o, Mestrado Profissional em Gest\u00e3o de Projetos da Universidade Nove de Julho, MPA-GP-UNINOVE).<\/td>\n<\/tr>\n<tr>\n<td width=\"16%\"><strong>14h \u00e0s 15h45<\/strong><\/td>\n<td width=\"83%\"><strong>Sess\u00e3o de Apresenta\u00e7\u00e3o de Trabalhos<\/strong><\/td>\n<\/tr>\n<tr>\n<td width=\"16%\"><strong>15h45<\/strong><\/td>\n<td width=\"83%\"><strong>Coffee Break<\/strong><\/td>\n<\/tr>\n<tr>\n<td width=\"16%\"><strong>16h15 \u00e0s 18h<\/strong><\/td>\n<td width=\"83%\"><strong>Sess\u00e3o de Apresenta\u00e7\u00e3o de Trabalhos <\/strong><\/td>\n<\/tr>\n<tr>\n<td width=\"16%\"><strong>18h<\/strong><\/td>\n<td width=\"83%\"><strong>Sess\u00e3o de Encerramento do VII SINGEP<\/strong><\/td>\n<\/tr>\n<\/tbody>\n<\/table>\n<p><strong>\u00a0<\/strong><\/p>\n","protected":false},"excerpt":{"rendered":"<p>1\u00ba DIA DO EVENTO Hor\u00e1rio 22 de outubro de 2018 (Segunda-feira) 8h30 Credenciamento 9h Solenidade de Abertura Professor Dr Emerson Antonio Maccari\u00a0\u2013 Presidente da Comiss\u00e3o do VII SINGEP e Docente do Programa de P\u00f3s-gradua\u00e7\u00e3o em Administra\u00e7\u00e3o da Universidade Nove de Julho, PPGA-UNINOVE, Professora Dra Cristina Dai Pr\u00e1 Martens\u00a0\u2013 Comiss\u00e3o Organizadora do VII SINGEP representante da [&hellip;]<\/p>\n","protected":false},"author":1,"featured_media":0,"parent":0,"menu_order":0,"comment_status":"closed","ping_status":"open","template":"","meta":{"footnotes":""},"class_list":["post-4341","page","type-page","status-publish","hentry"],"_links":{"self":[{"href":"https:\/\/singep.org.br\/7\/wp-json\/wp\/v2\/pages\/4341","targetHints":{"allow":["GET"]}}],"collection":[{"href":"https:\/\/singep.org.br\/7\/wp-json\/wp\/v2\/pages"}],"about":[{"href":"https:\/\/singep.org.br\/7\/wp-json\/wp\/v2\/types\/page"}],"author":[{"embeddable":true,"href":"https:\/\/singep.org.br\/7\/wp-json\/wp\/v2\/users\/1"}],"replies":[{"embeddable":true,"href":"https:\/\/singep.org.br\/7\/wp-json\/wp\/v2\/comments?post=4341"}],"version-history":[{"count":0,"href":"https:\/\/singep.org.br\/7\/wp-json\/wp\/v2\/pages\/4341\/revisions"}],"wp:attachment":[{"href":"https:\/\/singep.org.br\/7\/wp-json\/wp\/v2\/media?parent=4341"}],"curies":[{"name":"wp","href":"https:\/\/api.w.org\/{rel}","templated":true}]}}