{"id":28,"date":"2014-05-23T14:03:35","date_gmt":"2014-05-23T17:03:35","guid":{"rendered":"http:\/\/impermad.com.br\/singep\/?page_id=28"},"modified":"2018-04-24T10:35:53","modified_gmt":"2018-04-24T13:35:53","slug":"comissao-cientifica","status":"publish","type":"page","link":"https:\/\/singep.org.br\/7\/comissao-cientifica\/","title":{"rendered":"Comiss\u00e3o Cient\u00edfica"},"content":{"rendered":"<p><strong>Comit\u00ea Cient\u00edfico do VII\u00a0SINGEP\u00a0<\/strong><\/p>\n<ul>\n<li>Antonio Cesar Amaru Maximiano, Universidade de S\u00e3o Paulo \u2013 USP, S\u00e3o Paulo, Brasil<\/li>\n<li>Carlos Rufin, Suffolk University, EUA<\/li>\n<li>Clandia Maffini Gomes, Universidade Federal de Santa Maria \u2013 UFSM, Rio Grande do Sul, Brasil<\/li>\n<li>Claudia Brito Silva Cirani, Universidade Nove de Julho \u2013 UNINOVE, S\u00e3o Paulo, Brasil<\/li>\n<li>Claudio Antonio Rojo, Universidade Estadual do Oeste do Paran\u00e1 \u2013 UNIOESTE, Paran\u00e1, Brasil<\/li>\n<li>Cristiano Quaresma, Universidade Nove de Julho \u2013 UNINOVE, S\u00e3o Paulo, Brasil<\/li>\n<li>Dario De Oliveira Lima-Filho, Universidade Federal de Santa Maria \u2013 UFSM, Rio Grande do Sul, Brasil<\/li>\n<li>Edson Luiz Riccio, Universidade de S\u00e3o Paulo \u2013 USP, S\u00e3o Paulo, Brasil<\/li>\n<li>Geysler Rogis Flor Bertolini, Universidade Estadual do Oeste do Paran\u00e1 \u2013 UNIOESTE, Paran\u00e1, Brasil<\/li>\n<li>Gra\u00e7a Maria de Oliveira Miranda Silva, Instituto Superior de Economia e Gest\u00e3o \u2013 ISEG, Lisboa, Portugal<\/li>\n<li>Guilherme Ary Plonski, Universidade de S\u00e3o Paulo \u2013 FEA-USP, S\u00e3o Paulo, Brasil<\/li>\n<li>Ivan de Souza Dutra, Universidade Estadual de Londrina \u2013 UEL, Paran\u00e1, Brasil<\/li>\n<li>Ivete Rodrigues, Funda\u00e7\u00e3o Instituto de Administra\u00e7\u00e3o \u2013 FIA, S\u00e3o Paulo, Brasil<\/li>\n<li>Jo\u00e3o Alexandre Paschoalin Filho, Universidade Nove de Julho \u2013 UNINOVE, S\u00e3o Paulo, Brasil<\/li>\n<li>Leonel Cezar Rodrigues, Universidade Nove de Julho \u2013 UNINOVE, S\u00e3o Paulo, Brasil<\/li>\n<li>Jos\u00e9 Eduardo Storopoli \u2013 UNINOVE, S\u00e3o Paulo, Brasil<\/li>\n<li>L\u00facia Rejane da Rosa Gama Madruga, Universidade Federal de Santa Maria \u2013 UFSM, Rio Grande do Sul, Brasil<\/li>\n<li>Luc Quoniam, Aix Marseille Universit\u00e9, Fran\u00e7a<\/li>\n<li>Maria Celeste Reis Lobo de Vasconcelos, Funda\u00e7\u00e3o Pedro Leopoldo \u2013 FPL, Minas Gerais, Brasil<\/li>\n<li>M\u00e1rio Jos\u00e9 Batista Rom\u00e3o, ISCTE Business School \u2013 ISCTE-IUL, Lisboa, Portugal<\/li>\n<li>Marly Monteiro de Carvalho, Universidade de S\u00e3o Paulo \u2013 POLI-USP, S\u00e3o Paulo, Brasil<\/li>\n<li>Cibele Barsalini Martins, Universidade Federal de Santa Catarina \u2013 UFSC, Santa Catarina, Brasil<\/li>\n<li>Nader Asgar, Bentley University, Waltham, Estados Unidos<\/li>\n<li>Roberto Sbragia, Universidade de S\u00e3o Paulo \u2013 FEA-USP, S\u00e3o Paulo, Brasil<\/li>\n<li>Roque Rabechini Jr, Universidade Nove de Julho \u2013 UNINOVE, S\u00e3o Paulo, Brasil<\/li>\n<li>Ronaldo Locatelli, Funda\u00e7\u00e3o Pedro Leopoldo \u2013 FPL, Minas Gerais, Brasil<\/li>\n<\/ul>\n","protected":false},"excerpt":{"rendered":"<p>Comit\u00ea Cient\u00edfico do VII\u00a0SINGEP\u00a0 Antonio Cesar Amaru Maximiano, Universidade de S\u00e3o Paulo \u2013 USP, S\u00e3o Paulo, Brasil Carlos Rufin, Suffolk University, EUA Clandia Maffini Gomes, Universidade Federal de Santa Maria \u2013 UFSM, Rio Grande do Sul, Brasil Claudia Brito Silva Cirani, Universidade Nove de Julho \u2013 UNINOVE, S\u00e3o Paulo, Brasil Claudio Antonio Rojo, Universidade Estadual [&hellip;]<\/p>\n","protected":false},"author":1,"featured_media":0,"parent":0,"menu_order":0,"comment_status":"closed","ping_status":"closed","template":"","meta":{"footnotes":""},"class_list":["post-28","page","type-page","status-publish","hentry"],"_links":{"self":[{"href":"https:\/\/singep.org.br\/7\/wp-json\/wp\/v2\/pages\/28","targetHints":{"allow":["GET"]}}],"collection":[{"href":"https:\/\/singep.org.br\/7\/wp-json\/wp\/v2\/pages"}],"about":[{"href":"https:\/\/singep.org.br\/7\/wp-json\/wp\/v2\/types\/page"}],"author":[{"embeddable":true,"href":"https:\/\/singep.org.br\/7\/wp-json\/wp\/v2\/users\/1"}],"replies":[{"embeddable":true,"href":"https:\/\/singep.org.br\/7\/wp-json\/wp\/v2\/comments?post=28"}],"version-history":[{"count":0,"href":"https:\/\/singep.org.br\/7\/wp-json\/wp\/v2\/pages\/28\/revisions"}],"wp:attachment":[{"href":"https:\/\/singep.org.br\/7\/wp-json\/wp\/v2\/media?parent=28"}],"curies":[{"name":"wp","href":"https:\/\/api.w.org\/{rel}","templated":true}]}}