{"id":102,"date":"2014-05-23T15:26:08","date_gmt":"2014-05-23T18:26:08","guid":{"rendered":"http:\/\/impermad.com.br\/singep\/?page_id=102"},"modified":"2018-05-27T19:38:51","modified_gmt":"2018-05-27T22:38:51","slug":"informacoes-uteis","status":"publish","type":"page","link":"https:\/\/singep.org.br\/7\/informacoes-uteis\/","title":{"rendered":"Informa\u00e7\u00f5es \u00dateis"},"content":{"rendered":"<h4><strong>1) Airport Bus Service<\/strong><\/h4>\n<p><a href=\"http:\/\/www.airportbusservice.com.br\/br\/linhas\">http:\/\/www.airportbusservice.com.br\/br\/linhas<\/a><\/p>\n<p>&nbsp;<\/p>\n<h4><strong>2) Hot\u00e9is pr\u00f3ximos ao evento<\/strong><\/h4>\n<p><strong>Holiday Inn Express<\/strong><br \/>\n<a href=\"http:\/\/www.holidayexsp.com.br\/\" target=\"_blank\" rel=\"noopener\">http:\/\/www.holidayexsp.com.br\/<\/a><br \/>\nRua Doutor Homem de Melo, 1206 \u2013 Perdizes, S\u00e3o Paulo &#8211; SP<br \/>\nTelefone: +55 (11) 3674 7777<br \/>\n1 km de dist\u00e2ncia da Uninove &#8211; Campus Memorial<\/p>\n<p><strong>Transam\u00e9rica Executive Perdizes<\/strong><br \/>\n<a href=\"http:\/\/www.transamericagroup.com.br\/br\/nossos-hoteis\/executive\/perdizes\/localizacao.aspx\" target=\"_blank\" rel=\"noopener\">http:\/\/www.transamericagroup.com.br\/br\/nossos-hoteis\/executive\/perdizes\/localizacao.aspx<\/a><br \/>\nRua Monte Alegre, 835 &#8211; Perdizes, S\u00e3o Paulo &#8211; SP<br \/>\nTelefone: +55 (11) 3866-1250<br \/>\n1 km de dist\u00e2ncia da Uninove &#8211; Campus Memorial<\/p>\n<p><strong>Plaza Inn American Loft<\/strong><br \/>\n<a href=\"http:\/\/www.plazainn.com.br\" target=\"_blank\" rel=\"noopener\">www.plazainn.com.br<\/a><br \/>\nRua Turiassu, 1863 &#8211; Perdizes, S\u00e3o Paulo \u2013 SP<br \/>\nTelefone: +55 (11) 0800 283 9988<br \/>\n1,3 km de dist\u00e2ncia da Uninove &#8211; Campus Memorial<\/p>\n<p><strong>Hotel Panamby S\u00e3o Paulo<\/strong><br \/>\n<a href=\"http:\/\/www.hotelpanambysaopaulo.com.br\" target=\"_blank\" rel=\"noopener\">www.hotelpanambysaopaulo.com.br<\/a><br \/>\nAv. Ordem e Progresso, 115 &#8211; Barra Funda, S\u00e3o Paulo &#8211; SP<br \/>\n1,8 km de dist\u00e2ncia da Uninove &#8211; Campus Memorial<\/p>\n<p><strong>Holliday Inn Parque Anhembi<\/strong><br \/>\n<a href=\"http:\/\/www.holidayanhembi.com.br\" target=\"_blank\" rel=\"noopener\">http:\/\/www.holidayanhembi.com.br<\/a><br \/>\nRua Prof. Milton Rodrigues, 100, S\u00e3o Paulo &#8211; SP<br \/>\nTelefone: + (55) 11 2107-8844 ou 0800 11 8778<br \/>\n5 km de dist\u00e2ncia da Uninove &#8211; Campus Memorial<\/p>\n<p><strong>Hotel Ibis S\u00e3o Paulo Expo<\/strong><br \/>\nRua Eduardo Viana 163, Barra Funda, S\u00e3o Paulo &#8211; SP<br \/>\nTelefone: (+55) 11 33937300<br \/>\n2,6 km de dist\u00e2ncia da Uninove &#8211; Campus Memorial<\/p>\n<p><strong>Turiassu Hotel<\/strong><br \/>\n<a href=\"http:\/\/www.hotelturiassu.com.br\" target=\"_blank\" rel=\"noopener\">http:\/\/www.hotelturiassu.com.br<\/a><br \/>\nRua Turiassu, 328 &#8211; Perdizes, S\u00e3o Paulo &#8211; SP<br \/>\nTelefone: +55 (11) 3871-1032 \/ 3865-9438<br \/>\n503 metros de dist\u00e2ncia da Uninove &#8211; Campus Memorial<\/p>\n<p><strong>Center Perdizes Hotel<\/strong><br \/>\nR. Traipu, 49 &#8211; Perdizes, S\u00e3o Paulo &#8211; SP<br \/>\nTelefone: +55 (11) 3826-1132<br \/>\n550 metros de dist\u00e2ncia da Uninove &#8211; Campus Memorial<\/p>\n<p><strong>Travel Inn Conde Luciano<\/strong><br \/>\n<a href=\"http:\/\/www.travelinn.com.br\/2009\/hoteis-apto.asp?cod_hotel=8\" target=\"_blank\" rel=\"noopener\">http:\/\/www.travelinn.com.br\/2009\/hoteis-apto.asp?cod_hotel=8<\/a><br \/>\nRua Dr. Gabriel dos Santos, 131 \u2013 Higien\u00f3polis, S\u00e3o Paulo &#8211; SP<br \/>\nTelefone: +55 (11) 3822-6287<br \/>\n929 metros de dist\u00e2ncia da Uninove &#8211; Campus Memorial<\/p>\n<p><strong>Dublin Hotel<\/strong><br \/>\n<a href=\"http:\/\/www.dublinhotel.com.br\" target=\"_blank\" rel=\"noopener\">www.dublinhotel.com.br<\/a><br \/>\nRua Conselheiro Brotero, 854 &#8211; Pacaembu, S\u00e3o Paulo &#8211; SP<br \/>\nTelefone: +55 (11) 3826-9833<br \/>\n819 metros de dist\u00e2ncia da Uninove &#8211; Campus Memorial<\/p>\n<p><strong>Luz Plaza Hotel<\/strong><br \/>\n<a href=\"http:\/\/www.luzplaza.com.br\" target=\"_blank\" rel=\"noopener\">www.luzplaza.com.br<\/a><br \/>\nRua Prates, 145 &#8211; Bom Retiro &#8211; S\u00e3o Paulo &#8211; SP<br \/>\nTelefone: +55 (11) 2627-3400<br \/>\n2,9 km de dist\u00e2ncia da Uninove &#8211; Campus Memorial<\/p>\n<p>&nbsp;<\/p>\n<h4><strong>3) Restaurantes pr\u00f3ximos \u00e0 Uninove<\/strong><\/h4>\n<p><img loading=\"lazy\" decoding=\"async\" class=\"alignnone wp-image-5535 size-full\" src=\"https:\/\/singep.org.br\/7\/wp-content\/uploads\/sites\/3\/2018\/05\/restaurantes-uninove-memorial.jpg\" alt=\"\" width=\"640\" height=\"480\" srcset=\"https:\/\/singep.org.br\/7\/wp-content\/uploads\/sites\/3\/2018\/05\/restaurantes-uninove-memorial.jpg 640w, https:\/\/singep.org.br\/7\/wp-content\/uploads\/sites\/3\/2018\/05\/restaurantes-uninove-memorial-300x225.jpg 300w, https:\/\/singep.org.br\/7\/wp-content\/uploads\/sites\/3\/2018\/05\/restaurantes-uninove-memorial-150x113.jpg 150w\" sizes=\"auto, (max-width: 640px) 100vw, 640px\" \/><\/p>\n<p>&nbsp;<\/p>\n","protected":false},"excerpt":{"rendered":"<p>1) Airport Bus Service http:\/\/www.airportbusservice.com.br\/br\/linhas &nbsp; 2) Hot\u00e9is pr\u00f3ximos ao evento Holiday Inn Express http:\/\/www.holidayexsp.com.br\/ Rua Doutor Homem de Melo, 1206 \u2013 Perdizes, S\u00e3o Paulo &#8211; SP Telefone: +55 (11) 3674 7777 1 km de dist\u00e2ncia da Uninove &#8211; Campus Memorial Transam\u00e9rica Executive Perdizes http:\/\/www.transamericagroup.com.br\/br\/nossos-hoteis\/executive\/perdizes\/localizacao.aspx Rua Monte Alegre, 835 &#8211; Perdizes, S\u00e3o Paulo &#8211; SP [&hellip;]<\/p>\n","protected":false},"author":1,"featured_media":0,"parent":0,"menu_order":0,"comment_status":"closed","ping_status":"closed","template":"","meta":{"footnotes":""},"class_list":["post-102","page","type-page","status-publish","hentry"],"_links":{"self":[{"href":"https:\/\/singep.org.br\/7\/wp-json\/wp\/v2\/pages\/102","targetHints":{"allow":["GET"]}}],"collection":[{"href":"https:\/\/singep.org.br\/7\/wp-json\/wp\/v2\/pages"}],"about":[{"href":"https:\/\/singep.org.br\/7\/wp-json\/wp\/v2\/types\/page"}],"author":[{"embeddable":true,"href":"https:\/\/singep.org.br\/7\/wp-json\/wp\/v2\/users\/1"}],"replies":[{"embeddable":true,"href":"https:\/\/singep.org.br\/7\/wp-json\/wp\/v2\/comments?post=102"}],"version-history":[{"count":0,"href":"https:\/\/singep.org.br\/7\/wp-json\/wp\/v2\/pages\/102\/revisions"}],"wp:attachment":[{"href":"https:\/\/singep.org.br\/7\/wp-json\/wp\/v2\/media?parent=102"}],"curies":[{"name":"wp","href":"https:\/\/api.w.org\/{rel}","templated":true}]}}