{"id":9,"date":"2017-06-08T00:22:23","date_gmt":"2017-06-08T00:22:23","guid":{"rendered":"http:\/\/singep.org.br\/6\/?page_id=9"},"modified":"2017-06-14T06:52:54","modified_gmt":"2017-06-14T09:52:54","slug":"home","status":"publish","type":"page","link":"https:\/\/singep.org.br\/6\/home\/","title":{"rendered":"VI Singep"},"content":{"rendered":"<p>O <strong>VI Simp\u00f3sio Internacional de Gest\u00e3o de Projetos, Inova\u00e7\u00e3o e Sustentabilidade (VI SINGEP)<\/strong> tem como principal objetivo ampliar o espa\u00e7o para a discuss\u00e3o dos temas: Gest\u00e3o de Projetos, Inova\u00e7\u00e3o e Sustentabilidade.<\/p>\n<p>O evento est\u00e1 voltado para o p\u00fablico acad\u00eamico e profissional e busca estabelecer contato entre a pr\u00e1tica e a teoria das \u00e1reas de Gest\u00e3o de Projetos, Inova\u00e7\u00e3o e Sustentabilidade. Tal iniciativa visa proporcionar um espa\u00e7o de relev\u00e2ncia para as discuss\u00f5es, de car\u00e1ter cient\u00edfico e tecnol\u00f3gico, no intuito de ampliar a forma\u00e7\u00e3o dos profissionais cujas atividades permeiam essas tr\u00eas \u00e1reas.<\/p>\n<h3>V ELBE<\/h3>\n<p>O V Encontro Luso-Brasileiro de Estrat\u00e9gia tem como objetivo fundamental aproximar os pesquisadores de estrat\u00e9gia Portugueses e Brasileiros, com o intuito de fomentar a pesquisa no tema entre os dois pa\u00edses, incentivando o relacionamento e divulga\u00e7\u00e3o dos seus trabalhos. Este V ELBE ser\u00e1 realizado na Universidade Nove de Julho em S\u00e3o Paulo (SP), em conjunto com o VI SINGEP que j\u00e1 \u00e9 um congresso tradicional brasileiro.<\/p>\n<h3><\/h3>\n<h3>Realiza\u00e7\u00e3o<\/h3>\n<p><img loading=\"lazy\" decoding=\"async\" class=\"aligncenter size-full wp-image-5354\" src=\"https:\/\/singep.org.br\/6\/wp-content\/uploads\/sites\/2\/2017\/06\/Logo-de-Todos-os-Programas-2.jpg\" alt=\"\" width=\"820\" height=\"309\" srcset=\"https:\/\/singep.org.br\/6\/wp-content\/uploads\/sites\/2\/2017\/06\/Logo-de-Todos-os-Programas-2.jpg 820w, https:\/\/singep.org.br\/6\/wp-content\/uploads\/sites\/2\/2017\/06\/Logo-de-Todos-os-Programas-2-300x113.jpg 300w, https:\/\/singep.org.br\/6\/wp-content\/uploads\/sites\/2\/2017\/06\/Logo-de-Todos-os-Programas-2-768x289.jpg 768w, https:\/\/singep.org.br\/6\/wp-content\/uploads\/sites\/2\/2017\/06\/Logo-de-Todos-os-Programas-2-150x57.jpg 150w\" sizes=\"auto, (max-width: 820px) 100vw, 820px\" \/><\/p>\n","protected":false},"excerpt":{"rendered":"<p>O VI Simp\u00f3sio Internacional de Gest\u00e3o de Projetos, Inova\u00e7\u00e3o e Sustentabilidade (VI SINGEP) tem como principal objetivo ampliar o espa\u00e7o para a discuss\u00e3o dos temas: Gest\u00e3o de Projetos, Inova\u00e7\u00e3o e Sustentabilidade. O evento est\u00e1 voltado para o p\u00fablico acad\u00eamico e profissional e busca estabelecer contato entre a pr\u00e1tica e a teoria das \u00e1reas de Gest\u00e3o [&hellip;]<\/p>\n","protected":false},"author":1,"featured_media":0,"parent":0,"menu_order":0,"comment_status":"closed","ping_status":"closed","template":"","meta":{"footnotes":""},"class_list":["post-9","page","type-page","status-publish","hentry"],"_links":{"self":[{"href":"https:\/\/singep.org.br\/6\/wp-json\/wp\/v2\/pages\/9","targetHints":{"allow":["GET"]}}],"collection":[{"href":"https:\/\/singep.org.br\/6\/wp-json\/wp\/v2\/pages"}],"about":[{"href":"https:\/\/singep.org.br\/6\/wp-json\/wp\/v2\/types\/page"}],"author":[{"embeddable":true,"href":"https:\/\/singep.org.br\/6\/wp-json\/wp\/v2\/users\/1"}],"replies":[{"embeddable":true,"href":"https:\/\/singep.org.br\/6\/wp-json\/wp\/v2\/comments?post=9"}],"version-history":[{"count":0,"href":"https:\/\/singep.org.br\/6\/wp-json\/wp\/v2\/pages\/9\/revisions"}],"wp:attachment":[{"href":"https:\/\/singep.org.br\/6\/wp-json\/wp\/v2\/media?parent=9"}],"curies":[{"name":"wp","href":"https:\/\/api.w.org\/{rel}","templated":true}]}}