{"id":84,"date":"2014-05-23T14:45:15","date_gmt":"2014-05-23T17:45:15","guid":{"rendered":"http:\/\/impermad.com.br\/singep\/?page_id=84"},"modified":"2018-04-24T14:18:38","modified_gmt":"2018-04-24T17:18:38","slug":"inscricoes","status":"publish","type":"page","link":"https:\/\/singep.org.br\/6\/inscricoes\/","title":{"rendered":"Inscri\u00e7\u00f5es &#8211; 2017"},"content":{"rendered":"<h3>At\u00e9 02\/10<\/h3>\n<div class=\"cols-3\"><div class=\"pricing_box radius-left\"><div class=\"header\"><span>Estudantes<\/span><\/div><\/p>\n<ul>\n<li class=\"even\"><strong class=\"yes\">At\u00e9 02\/10<\/strong><\/li>\n<\/ul>\n<p><h3>R$ 300,00<\/h3><p class=\"button signup\"><a href=\"http:\/\/singep.submissao.com.br\/6singep\/\">Inscreva-se<\/a><\/p><\/div><div class=\"pricing_box \"><div class=\"header\"><span>Professores<\/span><\/div><\/p>\n<ul>\n<li class=\"even\"><strong class=\"yes\">At\u00e9 02\/10<\/strong><\/li>\n<\/ul>\n<p><h3>R$ 400,00<\/h3><p class=\"button signup\"><a href=\"http:\/\/singep.submissao.com.br\/6singep\/\">Inscreva-se<\/a><\/p><\/div><div class=\"pricing_box radius-right\"><div class=\"header\"><span>Outros profissionais<\/span><\/div><\/p>\n<ul>\n<li class=\"even\"><strong class=\"yes\">At\u00e9 02\/10<\/strong><\/li>\n<\/ul>\n<p><h3>R$ 500,00<\/h3><p class=\"button signup\"><a href=\"http:\/\/singep.submissao.com.br\/6singep\/\">Inscreva-se<\/a><\/p><\/div><\/div>\n<div class=\"cosmo-divider\">&nbsp;<\/div>\n<h3>Ap\u00f3s 02\/10<\/h3>\n<div class=\"cols-3\"><div class=\"pricing_box radius-left\"><div class=\"header\"><span>Estudantes<\/span><\/div><\/p>\n<ul>\n<li class=\"even\"><strong class=\"yes\">Ap\u00f3s 02\/10<\/strong><\/li>\n<\/ul>\n<p><h3>R$ 600,00<\/h3><p class=\"button signup\"><a href=\"http:\/\/singep.submissao.com.br\/6singep\/\">Inscreva-se<\/a><\/p><\/div><div class=\"pricing_box \"><div class=\"header\"><span>Professores<\/span><\/div><\/p>\n<ul>\n<li class=\"even\"><strong class=\"yes\">Ap\u00f3s 02\/10<\/strong><\/li>\n<\/ul>\n<p><h3>R$ 600,00<\/h3><p class=\"button signup\"><a href=\"http:\/\/singep.submissao.com.br\/6singep\/\">Inscreva-se<\/a><\/p><\/div><div class=\"pricing_box radius-right\"><div class=\"header\"><span>Outros profissionais<\/span><\/div><\/p>\n<ul>\n<li class=\"even\"><strong class=\"yes\">Ap\u00f3s 02\/10<\/strong><\/li>\n<\/ul>\n<p><h3>R$ 600,00<\/h3><p class=\"button signup\"><a href=\"http:\/\/singep.submissao.com.br\/6singep\/\">Inscreva-se<\/a><\/p><\/div><\/div>\n","protected":false},"excerpt":{"rendered":"<p>At\u00e9 02\/10 Ap\u00f3s 02\/10<\/p>\n","protected":false},"author":1,"featured_media":0,"parent":0,"menu_order":0,"comment_status":"closed","ping_status":"closed","template":"","meta":{"footnotes":""},"class_list":["post-84","page","type-page","status-publish","hentry"],"_links":{"self":[{"href":"https:\/\/singep.org.br\/6\/wp-json\/wp\/v2\/pages\/84","targetHints":{"allow":["GET"]}}],"collection":[{"href":"https:\/\/singep.org.br\/6\/wp-json\/wp\/v2\/pages"}],"about":[{"href":"https:\/\/singep.org.br\/6\/wp-json\/wp\/v2\/types\/page"}],"author":[{"embeddable":true,"href":"https:\/\/singep.org.br\/6\/wp-json\/wp\/v2\/users\/1"}],"replies":[{"embeddable":true,"href":"https:\/\/singep.org.br\/6\/wp-json\/wp\/v2\/comments?post=84"}],"version-history":[{"count":0,"href":"https:\/\/singep.org.br\/6\/wp-json\/wp\/v2\/pages\/84\/revisions"}],"wp:attachment":[{"href":"https:\/\/singep.org.br\/6\/wp-json\/wp\/v2\/media?parent=84"}],"curies":[{"name":"wp","href":"https:\/\/api.w.org\/{rel}","templated":true}]}}