{"id":80,"date":"2014-05-23T12:08:52","date_gmt":"2014-05-23T15:08:52","guid":{"rendered":"http:\/\/impermad.com.br\/singep\/?page_id=80"},"modified":"2014-05-23T12:08:52","modified_gmt":"2014-05-23T15:08:52","slug":"regra-das-apresentacao","status":"publish","type":"page","link":"https:\/\/singep.org.br\/6\/regras-para-submissao\/regra-das-apresentacao\/","title":{"rendered":"Regras de Apresenta\u00e7\u00e3o"},"content":{"rendered":"<p><strong>Os trabalhos ser\u00e3o apresentados em sess\u00f5es orais ou exposi\u00e7\u00e3o de p\u00f4sters.<\/strong><\/p>\n<p>Os <strong>artigos cient\u00edficos e relatos t\u00e9cnicos<\/strong> ser\u00e3o apresentados em sess\u00f5es orais:<\/p>\n<ul>\n<li>Cada sess\u00e3o ter\u00e1 um coordenador que tem a fun\u00e7\u00e3o de apresentar os autores, controlar o tempo de apresenta\u00e7\u00e3o e organizar a discuss\u00e3o dos trabalhos;<\/li>\n<li>Cada trabalho ser\u00e1 apresentado em no m\u00e1ximo 15 minutos, sendo o debate promovido pelo coordenador da sess\u00e3o ao final da \u00faltima apresenta\u00e7\u00e3o.<\/li>\n<li>A apresenta\u00e7\u00e3o dever\u00e1 ser em PowerPoint e a formata\u00e7\u00e3o da apresenta\u00e7\u00e3o \u00e9 livre. Solicita-se que os apresentadores compare\u00e7am na sala com pelo menos dez (10) minutos de anteced\u00eancia.<\/li>\n<li>Solicita-se que os autores tragam as apresenta\u00e7\u00f5es em um dispositivo USB. Sugere-se que, como forma de backup, as apresenta\u00e7\u00f5es sejam enviadas tamb\u00e9m para o e-mail do autor.<\/li>\n<\/ul>\n<p>&nbsp;<\/p>\n<p>Os <strong>p\u00f4sters ser\u00e3o apresentados em uma sess\u00e3o espec\u00edfica de exposi\u00e7\u00e3o de p\u00f4sters<\/strong>.<\/p>\n<ul>\n<li>O p\u00f4ster deve ser entregue com anteced\u00eancia na sala onde ocorrer\u00e1 a sess\u00e3o de apresenta\u00e7\u00e3o do mesmo;<\/li>\n<li>Pelo menos um dos autores do trabalho dever\u00e1 permanecer junto ao p\u00f4ster, durante todo o tempo da Sess\u00e3o, para responder \u00e0s quest\u00f5es dos avaliadores e interessados.<\/li>\n<li>Ser\u00e1 reservado um painel para fixa\u00e7\u00e3o para cada p\u00f4ster.<\/li>\n<li>\u00c9 obrigat\u00f3rio que o t\u00edtulo do trabalho no p\u00f4ster seja id\u00eantico ao t\u00edtulo do trabalho submetido ao evento.<\/li>\n<\/ul>\n<p><a href=\"https:\/\/singep.org.br\/wp-content\/uploads\/2016\/05\/Template_VSingep_Poster.pptx\" target=\"_blank\">Clique aqui para baixar o template do P\u00f4ster<\/a><\/p>\n","protected":false},"excerpt":{"rendered":"<p>Os trabalhos ser\u00e3o apresentados em sess\u00f5es orais ou exposi\u00e7\u00e3o de p\u00f4sters. Os artigos cient\u00edficos e relatos t\u00e9cnicos ser\u00e3o apresentados em sess\u00f5es orais: Cada sess\u00e3o ter\u00e1 um coordenador que tem a fun\u00e7\u00e3o de apresentar os autores, controlar o tempo de apresenta\u00e7\u00e3o e organizar a discuss\u00e3o dos trabalhos; Cada trabalho ser\u00e1 apresentado em no m\u00e1ximo 15 minutos, [&hellip;]<\/p>\n","protected":false},"author":1,"featured_media":0,"parent":32,"menu_order":0,"comment_status":"closed","ping_status":"closed","template":"","meta":{"footnotes":""},"class_list":["post-80","page","type-page","status-publish","hentry"],"_links":{"self":[{"href":"https:\/\/singep.org.br\/6\/wp-json\/wp\/v2\/pages\/80","targetHints":{"allow":["GET"]}}],"collection":[{"href":"https:\/\/singep.org.br\/6\/wp-json\/wp\/v2\/pages"}],"about":[{"href":"https:\/\/singep.org.br\/6\/wp-json\/wp\/v2\/types\/page"}],"author":[{"embeddable":true,"href":"https:\/\/singep.org.br\/6\/wp-json\/wp\/v2\/users\/1"}],"replies":[{"embeddable":true,"href":"https:\/\/singep.org.br\/6\/wp-json\/wp\/v2\/comments?post=80"}],"version-history":[{"count":0,"href":"https:\/\/singep.org.br\/6\/wp-json\/wp\/v2\/pages\/80\/revisions"}],"up":[{"embeddable":true,"href":"https:\/\/singep.org.br\/6\/wp-json\/wp\/v2\/pages\/32"}],"wp:attachment":[{"href":"https:\/\/singep.org.br\/6\/wp-json\/wp\/v2\/media?parent=80"}],"curies":[{"name":"wp","href":"https:\/\/api.w.org\/{rel}","templated":true}]}}