{"id":67,"date":"2014-05-23T12:03:48","date_gmt":"2014-05-23T15:03:48","guid":{"rendered":"http:\/\/impermad.com.br\/singep\/?page_id=67"},"modified":"2017-06-17T18:20:57","modified_gmt":"2017-06-17T21:20:57","slug":"formatacao-poster","status":"publish","type":"page","link":"https:\/\/singep.org.br\/6\/regras-para-submissao\/formatacao-poster\/","title":{"rendered":"Formata\u00e7\u00e3o P\u00f4ster"},"content":{"rendered":"<p>Para a modalidade de p\u00f4ster, os interessados devem enviar um RESUMO incluindo: t\u00edtulo, contextualiza\u00e7\u00e3o, objetivos, metodologia, fundamenta\u00e7\u00e3o te\u00f3rica, resultados e an\u00e1lises, considera\u00e7\u00f5es finais, refer\u00eancias.<\/p>\n<p><strong>Template para submiss\u00e3o do resumo do p\u00f4ster:<\/strong> A utiliza\u00e7\u00e3o do template para o resumo \u00e9 obrigat\u00f3ria. Arquivos que forem encaminhados sem o template ser\u00e3o automaticamente desclassificados.(<a href=\"https:\/\/singep.org.br\/6\/wp-content\/uploads\/sites\/2\/2017\/06\/template_VISINGEP_Resumo-Poster-1.doc\">clique aqui para fazer o Download<\/a>).<\/p>\n<p><strong>Regras para confec\u00e7\u00e3o do P\u00f4ster, em caso de resumos aceitos:<\/strong><\/p>\n<p>O p\u00f4ster dever\u00e1 ser confeccionado pelos autores, apenas se o resumo expandido submetido ao <strong>VI SINGEP\u00a0<\/strong>obtiver o parecer de aceite para apresenta\u00e7\u00e3o.<\/p>\n<p><strong>Template do P\u00f4ster<\/strong>: A utiliza\u00e7\u00e3o do template \u00e9 obrigat\u00f3ria. Arquivos que forem encaminhados sem o template ser\u00e3o automaticamente desclassificados. (<a href=\"https:\/\/singep.org.br\/6\/wp-content\/uploads\/sites\/2\/2017\/06\/Template_VISingep_Poster.pptx\">clique aqui para fazer o Download do template do p\u00f4ster<\/a>).<\/p>\n<p><strong>O p\u00f4ster aceito deve ter as seguintes caracter\u00edsticas:<\/strong><\/p>\n<p>1. Tamanho do p\u00f4ster: Largura: 90cm; Altura: 120cm.<\/p>\n<p>2. O texto do p\u00f4ster deve ser leg\u00edvel a uma dist\u00e2ncia de, pelo menos, 1m. Utilize tamanho de fonte 72 como m\u00ednimo para t\u00edtulo e fonte 28 como m\u00ednimo para conte\u00fado.<\/p>\n<p>3. Cada trabalho ser\u00e1 programado para apresenta\u00e7\u00e3o em apenas um dos dias do evento.<\/p>\n<p>4. Pelo menos um dos autores do trabalho dever\u00e1 permanecer junto ao p\u00f4ster, durante todo o tempo da sess\u00e3o de apresenta\u00e7\u00e3o, para responder \u00e0s quest\u00f5es dos interessados.<\/p>\n<p>5. \u00c9 obrigat\u00f3rio que o t\u00edtulo do trabalho no p\u00f4ster seja id\u00eantico ao t\u00edtulo do trabalho submetido ao evento.<\/p>\n<p>6. \u00c9 proibida a apresenta\u00e7\u00e3o:<\/p>\n<p>&#8211; De trabalhos impressos sem caracter\u00edsticas de um p\u00f4ster;<\/p>\n<p>&#8211; Com retroprojetor, computador, microfone e outros equipamentos el\u00e9tricos;<\/p>\n<p>&#8211; Com aparelhos e instrumentos sonoros que interfiram na comunica\u00e7\u00e3o dos autores da<\/p>\n<p>sess\u00e3o;<\/p>\n<p>&#8211; De p\u00f4steres que n\u00e3o obede\u00e7am \u00e0s normas gerais de tamanho e legibilidade.<\/p>\n<p><strong>Estrutura sugerida:<\/strong><\/p>\n<p>1. No p\u00f4ster deve constar: t\u00edtulo, nomes dos autores, institui\u00e7\u00e3o dos autores, cidade\/estado, dados da pesquisa e ag\u00eancia de fomento (se houver).<\/p>\n<p>2. Utilizar o m\u00ednimo de texto e o m\u00e1ximo de figuras, fotos, tabelas, gr\u00e1ficos e esquemas poss\u00edveis.<\/p>\n<p>3. O p\u00f4ster dever\u00e1 conter informa\u00e7\u00f5es tais como: contextualiza\u00e7\u00e3o, objetivos, metodologia, resultados e an\u00e1lises, considera\u00e7\u00f5es finais e outras informa\u00e7\u00f5es pr\u00f3prias de seu trabalho.<\/p>\n<p>4. Organizar as informa\u00e7\u00f5es de modo que as ideias centrais do trabalho sejam facilmente apreendidas e utilizar todos os recursos dispon\u00edveis para o p\u00f4ster despertar o interesse do p\u00fablico.<\/p>\n","protected":false},"excerpt":{"rendered":"<p>Para a modalidade de p\u00f4ster, os interessados devem enviar um RESUMO incluindo: t\u00edtulo, contextualiza\u00e7\u00e3o, objetivos, metodologia, fundamenta\u00e7\u00e3o te\u00f3rica, resultados e an\u00e1lises, considera\u00e7\u00f5es finais, refer\u00eancias. Template para submiss\u00e3o do resumo do p\u00f4ster: A utiliza\u00e7\u00e3o do template para o resumo \u00e9 obrigat\u00f3ria. Arquivos que forem encaminhados sem o template ser\u00e3o automaticamente desclassificados.(clique aqui para fazer o Download). [&hellip;]<\/p>\n","protected":false},"author":1,"featured_media":0,"parent":32,"menu_order":0,"comment_status":"closed","ping_status":"closed","template":"","meta":{"footnotes":""},"class_list":["post-67","page","type-page","status-publish","hentry"],"_links":{"self":[{"href":"https:\/\/singep.org.br\/6\/wp-json\/wp\/v2\/pages\/67","targetHints":{"allow":["GET"]}}],"collection":[{"href":"https:\/\/singep.org.br\/6\/wp-json\/wp\/v2\/pages"}],"about":[{"href":"https:\/\/singep.org.br\/6\/wp-json\/wp\/v2\/types\/page"}],"author":[{"embeddable":true,"href":"https:\/\/singep.org.br\/6\/wp-json\/wp\/v2\/users\/1"}],"replies":[{"embeddable":true,"href":"https:\/\/singep.org.br\/6\/wp-json\/wp\/v2\/comments?post=67"}],"version-history":[{"count":0,"href":"https:\/\/singep.org.br\/6\/wp-json\/wp\/v2\/pages\/67\/revisions"}],"up":[{"embeddable":true,"href":"https:\/\/singep.org.br\/6\/wp-json\/wp\/v2\/pages\/32"}],"wp:attachment":[{"href":"https:\/\/singep.org.br\/6\/wp-json\/wp\/v2\/media?parent=67"}],"curies":[{"name":"wp","href":"https:\/\/api.w.org\/{rel}","templated":true}]}}