{"id":5318,"date":"2017-06-09T17:20:35","date_gmt":"2017-06-09T20:20:35","guid":{"rendered":"http:\/\/singep.org.br\/6\/?page_id=5318"},"modified":"2017-07-06T11:17:20","modified_gmt":"2017-07-06T14:17:20","slug":"estrategia","status":"publish","type":"page","link":"https:\/\/singep.org.br\/6\/areas\/estrategia\/","title":{"rendered":"Estrat\u00e9gia &#8211; ELBE"},"content":{"rendered":"<p>Temas:<\/p>\n<ol style=\"padding-left: 30px;\">\n<li>Estrat\u00e9gia e Empreendedorismo<\/li>\n<li>Estrat\u00e9gia e Marketing<\/li>\n<li>Estrat\u00e9gia e inova\u00e7\u00e3o<\/li>\n<li>Estrat\u00e9gia e Organiza\u00e7\u00f5es<\/li>\n<li>Estrat\u00e9gia, Lideran\u00e7a e Governan\u00e7a<\/li>\n<li>Estrat\u00e9gia e Neg\u00f3cios Internacionais no contexto Iberoamericano<\/li>\n<li>Estrat\u00e9gia corporativa e competitiva<\/li>\n<li>Ensino em estrat\u00e9gia<\/li>\n<li>Pesquisa e m\u00e9todos de pesquisa em estrat\u00e9gia<\/li>\n<li>Consultoria e pr\u00e1tica da estrat\u00e9gia<\/li>\n<\/ol>\n","protected":false},"excerpt":{"rendered":"<p>Temas: Estrat\u00e9gia e Empreendedorismo Estrat\u00e9gia e Marketing Estrat\u00e9gia e inova\u00e7\u00e3o Estrat\u00e9gia e Organiza\u00e7\u00f5es Estrat\u00e9gia, Lideran\u00e7a e Governan\u00e7a Estrat\u00e9gia e Neg\u00f3cios Internacionais no contexto Iberoamericano Estrat\u00e9gia corporativa e competitiva Ensino em estrat\u00e9gia Pesquisa e m\u00e9todos de pesquisa em estrat\u00e9gia Consultoria e pr\u00e1tica da estrat\u00e9gia<\/p>\n","protected":false},"author":1,"featured_media":0,"parent":30,"menu_order":0,"comment_status":"closed","ping_status":"closed","template":"","meta":{"footnotes":""},"class_list":["post-5318","page","type-page","status-publish","hentry"],"_links":{"self":[{"href":"https:\/\/singep.org.br\/6\/wp-json\/wp\/v2\/pages\/5318","targetHints":{"allow":["GET"]}}],"collection":[{"href":"https:\/\/singep.org.br\/6\/wp-json\/wp\/v2\/pages"}],"about":[{"href":"https:\/\/singep.org.br\/6\/wp-json\/wp\/v2\/types\/page"}],"author":[{"embeddable":true,"href":"https:\/\/singep.org.br\/6\/wp-json\/wp\/v2\/users\/1"}],"replies":[{"embeddable":true,"href":"https:\/\/singep.org.br\/6\/wp-json\/wp\/v2\/comments?post=5318"}],"version-history":[{"count":0,"href":"https:\/\/singep.org.br\/6\/wp-json\/wp\/v2\/pages\/5318\/revisions"}],"up":[{"embeddable":true,"href":"https:\/\/singep.org.br\/6\/wp-json\/wp\/v2\/pages\/30"}],"wp:attachment":[{"href":"https:\/\/singep.org.br\/6\/wp-json\/wp\/v2\/media?parent=5318"}],"curies":[{"name":"wp","href":"https:\/\/api.w.org\/{rel}","templated":true}]}}