{"id":33,"date":"2014-05-23T14:09:06","date_gmt":"2014-05-23T17:09:06","guid":{"rendered":"http:\/\/impermad.com.br\/singep\/?page_id=33"},"modified":"2017-08-28T23:51:08","modified_gmt":"2017-08-29T02:51:08","slug":"formatacao-para-artigos-cientificos","status":"publish","type":"page","link":"https:\/\/singep.org.br\/6\/regras-para-submissao\/formatacao-para-artigos-cientificos\/","title":{"rendered":"Formata\u00e7\u00e3o para Artigos Cient\u00edficos"},"content":{"rendered":"<p><strong>Template:<\/strong> A utiliza\u00e7\u00e3o do template \u00e9 obrigat\u00f3ria. Arquivos que forem encaminhados sem o template ser\u00e3o automaticamente desclassificados. (<a href=\"https:\/\/singep.org.br\/6\/wp-content\/uploads\/sites\/2\/2017\/06\/template_VISINGEP_Artigo-Cientifico-1.doc\" target=\"_blank\" rel=\"noopener\">clique aqui para fazer o Download<\/a>).<\/p>\n<p><strong>Editor de texto: <\/strong>PDF<\/p>\n<p><strong>Idioma:<\/strong> Portugu\u00eas, Ingl\u00eas ou Espanhol<\/p>\n<p><strong>Fonte do texto: <\/strong>Times New Roman, corpo 12<\/p>\n<p><strong>Espa\u00e7amento entre linhas:<\/strong> simples<\/p>\n<p><strong>Espa\u00e7amento entre caracteres: <\/strong>normal<\/p>\n<p><strong>Limite de p\u00e1ginas:<\/strong> 16 p\u00e1ginas<\/p>\n<p><strong>Tamanho do Papel:<\/strong> A4<\/p>\n<p><strong>Margens:<\/strong> Superior 3cm \/ Inferior: 2 cm \/ Esquerda: 3 cm \/ Direita 2 cm<\/p>\n<p><strong>Par\u00e1grafo:<\/strong> Texto Justificado<\/p>\n<p><strong>Pagina\u00e7\u00e3o:<\/strong> Inserir n\u00famero de p\u00e1ginas no rodap\u00e9 com alinhamento ao lado direito.<\/p>\n<p><strong>Notas: <\/strong>N\u00e3o devem ser colocadas no rodap\u00e9, mas inseridas como notas de final de texto.<\/p>\n<p><strong>Figuras e Tabelas: <\/strong>Todas as figuras e tabelas devem ter legendas e seguir as normas da APA. Sendo assim, no caso de figuras (quadros, gr\u00e1ficos, desenhos, etc.) as respectivas legendas devem ser posicionadas abaixo delas, justificadas \u00e0 esquerda, com fonte <em>Times New Roman<\/em>, tamanho 10 (dez). Nas tabelas, as legendas devem ser posicionadas acima delas, devem estar centralizadas e tamb\u00e9m terem fonte Times New Roman, tamanho 10 (dez). Um breve resumo e exemplos podem ser visualizados no site da ANPAD, <a href=\"http:\/\/www.anpad.org.br\/diversos\/apa\/apa_tabelas_figuras.pdf\" target=\"_blank\" rel=\"noopener\">clicando aqui<\/a>.<\/p>\n<p>Cita\u00e7\u00f5es e refer\u00eancias bibliogr\u00e1ficas: As cita\u00e7\u00f5es dever\u00e3o ser inseridas no corpo do texto, de acordo com o sistema (autor-data), adicionando-se o n\u00famero da p\u00e1gina quando for o caso. As refer\u00eancias bibliogr\u00e1ficas dever\u00e3o ser apresentadas em ordem alfab\u00e9tica no final do trabalho, de acordo com a norma American Psychological Association (APA). Um breve resumo e exemplos podem ser visualizados no site da ANPAD, <a href=\"http:\/\/www.anpad.org.br\/diversos\/apa\/apa_citacoes_referencias.pdf\" target=\"_blank\" rel=\"noopener\">clicando aqui<\/a>.<\/p>\n<p><strong>Observa\u00e7\u00f5es<\/strong><\/p>\n<p>Os trabalhos que n\u00e3o estejam de acordo com as caracter\u00edsticas e com os crit\u00e9rios t\u00e9cnicos exigidos pelo <strong>VI\u00a0<\/strong><strong>SINGEP<\/strong>\u00a0n\u00e3o ter\u00e3o sua submiss\u00e3o aceita.<\/p>\n<p><strong>Dever\u00e1 ser enviado 1 \u00fanico arquivo, sem identifica\u00e7\u00e3o de autores, sem institui\u00e7\u00e3o e sem e-mail. Trabalhos cuja autoria seja identificada ser\u00e3o automaticamente exclu\u00eddos do evento.<\/strong><\/p>\n<h2>MODALIDADE ARTIGO CIENT\u00cdFICO<\/h2>\n<p>O artigo cient\u00edfico deve conter no m\u00ednimo oito (8) e no m\u00e1ximo de dezesseis (16) p\u00e1ginas, incluindo resumo, ilustra\u00e7\u00f5es, refer\u00eancias e notas de final de texto.<\/p>\n<p><strong>Estrutura sugerida para o artigo cient\u00edfico:<\/strong><strong>\u00a0<\/strong><\/p>\n<p><strong>Conte\u00fado da primeira p\u00e1gina do trabalho:<\/strong><\/p>\n<ul>\n<li>T\u00edtulo do trabalho: letras mai\u00fasculas, centralizado<\/li>\n<li>Resumo: em portugu\u00eas, texto justificado, fonte Times New Roman, corpo 12, espa\u00e7amento simples (entre caracteres, palavras e linhas), no m\u00ednimo 100 e no m\u00e1ximo 200 palavras. Deve conter objetivos, metodologia, principais resultados e conclus\u00f5es em texto corrido.<\/li>\n<li>Palavras-chave: no m\u00ednimo tr\u00eas (3), no m\u00e1ximo cinco (5).<\/li>\n<li>Abstract: deve ser registrado nos mesmos par\u00e2metros do resumo em portugu\u00eas.<\/li>\n<li>Keywords: devem ser registradas nos mesmos par\u00e2metros das palavras-chave em portugu\u00eas.<\/li>\n<\/ul>\n<p><strong>Conte\u00fado da segunda p\u00e1gina do trabalho em diante (parte textual):<\/strong><\/p>\n<ul>\n<li>Introdu\u00e7\u00e3o (contendo tema, problema de pesquisa e objetivos)<\/li>\n<li>Referencial Te\u00f3rico<\/li>\n<li>Metodologia<\/li>\n<li>An\u00e1lise dos resultados<\/li>\n<li>Conclus\u00f5es\/Considera\u00e7\u00f5es finais<\/li>\n<li>Refer\u00eancias<\/li>\n<\/ul>\n<p>&nbsp;<\/p>\n","protected":false},"excerpt":{"rendered":"<p>Template: A utiliza\u00e7\u00e3o do template \u00e9 obrigat\u00f3ria. Arquivos que forem encaminhados sem o template ser\u00e3o automaticamente desclassificados. (clique aqui para fazer o Download). Editor de texto: PDF Idioma: Portugu\u00eas, Ingl\u00eas ou Espanhol Fonte do texto: Times New Roman, corpo 12 Espa\u00e7amento entre linhas: simples Espa\u00e7amento entre caracteres: normal Limite de p\u00e1ginas: 16 p\u00e1ginas Tamanho do [&hellip;]<\/p>\n","protected":false},"author":1,"featured_media":0,"parent":32,"menu_order":0,"comment_status":"closed","ping_status":"closed","template":"","meta":{"footnotes":""},"class_list":["post-33","page","type-page","status-publish","hentry"],"_links":{"self":[{"href":"https:\/\/singep.org.br\/6\/wp-json\/wp\/v2\/pages\/33","targetHints":{"allow":["GET"]}}],"collection":[{"href":"https:\/\/singep.org.br\/6\/wp-json\/wp\/v2\/pages"}],"about":[{"href":"https:\/\/singep.org.br\/6\/wp-json\/wp\/v2\/types\/page"}],"author":[{"embeddable":true,"href":"https:\/\/singep.org.br\/6\/wp-json\/wp\/v2\/users\/1"}],"replies":[{"embeddable":true,"href":"https:\/\/singep.org.br\/6\/wp-json\/wp\/v2\/comments?post=33"}],"version-history":[{"count":0,"href":"https:\/\/singep.org.br\/6\/wp-json\/wp\/v2\/pages\/33\/revisions"}],"up":[{"embeddable":true,"href":"https:\/\/singep.org.br\/6\/wp-json\/wp\/v2\/pages\/32"}],"wp:attachment":[{"href":"https:\/\/singep.org.br\/6\/wp-json\/wp\/v2\/media?parent=33"}],"curies":[{"name":"wp","href":"https:\/\/api.w.org\/{rel}","templated":true}]}}