{"id":32,"date":"2014-05-23T14:16:29","date_gmt":"2014-05-23T17:16:29","guid":{"rendered":"http:\/\/impermad.com.br\/singep\/?page_id=32"},"modified":"2017-06-14T07:19:45","modified_gmt":"2017-06-14T10:19:45","slug":"regras-para-submissao","status":"publish","type":"page","link":"https:\/\/singep.org.br\/6\/regras-para-submissao\/","title":{"rendered":"Regras para submiss\u00e3o"},"content":{"rendered":"<p>Os autores podem submeter seus trabalhos no formato de <strong>artigo cient\u00edfico<\/strong>, <strong>relato t\u00e9cnico<\/strong> ou <strong>p\u00f4ster<\/strong> para uma das quatro \u00e1reas de interesse do evento: Gest\u00e3o de Projetos, Inova\u00e7\u00e3o, Sustentabilidade ou Estrat\u00e9gia.<\/p>\n<p>Cada autor pode submeter at\u00e9 quatro trabalhos, sendo no m\u00e1ximo tr\u00eas deles do mesmo formato (por exemplo, um mesmo autor pode submeter tr\u00eas artigos cient\u00edficos e um p\u00f4ster).<\/p>\n<p>Cada trabalho s\u00f3 poder\u00e1 ter at\u00e9 4 autores.<\/p>\n<div class=\"cosmo-unorderedlist bullet\"><\/p>\n<ul>\n<li><a title=\"Modalidade Artigo Cient\u00edfico\" href=\"https:\/\/singep.org.br\/6\/regras-para-submissao\/formatacao-para-artigos-cientificos\/\">Formata\u00e7\u00e3o\u00a0Artigo Cient\u00edfico<\/a><\/li>\n<li><a title=\"Modalidade Relato T\u00e9cnico\" href=\"https:\/\/singep.org.br\/6\/regras-para-submissao\/formatacao-para-relato-tecnico\/\">Formata\u00e7\u00e3o\u00a0Relato T\u00e9cnico<\/a><\/li>\n<li><a title=\"Modalidade P\u00f4ster\" href=\"https:\/\/singep.org.br\/6\/regras-para-submissao\/formatacao-poster\/\">Formata\u00e7\u00e3o\u00a0P\u00f4ster<\/a><\/li>\n<\/ul>\n<p><\/div>\n<h3><\/h3>\n","protected":false},"excerpt":{"rendered":"<p>Os autores podem submeter seus trabalhos no formato de artigo cient\u00edfico, relato t\u00e9cnico ou p\u00f4ster para uma das quatro \u00e1reas de interesse do evento: Gest\u00e3o de Projetos, Inova\u00e7\u00e3o, Sustentabilidade ou Estrat\u00e9gia. Cada autor pode submeter at\u00e9 quatro trabalhos, sendo no m\u00e1ximo tr\u00eas deles do mesmo formato (por exemplo, um mesmo autor pode submeter tr\u00eas artigos [&hellip;]<\/p>\n","protected":false},"author":1,"featured_media":0,"parent":0,"menu_order":0,"comment_status":"closed","ping_status":"closed","template":"","meta":{"footnotes":""},"class_list":["post-32","page","type-page","status-publish","hentry"],"_links":{"self":[{"href":"https:\/\/singep.org.br\/6\/wp-json\/wp\/v2\/pages\/32","targetHints":{"allow":["GET"]}}],"collection":[{"href":"https:\/\/singep.org.br\/6\/wp-json\/wp\/v2\/pages"}],"about":[{"href":"https:\/\/singep.org.br\/6\/wp-json\/wp\/v2\/types\/page"}],"author":[{"embeddable":true,"href":"https:\/\/singep.org.br\/6\/wp-json\/wp\/v2\/users\/1"}],"replies":[{"embeddable":true,"href":"https:\/\/singep.org.br\/6\/wp-json\/wp\/v2\/comments?post=32"}],"version-history":[{"count":0,"href":"https:\/\/singep.org.br\/6\/wp-json\/wp\/v2\/pages\/32\/revisions"}],"wp:attachment":[{"href":"https:\/\/singep.org.br\/6\/wp-json\/wp\/v2\/media?parent=32"}],"curies":[{"name":"wp","href":"https:\/\/api.w.org\/{rel}","templated":true}]}}