{"id":118,"date":"2014-05-26T16:59:19","date_gmt":"2014-05-26T19:59:19","guid":{"rendered":"http:\/\/impermad.com.br\/singep\/?page_id=118"},"modified":"2014-05-26T16:59:19","modified_gmt":"2014-05-26T19:59:19","slug":"gestao-de-projetos","status":"publish","type":"page","link":"https:\/\/singep.org.br\/6\/areas\/gestao-de-projetos\/","title":{"rendered":"Gest\u00e3o de Projetos"},"content":{"rendered":"<p>Temas:<\/p>\n<ol>\n<li>Escrit\u00f3rio de Projetos, Maturidade e Organiza\u00e7\u00f5es Baseadas em Projetos<\/li>\n<li>Estrat\u00e9gia e Gest\u00e3o de Portfolio<\/li>\n<li>Metodologias de Gest\u00e3o de Projetos<\/li>\n<li>Gest\u00e3o do Conhecimento e Aprendizagem em Projetos<\/li>\n<li>\u00c1reas de Especializa\u00e7\u00e3o em Gest\u00e3o de Projetos (Escopo, Prazo, Custos, Riscos, RH, Comunica\u00e7\u00e3o, Aquisi\u00e7\u00f5es, Qualidade, Partes Interessadas e Integra\u00e7\u00e3o)<\/li>\n<li>Sustentabilidade em Projetos<\/li>\n<li>Gest\u00e3o de Projetos no Setor P\u00fablico<\/li>\n<li>TI em apoio a Gest\u00e3o de Projetos e Projetos Virtuais<\/li>\n<li>Projetos em Engenharia de Produ\u00e7\u00e3o<\/li>\n<li>T\u00f3picos especiais em Gest\u00e3o de Projetos (Este tema contempla outros importantes t\u00f3picos sobre gest\u00e3o de projetos que n\u00e3o foram apresentados nos temas anteriores).<\/li>\n<\/ol>\n","protected":false},"excerpt":{"rendered":"<p>Temas: Escrit\u00f3rio de Projetos, Maturidade e Organiza\u00e7\u00f5es Baseadas em Projetos Estrat\u00e9gia e Gest\u00e3o de Portfolio Metodologias de Gest\u00e3o de Projetos Gest\u00e3o do Conhecimento e Aprendizagem em Projetos \u00c1reas de Especializa\u00e7\u00e3o em Gest\u00e3o de Projetos (Escopo, Prazo, Custos, Riscos, RH, Comunica\u00e7\u00e3o, Aquisi\u00e7\u00f5es, Qualidade, Partes Interessadas e Integra\u00e7\u00e3o) Sustentabilidade em Projetos Gest\u00e3o de Projetos no Setor P\u00fablico [&hellip;]<\/p>\n","protected":false},"author":1,"featured_media":0,"parent":30,"menu_order":0,"comment_status":"closed","ping_status":"closed","template":"","meta":{"footnotes":""},"class_list":["post-118","page","type-page","status-publish","hentry"],"_links":{"self":[{"href":"https:\/\/singep.org.br\/6\/wp-json\/wp\/v2\/pages\/118","targetHints":{"allow":["GET"]}}],"collection":[{"href":"https:\/\/singep.org.br\/6\/wp-json\/wp\/v2\/pages"}],"about":[{"href":"https:\/\/singep.org.br\/6\/wp-json\/wp\/v2\/types\/page"}],"author":[{"embeddable":true,"href":"https:\/\/singep.org.br\/6\/wp-json\/wp\/v2\/users\/1"}],"replies":[{"embeddable":true,"href":"https:\/\/singep.org.br\/6\/wp-json\/wp\/v2\/comments?post=118"}],"version-history":[{"count":0,"href":"https:\/\/singep.org.br\/6\/wp-json\/wp\/v2\/pages\/118\/revisions"}],"up":[{"embeddable":true,"href":"https:\/\/singep.org.br\/6\/wp-json\/wp\/v2\/pages\/30"}],"wp:attachment":[{"href":"https:\/\/singep.org.br\/6\/wp-json\/wp\/v2\/media?parent=118"}],"curies":[{"name":"wp","href":"https:\/\/api.w.org\/{rel}","templated":true}]}}