{"id":102,"date":"2014-05-23T15:26:08","date_gmt":"2014-05-23T18:26:08","guid":{"rendered":"http:\/\/impermad.com.br\/singep\/?page_id=102"},"modified":"2017-08-16T22:31:33","modified_gmt":"2017-08-17T01:31:33","slug":"informacoes-uteis","status":"publish","type":"page","link":"https:\/\/singep.org.br\/6\/informacoes-uteis\/","title":{"rendered":"Informa\u00e7\u00f5es \u00dateis"},"content":{"rendered":"<h4><strong>1) Airport Bus Service<\/strong><\/h4>\n<p><a href=\"http:\/\/www.airportbusservice.com.br\/br\/linhas\">http:\/\/www.airportbusservice.com.br\/br\/linhas<\/a><\/p>\n<p>&nbsp;<\/p>\n<h4><strong>2) Hot\u00e9is pr\u00f3ximos ao evento<\/strong><\/h4>\n<p>Leque Brasil Hotel Escola<br \/>\nRua S\u00e3o Joaquim, 216 (dist\u00e2ncia: 400 metros)<br \/>\n<a href=\"http:\/\/www.lequesbrasil.com.br\/\" target=\"_blank\" rel=\"noopener\">http:\/\/www.lequesbrasil.com.br\/<\/a><\/p>\n<p>Mercure<br \/>\nRua Maestro Cardim, 407 (dist\u00e2ncia: 500 metros)<br \/>\n<a href=\"http:\/\/www.accorhotels.com\/pt\/hotel-3626-mercure-sao-paulo-central-towers-hotel\/location.shtml\" target=\"_blank\" rel=\"noopener\">http:\/\/www.accorhotels.com\/pt\/hotel-3626-mercure-sao-paulo-central-towers-hotel\/location.shtml<\/a><\/p>\n<p>Hotel Makuxis<br \/>\nRua Pedroso, 495 (dist\u00e2ncia: 600 metros)<br \/>\n<a href=\"http:\/\/hotelmakuxis.com.br\/contatos.php\" target=\"_blank\" rel=\"noopener\">http:\/\/hotelmakuxis.com.br\/contatos.php<\/a><\/p>\n<p>Nikkey Palace Hotel<br \/>\nRua Galv\u00e3o Bueno, 425 (dist\u00e2ncia: 800 metros)<br \/>\n<a href=\"http:\/\/nikkeyhotel.com.br\/\" target=\"_blank\" rel=\"noopener\">http:\/\/nikkeyhotel.com.br\/<\/a><\/p>\n<p>Hostel Vergueiro<br \/>\nRua Vergueiro, 434 (dist\u00e2ncia: 400 metros)<br \/>\n<a href=\"http:\/\/www.hostelvergueiro.com\/\" target=\"_blank\" rel=\"noopener\">http:\/\/www.hostelvergueiro.com\/<\/a><\/p>\n<p>&nbsp;<\/p>\n<p>&nbsp;<\/p>\n<h4><strong>3) Restaurantes pr\u00f3ximos \u00e0 Uninove<\/strong><\/h4>\n<p>Pra\u00e7a de Alimenta\u00e7\u00e3o Uninove<br \/>\nSubsolo do pr\u00e9dio<\/p>\n<p>Burger King<br \/>\nAv. Liberdade, 587 (750m)<\/p>\n<p>Subway<br \/>\nPra\u00e7a da Liberdade, 180 (1km)<\/p>\n<p>Habib\u00b4s<br \/>\nAv. da Liberdade, 1070 (290m)<\/p>\n<p>Franz Caf\u00e9<br \/>\nRua Tamandar\u00e9, 744 (600m)<\/p>\n<p>Jasmim Chinese<br \/>\nR. Galv\u00e3o Bueno, 700 (750m)<\/p>\n<p>Espa\u00e7o Vergueiro (Restaurante self-service. Gastronomia variada e casual em self-service com op\u00e7\u00f5es caseiras, vegetarianas, e mesas em p\u00e1tio a c\u00e9u aberto).<br \/>\nRua Vergueiro, 803 (650m)<\/p>\n<p>Sukiya (A gastronomia tradicional do Jap\u00e3o com pegada de lanchonete servida em cadeia japonesa de comida expressa).<br \/>\nRua Vergueiro, 20 (260m)<\/p>\n<p>Hinode (O restaurante oferece pratos diversos da gastronomia japonesa, em ambiente moderno, simples e acolhedor).<br \/>\nR. Thomaz Gonzaga, 62 (900m)<\/p>\n<p>Ponto Chic (Lanches, sucos, shakes e pratos diversos servidos em mesas nesta lanchonete famosa por ter criado o bauru).<br \/>\nPra\u00e7a Oswaldo Cruz (1,3Km)<\/p>\n<p>Bar e Restaurante Limoeiro<br \/>\nRua Vergueiro, 883 (750m)<\/p>\n<p>Charme da Vergueiro<br \/>\nRua Vergueiro, 54 (230m)<\/p>\n<p>Viena (Pratos seletos da cozinha brasileira e grelhados, em rede expressa com balc\u00e3o de caf\u00e9, lanches e sobremesas)<br \/>\nPr\u00e9dio AC Camargo &#8211; R. Prof. Ant\u00f4nio Prudente, 211 (280m)<\/p>\n<p>Alcachofra Restaurante (self-service)<br \/>\nRua Tamandar\u00e9, 914 (450m)<\/p>\n<p>Chaleiras Grill (Espa\u00e7o self-service informal oferece saladas e pratos quentes, al\u00e9m do churrasco).<br \/>\nR. Castro Alves, 203 (500m)<\/p>\n<p>Lanchonete e Restaurante Marangalha<br \/>\nAv. da Liberdade, 776 (600m)<\/p>\n","protected":false},"excerpt":{"rendered":"<p>1) Airport Bus Service http:\/\/www.airportbusservice.com.br\/br\/linhas &nbsp; 2) Hot\u00e9is pr\u00f3ximos ao evento Leque Brasil Hotel Escola Rua S\u00e3o Joaquim, 216 (dist\u00e2ncia: 400 metros) http:\/\/www.lequesbrasil.com.br\/ Mercure Rua Maestro Cardim, 407 (dist\u00e2ncia: 500 metros) http:\/\/www.accorhotels.com\/pt\/hotel-3626-mercure-sao-paulo-central-towers-hotel\/location.shtml Hotel Makuxis Rua Pedroso, 495 (dist\u00e2ncia: 600 metros) http:\/\/hotelmakuxis.com.br\/contatos.php Nikkey Palace Hotel Rua Galv\u00e3o Bueno, 425 (dist\u00e2ncia: 800 metros) http:\/\/nikkeyhotel.com.br\/ Hostel Vergueiro Rua [&hellip;]<\/p>\n","protected":false},"author":1,"featured_media":0,"parent":0,"menu_order":0,"comment_status":"closed","ping_status":"closed","template":"","meta":{"footnotes":""},"class_list":["post-102","page","type-page","status-publish","hentry"],"_links":{"self":[{"href":"https:\/\/singep.org.br\/6\/wp-json\/wp\/v2\/pages\/102","targetHints":{"allow":["GET"]}}],"collection":[{"href":"https:\/\/singep.org.br\/6\/wp-json\/wp\/v2\/pages"}],"about":[{"href":"https:\/\/singep.org.br\/6\/wp-json\/wp\/v2\/types\/page"}],"author":[{"embeddable":true,"href":"https:\/\/singep.org.br\/6\/wp-json\/wp\/v2\/users\/1"}],"replies":[{"embeddable":true,"href":"https:\/\/singep.org.br\/6\/wp-json\/wp\/v2\/comments?post=102"}],"version-history":[{"count":0,"href":"https:\/\/singep.org.br\/6\/wp-json\/wp\/v2\/pages\/102\/revisions"}],"wp:attachment":[{"href":"https:\/\/singep.org.br\/6\/wp-json\/wp\/v2\/media?parent=102"}],"curies":[{"name":"wp","href":"https:\/\/api.w.org\/{rel}","templated":true}]}}