{"id":8945,"date":"2014-09-22T13:09:29","date_gmt":"2014-09-22T16:09:29","guid":{"rendered":"https:\/\/singep.org.br\/?page_id=461"},"modified":"2025-09-10T10:32:10","modified_gmt":"2025-09-10T13:32:10","slug":"informacoes-importantes","status":"publish","type":"page","link":"https:\/\/singep.org.br\/14\/informacoes-importantes\/","title":{"rendered":"Informa\u00e7\u00f5es \u00dateis"},"content":{"rendered":"\n<h2 class=\"wp-block-heading\">Hot\u00e9is pr\u00f3ximos ao evento:<\/h2>\n\n\n\n<p><ul><li>Hotel Leques Brasil (500 metros de dist\u00e2ncia)<br>Endere\u00e7o: R. S\u00e3o Joaquim, 216 \u2013 Liberdade, S\u00e3o Paulo \u2013 SP, 01508-000<br>Telefone: (11) 3019-4300<br>site:\u00a0<a href=\"https:\/\/www.lequesbrasil.com.br\/\" target=\"_blank\" rel=\"noreferrer noopener\">https:\/\/www.lequesbrasil.com.br\/<\/a><\/li><\/ul><\/p>\n\n\n\n<p><ul><li>Nikkey Palace Hotel (850 metros de dist\u00e2ncia)<br>Endere\u00e7o: R. Galv\u00e3o Bueno, 425 \u2013 Liberdade, S\u00e3o Paulo \u2013 SP, 01506-000<br>Telefone: (11) 3207-8511<br>Site:\u00a0<a href=\"https:\/\/www.nikkeyhotel.com.br\/\" target=\"_blank\" rel=\"noreferrer noopener\">https:\/\/www.nikkeyhotel.com.br\/<\/a><\/li><\/ul><\/p>\n\n\n\n<p><ul><li>Mercure S\u00e3o Paulo Bela Vista (4 estrelas) 550 metros de dist\u00e2ncia<br>R. Maestro Cardim, 407 \u2013 Para\u00edso, S\u00e3o Paulo \u2013 SP, 01323-000 \u2022(11) 2853-7000<br>Site:\u00a0<a href=\"http:\/\/www.accorhotels.com\/lien_externe.svlt?goto=rech_resa&amp;destination=3626&amp;sourceid=ALUNOS&amp;dayIn=24&amp;monthIn=10&amp;yearIn=2023&amp;nightNb=1&amp;preferredCode=ALUNOS&amp;merchantid=par-accorFR\" target=\"_blank\" rel=\"noreferrer noopener\">http:\/\/www.accorhotels.com\/lien_externe.svlt?goto=rech_resa&amp;destination=3626&amp;sourceid=ALUNOS&amp;dayIn=24&amp;monthIn=10&amp;yearIn=2023&amp;nightNb=1&amp;preferredCode=ALUNOS&amp;merchantid=par-accorFR<\/a><\/li><\/ul><\/p>\n\n\n\n<ul class=\"wp-block-list\">\n<li>Radisson Hotel Paulista So Paulo (4 estrelas) (1,6 Km de dist\u00e2ncia) <br>Alameda Santos, 85 \u2013 Jardins, S\u00e3o Paulo \u2013 SP, 01419-000\u2022(11) 2627-1000<br>Site:\u00a0<a href=\"https:\/\/www.radissonhotelsamericas.com\/pt-br\/hotels\/radisson-sao-paulo-paulista\" target=\"_blank\" rel=\"noreferrer noopener\">https:\/\/www.radissonhotelsamericas.com\/pt-br\/hotels\/radisson-sao-paulo-paulista<\/a><\/li>\n<\/ul>\n\n\n\n<ul class=\"wp-block-list\">\n<li>Qoya Hotel Sao Paulo, Curio Collection by Hilton (5 estrelas) mais carinho (1,6 Km de dist\u00e2ncia)<br>Alameda Santos, 86 \u2013 Para\u00edso, S\u00e3o Paulo \u2013 SP, 01418-000\u2022(11) 5186-4900<br>Site:\u00a0<a href=\"https:\/\/www.hiltonhotels.com\/pt_BR\/brasil\/qoya-hotel-sao-paulo\/\" target=\"_blank\" rel=\"noreferrer noopener\">https:\/\/www.hiltonhotels.com\/pt_BR\/brasil\/qoya-hotel-sao-paulo\/<\/a><\/li>\n<\/ul>\n\n\n\n<h2 class=\"wp-block-heading\">Alimenta\u00e7\u00e3o<\/h2>\n\n\n\n<p>O pr\u00e9dio da UNINOVE Vergueiro possui uma pra\u00e7a de alimenta\u00e7\u00e3o no andar (-1). Al\u00e9m dessa op\u00e7\u00e3o, existem v\u00e1rios restaurantes na regi\u00e3o.<\/p>\n\n\n\n<h2 class=\"wp-block-heading\">Transporte<\/h2>\n\n\n\n<p>A UNINOVE Vergueiro fica pr\u00f3xima \u00e0 esta\u00e7\u00e3o de metr\u00f4 S\u00e3o Joaquim<\/p>\n","protected":false},"excerpt":{"rendered":"<p>Hot\u00e9is pr\u00f3ximos ao evento: Hotel Leques Brasil (500 metros de dist\u00e2ncia)Endere\u00e7o: R. S\u00e3o Joaquim, 216 \u2013 Liberdade, S\u00e3o Paulo \u2013 SP, 01508-000Telefone: (11) 3019-4300site:\u00a0https:\/\/www.lequesbrasil.com.br\/ Nikkey Palace Hotel (850 metros de dist\u00e2ncia)Endere\u00e7o: R. Galv\u00e3o Bueno, 425 \u2013 Liberdade, S\u00e3o Paulo \u2013 SP, 01506-000Telefone: (11) 3207-8511Site:\u00a0https:\/\/www.nikkeyhotel.com.br\/ Mercure&nbsp;<a href=\"https:\/\/singep.org.br\/14\/informacoes-importantes\/\">&hellip;<\/a><\/p>\n","protected":false},"author":1,"featured_media":0,"parent":0,"menu_order":0,"comment_status":"closed","ping_status":"open","template":"","meta":{"footnotes":""},"class_list":["post-8945","page","type-page","status-publish","hentry","odd"],"_links":{"self":[{"href":"https:\/\/singep.org.br\/14\/wp-json\/wp\/v2\/pages\/8945","targetHints":{"allow":["GET"]}}],"collection":[{"href":"https:\/\/singep.org.br\/14\/wp-json\/wp\/v2\/pages"}],"about":[{"href":"https:\/\/singep.org.br\/14\/wp-json\/wp\/v2\/types\/page"}],"author":[{"embeddable":true,"href":"https:\/\/singep.org.br\/14\/wp-json\/wp\/v2\/users\/1"}],"replies":[{"embeddable":true,"href":"https:\/\/singep.org.br\/14\/wp-json\/wp\/v2\/comments?post=8945"}],"version-history":[{"count":1,"href":"https:\/\/singep.org.br\/14\/wp-json\/wp\/v2\/pages\/8945\/revisions"}],"predecessor-version":[{"id":10446,"href":"https:\/\/singep.org.br\/14\/wp-json\/wp\/v2\/pages\/8945\/revisions\/10446"}],"wp:attachment":[{"href":"https:\/\/singep.org.br\/14\/wp-json\/wp\/v2\/media?parent=8945"}],"curies":[{"name":"wp","href":"https:\/\/api.w.org\/{rel}","templated":true}]}}